{"id":16300,"date":"2025-05-26T13:08:39","date_gmt":"2025-05-26T11:08:39","guid":{"rendered":"https:\/\/perfettohome.sk\/produkt\/durex-ovszer-extra-biztonsagos-3db\/"},"modified":"2025-12-14T11:12:10","modified_gmt":"2025-12-14T10:12:10","slug":"durex-ovszer-extra-biztonsagos-3db","status":"publish","type":"product","link":"https:\/\/perfettohome.sk\/hu\/produkt\/durex-ovszer-extra-biztonsagos-3db\/","title":{"rendered":"Durex \u00f3vszer &#8211; Extra safe 3db"},"content":{"rendered":"<p data-start=\"0\" data-end=\"304\">A Durex Extra Safe \u00f3vszer (3 db) extra v\u00e9delmet \u00e9s k\u00e9nyelmet ny\u00fajt. Ezek az \u00f3vszerek kiv\u00e1l\u00f3 min\u0151s\u00e9g\u0171 latexb\u0151l k\u00e9sz\u00fclnek, \u00e9s megn\u00f6velt vastags\u00e1ggal rendelkeznek, \u00edgy extra biztons\u00e1got ny\u00fajtanak an\u00e9lk\u00fcl, hogy a k\u00e9nyelem rov\u00e1s\u00e1ra menn\u00e9nek. Minden \u00f3vszer speci\u00e1lis s\u00edkos\u00edt\u00f3val van benedves\u00edtve a sima \u00e9s kellemes \u00e9lm\u00e9ny \u00e9rdek\u00e9ben.  <\/p>\n<p data-start=\"306\" data-end=\"503\" data-is-last-node=\"\" data-is-only-node=\"\"><strong data-start=\"306\" data-end=\"319\">Haszn\u00e1lat:<\/strong><br \/>\nHaszn\u00e1ljon \u00f3vszert minden szexu\u00e1lis egy\u00fcttl\u00e9t sor\u00e1n a nemi betegs\u00e9gek \u00e9s a nem tervezett terhess\u00e9g elleni v\u00e9delem \u00e9rdek\u00e9ben. A legjobb \u00e9lm\u00e9ny \u00e9rdek\u00e9ben javasoljuk az \u00f3vszer rendszeres cser\u00e9j\u00e9t. <\/p>\n","protected":false},"excerpt":{"rendered":"<p>A Durex Extra Safe \u00f3vszer (3 db) extra v\u00e9delmet \u00e9s k\u00e9nyelmet ny\u00fajt. Ezek az \u00f3vszerek kiv\u00e1l\u00f3 min\u0151s\u00e9g\u0171 latexb\u0151l k\u00e9sz\u00fclnek, \u00e9s megn\u00f6velt vastags\u00e1ggal rendelkeznek, \u00edgy extra biztons\u00e1got ny\u00fajtanak an\u00e9lk\u00fcl, hogy a k\u00e9nyelem rov\u00e1s\u00e1ra menn\u00e9nek. Minden \u00f3vszer speci\u00e1lis s\u00edkos\u00edt\u00f3val van benedves\u00edtve a sima \u00e9s kellemes \u00e9lm\u00e9ny \u00e9rdek\u00e9ben. Haszn\u00e1lat: Haszn\u00e1ljon \u00f3vszert minden szexu\u00e1lis egy\u00fcttl\u00e9t sor\u00e1n a nemi betegs\u00e9gek [&hellip;]<\/p>\n","protected":false},"featured_media":16302,"template":"","meta":[],"product_brand":[212],"product_cat":[304],"product_tag":[],"class_list":{"0":"post-16300","1":"product","2":"type-product","3":"status-publish","4":"has-post-thumbnail","6":"product_brand-durex","7":"product_cat-intim-higienia","9":"first","10":"instock","11":"taxable","12":"shipping-taxable","13":"purchasable","14":"product-type-simple"},"_links":{"self":[{"href":"https:\/\/perfettohome.sk\/hu\/wp-json\/wp\/v2\/product\/16300","targetHints":{"allow":["GET"]}}],"collection":[{"href":"https:\/\/perfettohome.sk\/hu\/wp-json\/wp\/v2\/product"}],"about":[{"href":"https:\/\/perfettohome.sk\/hu\/wp-json\/wp\/v2\/types\/product"}],"wp:featuredmedia":[{"embeddable":true,"href":"https:\/\/perfettohome.sk\/hu\/wp-json\/wp\/v2\/media\/16302"}],"wp:attachment":[{"href":"https:\/\/perfettohome.sk\/hu\/wp-json\/wp\/v2\/media?parent=16300"}],"wp:term":[{"taxonomy":"product_brand","embeddable":true,"href":"https:\/\/perfettohome.sk\/hu\/wp-json\/wp\/v2\/product_brand?post=16300"},{"taxonomy":"product_cat","embeddable":true,"href":"https:\/\/perfettohome.sk\/hu\/wp-json\/wp\/v2\/product_cat?post=16300"},{"taxonomy":"product_tag","embeddable":true,"href":"https:\/\/perfettohome.sk\/hu\/wp-json\/wp\/v2\/product_tag?post=16300"}],"curies":[{"name":"wp","href":"https:\/\/api.w.org\/{rel}","templated":true}]}}