{"id":16323,"date":"2025-04-15T15:55:50","date_gmt":"2025-04-15T13:55:50","guid":{"rendered":"https:\/\/perfettohome.sk\/produkt\/taft-hajzsele-power-5-150ml\/"},"modified":"2025-04-15T15:55:50","modified_gmt":"2025-04-15T13:55:50","slug":"taft-hajzsele-power-5-150ml","status":"publish","type":"product","link":"https:\/\/perfettohome.sk\/hu\/produkt\/taft-hajzsele-power-5-150ml\/","title":{"rendered":"Taft hajzsel\u00e9 &#8211; Power 5 150ml"},"content":{"rendered":"<p>A Taft Power Hold Hair Gel er\u0151s tart\u00e1st biztos\u00edt (5. szint) ak\u00e1r 48 \u00f3r\u00e1n kereszt\u00fcl. Nem ragad\u00f3s formul\u00e1ja nem nehez\u00edti el a hajat \u00e9s k\u00f6nnyen kimoshat\u00f3. Meg\u0151rzi a haj term\u00e9szetes f\u00e9ny\u00e9t \u00e9s rugalmass\u00e1g\u00e1t, eg\u00e9sz napos frissess\u00e9get \u00e9s vitalit\u00e1st biztos\u00edt.  <\/p>\n<p>Er\u0151s r\u00f6gz\u00edt\u00e9s: ak\u00e1r 48 \u00f3r\u00e1s frizurameger\u0151s\u00edt\u00e9s.<\/p>\n<p>An\u00e9lk\u00fcl, hogy ragadna \u00e9s elnehez\u00edten\u00e9: term\u00e9szetes megjelen\u00e9st biztos\u00edt.<\/p>\n<p>K\u00f6nnyen f\u00e9s\u00fclhet\u0151: nem hagy maradv\u00e1nyokat a hajban.<\/p>\n<p>T\u00e9rfogat: 150 ml<\/p>\n<p>&nbsp;<\/p>\n","protected":false},"excerpt":{"rendered":"<p>A Taft Power Hold Hair Gel er\u0151s tart\u00e1st biztos\u00edt (5. szint) ak\u00e1r 48 \u00f3r\u00e1n kereszt\u00fcl. Nem ragad\u00f3s formul\u00e1ja nem nehez\u00edti el a hajat \u00e9s k\u00f6nnyen kimoshat\u00f3. Meg\u0151rzi a haj term\u00e9szetes f\u00e9ny\u00e9t \u00e9s rugalmass\u00e1g\u00e1t, eg\u00e9sz napos frissess\u00e9get \u00e9s vitalit\u00e1st biztos\u00edt. Er\u0151s r\u00f6gz\u00edt\u00e9s: ak\u00e1r 48 \u00f3r\u00e1s frizurameger\u0151s\u00edt\u00e9s. An\u00e9lk\u00fcl, hogy ragadna \u00e9s elnehez\u00edten\u00e9: term\u00e9szetes megjelen\u00e9st biztos\u00edt. K\u00f6nnyen f\u00e9s\u00fclhet\u0151: [&hellip;]<\/p>\n","protected":false},"featured_media":16325,"template":"","meta":[],"product_brand":[215],"product_cat":[300],"product_tag":[],"class_list":{"0":"post-16323","1":"product","2":"type-product","3":"status-publish","4":"has-post-thumbnail","6":"product_brand-taft","7":"product_cat-hajapolas","9":"first","10":"instock","11":"taxable","12":"shipping-taxable","13":"purchasable","14":"product-type-simple"},"_links":{"self":[{"href":"https:\/\/perfettohome.sk\/hu\/wp-json\/wp\/v2\/product\/16323","targetHints":{"allow":["GET"]}}],"collection":[{"href":"https:\/\/perfettohome.sk\/hu\/wp-json\/wp\/v2\/product"}],"about":[{"href":"https:\/\/perfettohome.sk\/hu\/wp-json\/wp\/v2\/types\/product"}],"wp:featuredmedia":[{"embeddable":true,"href":"https:\/\/perfettohome.sk\/hu\/wp-json\/wp\/v2\/media\/16325"}],"wp:attachment":[{"href":"https:\/\/perfettohome.sk\/hu\/wp-json\/wp\/v2\/media?parent=16323"}],"wp:term":[{"taxonomy":"product_brand","embeddable":true,"href":"https:\/\/perfettohome.sk\/hu\/wp-json\/wp\/v2\/product_brand?post=16323"},{"taxonomy":"product_cat","embeddable":true,"href":"https:\/\/perfettohome.sk\/hu\/wp-json\/wp\/v2\/product_cat?post=16323"},{"taxonomy":"product_tag","embeddable":true,"href":"https:\/\/perfettohome.sk\/hu\/wp-json\/wp\/v2\/product_tag?post=16323"}],"curies":[{"name":"wp","href":"https:\/\/api.w.org\/{rel}","templated":true}]}}