{"id":16330,"date":"2025-06-19T11:54:40","date_gmt":"2025-06-19T09:54:40","guid":{"rendered":"https:\/\/perfettohome.sk\/produkt\/baba-szilard-szappan-jazmin-90g\/"},"modified":"2025-06-19T11:54:40","modified_gmt":"2025-06-19T09:54:40","slug":"baba-szilard-szappan-jazmin-90g","status":"publish","type":"product","link":"https:\/\/perfettohome.sk\/hu\/produkt\/baba-szilard-szappan-jazmin-90g\/","title":{"rendered":"Baba szil\u00e1rd szappan &#8211; J\u00e1zmin 90g"},"content":{"rendered":"<p data-start=\"0\" data-end=\"168\">K\u00edm\u00e9letes szil\u00e1rd szappan kellemes j\u00e1zmin illattal, amely gyeng\u00e9den tiszt\u00edtja a b\u0151rt, puh\u00e1v\u00e1 \u00e9s \u00fcd\u00e9v\u00e9 var\u00e1zsolja. Mindennapi haszn\u00e1latra alkalmas. <\/p>\n<p data-start=\"170\" data-end=\"267\" data-is-last-node=\"\" data-is-only-node=\"\"><strong data-start=\"170\" data-end=\"183\">Haszn\u00e1lat:<\/strong><br data-start=\"183\" data-end=\"186\">Nedves\u00edtse meg a szappant \u00e9s a kez\u00e9t, habos\u00edtsa fel \u00e9s vigye fel a b\u0151rre. Alaposan \u00f6bl\u00edtse le v\u00edzzel. <\/p>\n","protected":false},"excerpt":{"rendered":"<p>K\u00edm\u00e9letes szil\u00e1rd szappan kellemes j\u00e1zmin illattal, amely gyeng\u00e9den tiszt\u00edtja a b\u0151rt, puh\u00e1v\u00e1 \u00e9s \u00fcd\u00e9v\u00e9 var\u00e1zsolja. Mindennapi haszn\u00e1latra alkalmas. Haszn\u00e1lat:Nedves\u00edtse meg a szappant \u00e9s a kez\u00e9t, habos\u00edtsa fel \u00e9s vigye fel a b\u0151rre. Alaposan \u00f6bl\u00edtse le v\u00edzzel.<\/p>\n","protected":false},"featured_media":16331,"template":"","meta":[],"product_brand":[236],"product_cat":[317],"product_tag":[],"class_list":{"0":"post-16330","1":"product","2":"type-product","3":"status-publish","4":"has-post-thumbnail","6":"product_brand-baba","7":"product_cat-borapolas","9":"first","10":"instock","11":"taxable","12":"shipping-taxable","13":"purchasable","14":"product-type-simple"},"_links":{"self":[{"href":"https:\/\/perfettohome.sk\/hu\/wp-json\/wp\/v2\/product\/16330","targetHints":{"allow":["GET"]}}],"collection":[{"href":"https:\/\/perfettohome.sk\/hu\/wp-json\/wp\/v2\/product"}],"about":[{"href":"https:\/\/perfettohome.sk\/hu\/wp-json\/wp\/v2\/types\/product"}],"wp:featuredmedia":[{"embeddable":true,"href":"https:\/\/perfettohome.sk\/hu\/wp-json\/wp\/v2\/media\/16331"}],"wp:attachment":[{"href":"https:\/\/perfettohome.sk\/hu\/wp-json\/wp\/v2\/media?parent=16330"}],"wp:term":[{"taxonomy":"product_brand","embeddable":true,"href":"https:\/\/perfettohome.sk\/hu\/wp-json\/wp\/v2\/product_brand?post=16330"},{"taxonomy":"product_cat","embeddable":true,"href":"https:\/\/perfettohome.sk\/hu\/wp-json\/wp\/v2\/product_cat?post=16330"},{"taxonomy":"product_tag","embeddable":true,"href":"https:\/\/perfettohome.sk\/hu\/wp-json\/wp\/v2\/product_tag?post=16330"}],"curies":[{"name":"wp","href":"https:\/\/api.w.org\/{rel}","templated":true}]}}