{"id":16360,"date":"2025-06-09T16:23:41","date_gmt":"2025-06-09T14:23:41","guid":{"rendered":"https:\/\/perfettohome.sk\/produkt\/holly-wc-blokk-citrom-4db-4x50g\/"},"modified":"2025-06-09T16:23:41","modified_gmt":"2025-06-09T14:23:41","slug":"holly-wc-blokk-citrom-4db-4x50g","status":"publish","type":"product","link":"https:\/\/perfettohome.sk\/hu\/produkt\/holly-wc-blokk-citrom-4db-4x50g\/","title":{"rendered":"Holly WC blokk &#8211; Citrom 4db 4x50g"},"content":{"rendered":"<p data-start=\"174\" data-end=\"459\">A <strong data-start=\"204\" data-end=\"219\">Holly Lemon<\/strong> WC-blokk minden \u00f6bl\u00edt\u00e9ssel hosszan tart\u00f3 frissess\u00e9get, tisztas\u00e1got \u00e9s higi\u00e9ni\u00e1t biztos\u00edt. A praktikus n\u00e9gyes csomagnak k\u00f6sz\u00f6nhet\u0151en v\u00e9c\u00e9je hossz\u00fa ideig v\u00e9dve van a szennyez\u0151d\u00e9sekt\u0151l. A kellemes citrom illat minden haszn\u00e1lat ut\u00e1n a frissess\u00e9g \u00e9s a tisztas\u00e1g \u00e9rz\u00e9s\u00e9t adja.  <\/p>\n<p data-start=\"461\" data-end=\"630\"><strong data-start=\"461\" data-end=\"474\">Haszn\u00e1lat:<\/strong><br data-start=\"474\" data-end=\"477\">Akassza a blokkot a WC belsej\u00e9be \u00fagy, hogy \u00f6bl\u00edt\u00e9skor a v\u00edz\u00e1ramnak legyen kit\u00e9ve. A blokk fokozatosan akt\u00edv \u00f6sszetev\u0151ket bocs\u00e1t ki, amelyek tiszt\u00edtj\u00e1k \u00e9s felfriss\u00edtik a WC-t. <\/p>\n<p data-start=\"632\" data-end=\"645\"><strong data-start=\"632\" data-end=\"643\">El\u0151ny\u00f6k:<\/strong><\/p>\n<ul data-start=\"646\" data-end=\"810\">\n<li data-start=\"646\" data-end=\"698\">\n<p data-start=\"648\" data-end=\"698\">Higi\u00e9nikus tisztas\u00e1g \u00e9s v\u00edzk\u0151 elleni v\u00e9delem<\/p>\n<\/li>\n<li data-start=\"699\" data-end=\"739\">\n<p data-start=\"701\" data-end=\"739\">Kellemes \u00e9s friss <strong data-start=\"719\" data-end=\"737\">citrom illat<\/strong><\/p>\n<\/li>\n<li data-start=\"740\" data-end=\"786\">\n<p data-start=\"742\" data-end=\"786\">Hosszantart\u00f3 hat\u00e1s a 4 k\u00fcl\u00f6n\u00e1ll\u00f3 blokknak k\u00f6sz\u00f6nhet\u0151en<\/p>\n<\/li>\n<li data-start=\"787\" data-end=\"810\">\n<p data-start=\"789\" data-end=\"810\">K\u00f6nnyen haszn\u00e1lhat\u00f3<\/p>\n<\/li>\n<\/ul>\n<p data-start=\"812\" data-end=\"860\"><strong data-start=\"812\" data-end=\"824\">Csomagol\u00e1s:<\/strong> 4\u00d750 g (4 db)<br data-start=\"838\" data-end=\"841\"> Illat<strong data-start=\"841\" data-end=\"850\">:<\/strong> citrom<\/p>\n","protected":false},"excerpt":{"rendered":"<p>A Holly Lemon WC-blokk minden \u00f6bl\u00edt\u00e9ssel hosszan tart\u00f3 frissess\u00e9get, tisztas\u00e1got \u00e9s higi\u00e9ni\u00e1t biztos\u00edt. A praktikus n\u00e9gyes csomagnak k\u00f6sz\u00f6nhet\u0151en v\u00e9c\u00e9je hossz\u00fa ideig v\u00e9dve van a szennyez\u0151d\u00e9sekt\u0151l. A kellemes citrom illat minden haszn\u00e1lat ut\u00e1n a frissess\u00e9g \u00e9s a tisztas\u00e1g \u00e9rz\u00e9s\u00e9t adja. Haszn\u00e1lat:Akassza a blokkot a WC belsej\u00e9be \u00fagy, hogy \u00f6bl\u00edt\u00e9skor a v\u00edz\u00e1ramnak legyen kit\u00e9ve. A blokk fokozatosan [&hellip;]<\/p>\n","protected":false},"featured_media":15673,"template":"","meta":[],"product_brand":[240],"product_cat":[295],"product_tag":[],"class_list":{"0":"post-16360","1":"product","2":"type-product","3":"status-publish","4":"has-post-thumbnail","6":"product_brand-holly","7":"product_cat-wc-blokkok","9":"first","10":"instock","11":"sale","12":"taxable","13":"shipping-taxable","14":"purchasable","15":"product-type-simple"},"_links":{"self":[{"href":"https:\/\/perfettohome.sk\/hu\/wp-json\/wp\/v2\/product\/16360","targetHints":{"allow":["GET"]}}],"collection":[{"href":"https:\/\/perfettohome.sk\/hu\/wp-json\/wp\/v2\/product"}],"about":[{"href":"https:\/\/perfettohome.sk\/hu\/wp-json\/wp\/v2\/types\/product"}],"wp:featuredmedia":[{"embeddable":true,"href":"https:\/\/perfettohome.sk\/hu\/wp-json\/wp\/v2\/media\/15673"}],"wp:attachment":[{"href":"https:\/\/perfettohome.sk\/hu\/wp-json\/wp\/v2\/media?parent=16360"}],"wp:term":[{"taxonomy":"product_brand","embeddable":true,"href":"https:\/\/perfettohome.sk\/hu\/wp-json\/wp\/v2\/product_brand?post=16360"},{"taxonomy":"product_cat","embeddable":true,"href":"https:\/\/perfettohome.sk\/hu\/wp-json\/wp\/v2\/product_cat?post=16360"},{"taxonomy":"product_tag","embeddable":true,"href":"https:\/\/perfettohome.sk\/hu\/wp-json\/wp\/v2\/product_tag?post=16360"}],"curies":[{"name":"wp","href":"https:\/\/api.w.org\/{rel}","templated":true}]}}