{"id":16418,"date":"2025-07-07T14:53:46","date_gmt":"2025-07-07T12:53:46","guid":{"rendered":"https:\/\/perfettohome.sk\/produkt\/aquella-nedves-torlokendok-120db-aloe-vera\/"},"modified":"2025-07-07T14:53:46","modified_gmt":"2025-07-07T12:53:46","slug":"aquella-nedves-torlokendok-120db-aloe-vera","status":"publish","type":"product","link":"https:\/\/perfettohome.sk\/hu\/produkt\/aquella-nedves-torlokendok-120db-aloe-vera\/","title":{"rendered":"Aquella nedves t\u00f6rl\u0151kend\u0151k 120db Aloe Vera"},"content":{"rendered":"<p>Az AQUELLA nedves t\u00f6rl\u0151kend\u0151k aloe vera kivonattal gyeng\u00e9den tiszt\u00edtj\u00e1k \u00e9s friss\u00edtik a b\u0151rt. Az aloe vera seg\u00edt hidrat\u00e1lni \u00e9s megnyugtatni m\u00e9g az \u00e9rz\u00e9keny b\u0151rt is. Alkalmas mindennapi haszn\u00e1latra otthon, a munkahelyen vagy \u00fatk\u00f6zben.  <\/p>\n<p>A term\u00e9k el\u0151nyei:<\/p>\n<p>Aloe ver\u00e1val a gyeng\u00e9d \u00e1pol\u00e1s\u00e9rt<\/p>\n<p>Nyugtatja \u00e9s hidrat\u00e1lja a b\u0151rt<\/p>\n<p>Alkoholmentes, b\u0151rgy\u00f3gy\u00e1szatilag tesztelt<\/p>\n<p>Praktikus nagy csomag 120 db<\/p>\n<p>Haszn\u00e1lat:<br \/>\nRutinszer\u0171 k\u00e9z-, arc- vagy testhigi\u00e9ni\u00e1hoz. Haszn\u00e1lat ut\u00e1n mindig gondosan z\u00e1rja le a tart\u00e1lyt, hogy a t\u00f6rl\u0151kend\u0151k frissek \u00e9s sz\u00e1razak maradjanak. <\/p>\n<p>Csomag tartalma: 120 db<\/p>\n<p>&nbsp;<\/p>\n","protected":false},"excerpt":{"rendered":"<p>Az AQUELLA nedves t\u00f6rl\u0151kend\u0151k aloe vera kivonattal gyeng\u00e9den tiszt\u00edtj\u00e1k \u00e9s friss\u00edtik a b\u0151rt. Az aloe vera seg\u00edt hidrat\u00e1lni \u00e9s megnyugtatni m\u00e9g az \u00e9rz\u00e9keny b\u0151rt is. Alkalmas mindennapi haszn\u00e1latra otthon, a munkahelyen vagy \u00fatk\u00f6zben. A term\u00e9k el\u0151nyei: Aloe ver\u00e1val a gyeng\u00e9d \u00e1pol\u00e1s\u00e9rt Nyugtatja \u00e9s hidrat\u00e1lja a b\u0151rt Alkoholmentes, b\u0151rgy\u00f3gy\u00e1szatilag tesztelt Praktikus nagy csomag 120 db Haszn\u00e1lat: [&hellip;]<\/p>\n","protected":false},"featured_media":16419,"template":"","meta":[],"product_brand":[246],"product_cat":[324],"product_tag":[],"class_list":{"0":"post-16418","1":"product","2":"type-product","3":"status-publish","4":"has-post-thumbnail","6":"product_brand-aquella","7":"product_cat-torlokendok-zsebkendok","9":"first","10":"instock","11":"taxable","12":"shipping-taxable","13":"purchasable","14":"product-type-simple"},"_links":{"self":[{"href":"https:\/\/perfettohome.sk\/hu\/wp-json\/wp\/v2\/product\/16418","targetHints":{"allow":["GET"]}}],"collection":[{"href":"https:\/\/perfettohome.sk\/hu\/wp-json\/wp\/v2\/product"}],"about":[{"href":"https:\/\/perfettohome.sk\/hu\/wp-json\/wp\/v2\/types\/product"}],"wp:featuredmedia":[{"embeddable":true,"href":"https:\/\/perfettohome.sk\/hu\/wp-json\/wp\/v2\/media\/16419"}],"wp:attachment":[{"href":"https:\/\/perfettohome.sk\/hu\/wp-json\/wp\/v2\/media?parent=16418"}],"wp:term":[{"taxonomy":"product_brand","embeddable":true,"href":"https:\/\/perfettohome.sk\/hu\/wp-json\/wp\/v2\/product_brand?post=16418"},{"taxonomy":"product_cat","embeddable":true,"href":"https:\/\/perfettohome.sk\/hu\/wp-json\/wp\/v2\/product_cat?post=16418"},{"taxonomy":"product_tag","embeddable":true,"href":"https:\/\/perfettohome.sk\/hu\/wp-json\/wp\/v2\/product_tag?post=16418"}],"curies":[{"name":"wp","href":"https:\/\/api.w.org\/{rel}","templated":true}]}}