{"id":16445,"date":"2025-03-27T20:27:07","date_gmt":"2025-03-27T19:27:07","guid":{"rendered":"https:\/\/perfettohome.sk\/produkt\/lexy-karacsonyi-piac-5l\/"},"modified":"2025-12-13T08:38:56","modified_gmt":"2025-12-13T07:38:56","slug":"lexy-karacsonyi-piac-5l","status":"publish","type":"product","link":"https:\/\/perfettohome.sk\/hu\/produkt\/lexy-karacsonyi-piac-5l\/","title":{"rendered":"Lexy Christmas Market 5L"},"content":{"rendered":"<p>Az \u00f6bl\u00edt\u0151 Lexy &#8211; Christmas Market egy exkluz\u00edv kar\u00e1csonyi kiad\u00e1s, amely egyed\u00fcl\u00e1ll\u00f3 illat\u00e9lm\u00e9nyt ny\u00fajt! Hozd be a kar\u00e1csony illat\u00e1t otthonodba, \u00e9s \u00e9rezd a ruh\u00e1idon is. Az \u00fcnnepi id\u0151szakban a szeretetet ruh\u00e1id puha tapint\u00e1s\u00e1ban \u00e9s hosszan tart\u00f3 frissess\u00e9g\u00e9ben is \u00e9rezni fogod!<\/p>\n","protected":false},"excerpt":{"rendered":"<p>Az \u00f6bl\u00edt\u0151 Lexy &#8211; Christmas Market egy exkluz\u00edv kar\u00e1csonyi kiad\u00e1s, amely egyed\u00fcl\u00e1ll\u00f3 illat\u00e9lm\u00e9nyt ny\u00fajt! Hozd be a kar\u00e1csony illat\u00e1t otthonodba, \u00e9s \u00e9rezd a ruh\u00e1idon is. Az \u00fcnnepi id\u0151szakban a szeretetet ruh\u00e1id puha tapint\u00e1s\u00e1ban \u00e9s hosszan tart\u00f3 frissess\u00e9g\u00e9ben is \u00e9rezni fogod!<\/p>\n","protected":false},"featured_media":9733,"template":"","meta":[],"product_brand":[44],"product_cat":[290],"product_tag":[],"class_list":{"0":"post-16445","1":"product","2":"type-product","3":"status-publish","4":"has-post-thumbnail","6":"product_brand-lexy","7":"product_cat-lexy-hu","9":"first","10":"outofstock","11":"taxable","12":"shipping-taxable","13":"purchasable","14":"product-type-simple"},"_links":{"self":[{"href":"https:\/\/perfettohome.sk\/hu\/wp-json\/wp\/v2\/product\/16445","targetHints":{"allow":["GET"]}}],"collection":[{"href":"https:\/\/perfettohome.sk\/hu\/wp-json\/wp\/v2\/product"}],"about":[{"href":"https:\/\/perfettohome.sk\/hu\/wp-json\/wp\/v2\/types\/product"}],"wp:featuredmedia":[{"embeddable":true,"href":"https:\/\/perfettohome.sk\/hu\/wp-json\/wp\/v2\/media\/9733"}],"wp:attachment":[{"href":"https:\/\/perfettohome.sk\/hu\/wp-json\/wp\/v2\/media?parent=16445"}],"wp:term":[{"taxonomy":"product_brand","embeddable":true,"href":"https:\/\/perfettohome.sk\/hu\/wp-json\/wp\/v2\/product_brand?post=16445"},{"taxonomy":"product_cat","embeddable":true,"href":"https:\/\/perfettohome.sk\/hu\/wp-json\/wp\/v2\/product_cat?post=16445"},{"taxonomy":"product_tag","embeddable":true,"href":"https:\/\/perfettohome.sk\/hu\/wp-json\/wp\/v2\/product_tag?post=16445"}],"curies":[{"name":"wp","href":"https:\/\/api.w.org\/{rel}","templated":true}]}}