{"id":16469,"date":"2025-03-27T20:52:53","date_gmt":"2025-03-27T19:52:53","guid":{"rendered":"https:\/\/perfettohome.sk\/produkt\/jox-granatalma-1l\/"},"modified":"2026-03-27T08:42:45","modified_gmt":"2026-03-27T07:42:45","slug":"jox-granatalma-1l","status":"publish","type":"product","link":"https:\/\/perfettohome.sk\/hu\/produkt\/jox-granatalma-1l\/","title":{"rendered":"Jox Gran\u00e1tov\u00e9 jablko 1L"},"content":{"rendered":"<p>\u00dcdv\u00f6zl\u00fcnk minden h\u00e1ziasszony \u00e9s h\u00e1zi h\u0151st! B\u00fcszk\u00e9n mutatjuk be leg\u00fajabb term\u00e9k\u00fcnket, a JOX k\u00e9zi mosogat\u00f3szert, amely forradalmas\u00edtja a mosogat\u00e1s \u00e9lm\u00e9ny\u00e9t. A speci\u00e1lisan kifejlesztett, veg\u00e1n \u00e9s foszf\u00e1tmentes formula kiv\u00e1l\u00f3 zs\u00edrbont\u00f3 k\u00e9pess\u00e9ggel rendelkezik, amely k\u00f6nnyed\u00e9n megbirk\u00f3zik a legnehezebb szennyez\u0151d\u00e9sekkel is. K\u00edm\u00e9letes, hidrat\u00e1l\u00f3 \u00f6sszetev\u0151ket tartalmaz, amelyek meg\u0151rzik a b\u0151r term\u00e9szetes nedvess\u00e9g\u00e9t, \u00edgy keze puha \u00e9s \u00e1polt marad a mos\u00e1s ut\u00e1n is.   <\/p>\n<p>A gr\u00e1n\u00e1talma illat egyed\u00fcl\u00e1ll\u00f3an gy\u00fcm\u00f6lcs\u00f6s arom\u00e1t k\u00f6lcs\u00f6n\u00f6z, amely kiv\u00e9teless\u00e9 teszi a mosogat\u00e1st.<\/p>\n<p>Mi\u00e9rt v\u00e1lassza a JOX k\u00e9zi mosogat\u00f3szert?<\/p>\n<p>Hat\u00e9konys\u00e1g: a rendk\u00edv\u00fcl koncentr\u00e1lt formula biztos\u00edtja, hogy egyetlen csepp is el\u00e9g a hat\u00e9kony tiszt\u00edt\u00e1shoz, \u00edgy gazdas\u00e1gos haszn\u00e1latot biztos\u00edt.<br \/>\nK\u00e9nyelem: felejtse el a sz\u00e1raz \u00e9s repedezett kezeket! A JOX seg\u00edts\u00e9g\u00e9vel m\u00e9g a mosogat\u00e1s is kellemes \u00e9lm\u00e9nny\u00e9 v\u00e1lik. <\/p>\n<p>Hogyan kell haszn\u00e1lni?<\/p>\n<p>Vigyen fel egy kis mennyis\u00e9get egy nedves szivacsra vagy k\u00f6zvetlen\u00fcl az ed\u00e9nyekre.<br \/>\nHabos\u00edtsa fel \u00e9s mossa el alaposan az ed\u00e9nyeket.<br \/>\n\u00d6bl\u00edtse le b\u0151 v\u00edzzel \u00e9s \u00e9lvezze a ragyog\u00f3 tisztas\u00e1got!<\/p>\n<p>Ne k\u00f6ss\u00f6n kompromisszumot &#8211; v\u00e1lassza a JOX k\u00e9zi mosogat\u00f3szert, \u00e9s tapasztalja meg a r\u00e1n\u00e9z\u00e9sre is l\u00e1that\u00f3 k\u00fcl\u00f6nbs\u00e9get!<\/p>\n","protected":false},"excerpt":{"rendered":"<p>\u00dcdv\u00f6zl\u00fcnk minden h\u00e1ziasszony \u00e9s h\u00e1zi h\u0151st! B\u00fcszk\u00e9n mutatjuk be leg\u00fajabb term\u00e9k\u00fcnket, a JOX k\u00e9zi mosogat\u00f3szert, amely forradalmas\u00edtja a mosogat\u00e1s \u00e9lm\u00e9ny\u00e9t. A speci\u00e1lisan kifejlesztett, veg\u00e1n \u00e9s foszf\u00e1tmentes formula kiv\u00e1l\u00f3 zs\u00edrbont\u00f3 k\u00e9pess\u00e9ggel rendelkezik, amely k\u00f6nnyed\u00e9n megbirk\u00f3zik a legnehezebb szennyez\u0151d\u00e9sekkel is. K\u00edm\u00e9letes, hidrat\u00e1l\u00f3 \u00f6sszetev\u0151ket tartalmaz, amelyek meg\u0151rzik a b\u0151r term\u00e9szetes nedvess\u00e9g\u00e9t, \u00edgy keze puha \u00e9s \u00e1polt marad a [&hellip;]<\/p>\n","protected":false},"featured_media":9784,"template":"","meta":[],"product_brand":[162],"product_cat":[310],"product_tag":[],"class_list":{"0":"post-16469","1":"product","2":"type-product","3":"status-publish","4":"has-post-thumbnail","6":"product_brand-jox","7":"product_cat-mosogatogepek","9":"first","10":"instock","11":"taxable","12":"shipping-taxable","13":"purchasable","14":"product-type-simple"},"_links":{"self":[{"href":"https:\/\/perfettohome.sk\/hu\/wp-json\/wp\/v2\/product\/16469","targetHints":{"allow":["GET"]}}],"collection":[{"href":"https:\/\/perfettohome.sk\/hu\/wp-json\/wp\/v2\/product"}],"about":[{"href":"https:\/\/perfettohome.sk\/hu\/wp-json\/wp\/v2\/types\/product"}],"wp:featuredmedia":[{"embeddable":true,"href":"https:\/\/perfettohome.sk\/hu\/wp-json\/wp\/v2\/media\/9784"}],"wp:attachment":[{"href":"https:\/\/perfettohome.sk\/hu\/wp-json\/wp\/v2\/media?parent=16469"}],"wp:term":[{"taxonomy":"product_brand","embeddable":true,"href":"https:\/\/perfettohome.sk\/hu\/wp-json\/wp\/v2\/product_brand?post=16469"},{"taxonomy":"product_cat","embeddable":true,"href":"https:\/\/perfettohome.sk\/hu\/wp-json\/wp\/v2\/product_cat?post=16469"},{"taxonomy":"product_tag","embeddable":true,"href":"https:\/\/perfettohome.sk\/hu\/wp-json\/wp\/v2\/product_tag?post=16469"}],"curies":[{"name":"wp","href":"https:\/\/api.w.org\/{rel}","templated":true}]}}