{"id":16484,"date":"2025-03-27T21:09:33","date_gmt":"2025-03-27T20:09:33","guid":{"rendered":"https:\/\/perfettohome.sk\/produkt\/harmony-egeszsegugyi-betet-gentlemans-3-retegu-10x10db\/"},"modified":"2025-12-13T09:18:48","modified_gmt":"2025-12-13T08:18:48","slug":"harmony-egeszsegugyi-betet-gentlemans-3-retegu-10x10db","status":"publish","type":"product","link":"https:\/\/perfettohome.sk\/hu\/produkt\/harmony-egeszsegugyi-betet-gentlemans-3-retegu-10x10db\/","title":{"rendered":"Harmony &#8211; zsebkend\u0151 &#8211; GENTLEMANS 3 r\u00e9teg\u0171 10x10db"},"content":{"rendered":"<p>Harmony Gentleman 3 r\u00e9teg\u0171 eg\u00e9szs\u00e9g\u00fcgyi bet\u00e9t 10&#215;10 &#8211; megb\u00edzhat\u00f3 puhas\u00e1g \u00e9s \u00e1pol\u00e1s<\/p>\n<p>A Harmony 3 r\u00e9teg\u0171 zsebkend\u0151 ide\u00e1lis v\u00e1laszt\u00e1s a mindennapi higi\u00e9ni\u00e1hoz. Extra puh\u00e1k, feszesek \u00e9s gyeng\u00e9dek a b\u0151rh\u00f6z, minden haszn\u00e1lat sor\u00e1n maxim\u00e1lis k\u00e9nyelmet biztos\u00edtanak. <\/p>\n<p>A zsebkend\u0151k kiv\u00e1l\u00f3 min\u0151s\u00e9g\u0171 \u00e9s tart\u00f3s anyagb\u00f3l k\u00e9sz\u00fclnek, ami garant\u00e1lja a nagy nedvsz\u00edv\u00f3 k\u00e9pess\u00e9get \u00e9s szil\u00e1rds\u00e1got. A praktikus 10 x 10-es csomag ide\u00e1lis utaz\u00e1shoz, a k\u00e9zit\u00e1sk\u00e1ban, zsebben vagy aut\u00f3ban, \u00edgy mindig k\u00e9zn\u00e9l lesznek. <\/p>\n<p>V\u00e1lassza a Gentleman&#8217;s v\u00e1ltozatot, \u00e9s k\u00e9nyeztesse mag\u00e1t a tisztas\u00e1g \u00e9s frissess\u00e9g \u00e9rz\u00e9s\u00e9vel a nap b\u00e1rmely szak\u00e1ban!<\/p>\n","protected":false},"excerpt":{"rendered":"<p>Harmony Gentleman 3 r\u00e9teg\u0171 eg\u00e9szs\u00e9g\u00fcgyi bet\u00e9t 10&#215;10 &#8211; megb\u00edzhat\u00f3 puhas\u00e1g \u00e9s \u00e1pol\u00e1s A Harmony 3 r\u00e9teg\u0171 zsebkend\u0151 ide\u00e1lis v\u00e1laszt\u00e1s a mindennapi higi\u00e9ni\u00e1hoz. Extra puh\u00e1k, feszesek \u00e9s gyeng\u00e9dek a b\u0151rh\u00f6z, minden haszn\u00e1lat sor\u00e1n maxim\u00e1lis k\u00e9nyelmet biztos\u00edtanak. A zsebkend\u0151k kiv\u00e1l\u00f3 min\u0151s\u00e9g\u0171 \u00e9s tart\u00f3s anyagb\u00f3l k\u00e9sz\u00fclnek, ami garant\u00e1lja a nagy nedvsz\u00edv\u00f3 k\u00e9pess\u00e9get \u00e9s szil\u00e1rds\u00e1got. A praktikus 10 x [&hellip;]<\/p>\n","protected":false},"featured_media":9834,"template":"","meta":[],"product_brand":[166],"product_cat":[324],"product_tag":[],"class_list":{"0":"post-16484","1":"product","2":"type-product","3":"status-publish","4":"has-post-thumbnail","6":"product_brand-harmony","7":"product_cat-torlokendok-zsebkendok","9":"first","10":"instock","11":"taxable","12":"shipping-taxable","13":"purchasable","14":"product-type-simple"},"_links":{"self":[{"href":"https:\/\/perfettohome.sk\/hu\/wp-json\/wp\/v2\/product\/16484","targetHints":{"allow":["GET"]}}],"collection":[{"href":"https:\/\/perfettohome.sk\/hu\/wp-json\/wp\/v2\/product"}],"about":[{"href":"https:\/\/perfettohome.sk\/hu\/wp-json\/wp\/v2\/types\/product"}],"wp:featuredmedia":[{"embeddable":true,"href":"https:\/\/perfettohome.sk\/hu\/wp-json\/wp\/v2\/media\/9834"}],"wp:attachment":[{"href":"https:\/\/perfettohome.sk\/hu\/wp-json\/wp\/v2\/media?parent=16484"}],"wp:term":[{"taxonomy":"product_brand","embeddable":true,"href":"https:\/\/perfettohome.sk\/hu\/wp-json\/wp\/v2\/product_brand?post=16484"},{"taxonomy":"product_cat","embeddable":true,"href":"https:\/\/perfettohome.sk\/hu\/wp-json\/wp\/v2\/product_cat?post=16484"},{"taxonomy":"product_tag","embeddable":true,"href":"https:\/\/perfettohome.sk\/hu\/wp-json\/wp\/v2\/product_tag?post=16484"}],"curies":[{"name":"wp","href":"https:\/\/api.w.org\/{rel}","templated":true}]}}