{"id":16491,"date":"2025-03-27T21:11:11","date_gmt":"2025-03-27T20:11:11","guid":{"rendered":"https:\/\/perfettohome.sk\/produkt\/harmony-kozmetikai-torlokendok-prima-1-retegu-100db\/"},"modified":"2025-12-13T09:20:06","modified_gmt":"2025-12-13T08:20:06","slug":"harmony-kozmetikai-torlokendok-prima-1-retegu-100db","status":"publish","type":"product","link":"https:\/\/perfettohome.sk\/hu\/produkt\/harmony-kozmetikai-torlokendok-prima-1-retegu-100db\/","title":{"rendered":"Harmony &#8211; szalv\u00e9t\u00e1k- PRIMA 1 r\u00e9teg\u0171 100db"},"content":{"rendered":"<p>Harmony Prima 1 r\u00e9teg\u0171 szalv\u00e9t\u00e1k (100 db) &#8211; praktikus \u00e9s sokoldal\u00faan haszn\u00e1lhat\u00f3<\/p>\n<p>A Harmony Prima pap\u00edrszalv\u00e9t\u00e1k k\u00f6nny\u0171ek, praktikusak \u00e9s ide\u00e1lisak a mindennapi haszn\u00e1latra.<\/p>\n<p>Az 1 r\u00e9teg\u0171 anyagnak k\u00f6sz\u00f6nhet\u0151en gazdas\u00e1gosak, m\u00e9gis el\u00e9g funkcion\u00e1lisak alkalmi \u00e9tkez\u00e9sekhez, gyors k\u00e9zt\u00f6rl\u00e9shez vagy kisebb tiszt\u00edt\u00e1shoz.<\/p>\n<p>A csomag 100 darabot tartalmaz, \u00edgy hosszabb ideig tart, \u00e9s minden \u00e9tkez\u00e9sn\u00e9l gondoskodik a k\u00e9nyelemr\u0151l. Remek v\u00e1laszt\u00e1s otthonra, irod\u00e1ba vagy partira!<\/p>\n","protected":false},"excerpt":{"rendered":"<p>Harmony Prima 1 r\u00e9teg\u0171 szalv\u00e9t\u00e1k (100 db) &#8211; praktikus \u00e9s sokoldal\u00faan haszn\u00e1lhat\u00f3 A Harmony Prima pap\u00edrszalv\u00e9t\u00e1k k\u00f6nny\u0171ek, praktikusak \u00e9s ide\u00e1lisak a mindennapi haszn\u00e1latra. Az 1 r\u00e9teg\u0171 anyagnak k\u00f6sz\u00f6nhet\u0151en gazdas\u00e1gosak, m\u00e9gis el\u00e9g funkcion\u00e1lisak alkalmi \u00e9tkez\u00e9sekhez, gyors k\u00e9zt\u00f6rl\u00e9shez vagy kisebb tiszt\u00edt\u00e1shoz. A csomag 100 darabot tartalmaz, \u00edgy hosszabb ideig tart, \u00e9s minden \u00e9tkez\u00e9sn\u00e9l gondoskodik a k\u00e9nyelemr\u0151l. Remek [&hellip;]<\/p>\n","protected":false},"featured_media":9840,"template":"","meta":[],"product_brand":[166],"product_cat":[324],"product_tag":[],"class_list":{"0":"post-16491","1":"product","2":"type-product","3":"status-publish","4":"has-post-thumbnail","6":"product_brand-harmony","7":"product_cat-torlokendok-zsebkendok","9":"first","10":"instock","11":"taxable","12":"shipping-taxable","13":"purchasable","14":"product-type-simple"},"_links":{"self":[{"href":"https:\/\/perfettohome.sk\/hu\/wp-json\/wp\/v2\/product\/16491","targetHints":{"allow":["GET"]}}],"collection":[{"href":"https:\/\/perfettohome.sk\/hu\/wp-json\/wp\/v2\/product"}],"about":[{"href":"https:\/\/perfettohome.sk\/hu\/wp-json\/wp\/v2\/types\/product"}],"wp:featuredmedia":[{"embeddable":true,"href":"https:\/\/perfettohome.sk\/hu\/wp-json\/wp\/v2\/media\/9840"}],"wp:attachment":[{"href":"https:\/\/perfettohome.sk\/hu\/wp-json\/wp\/v2\/media?parent=16491"}],"wp:term":[{"taxonomy":"product_brand","embeddable":true,"href":"https:\/\/perfettohome.sk\/hu\/wp-json\/wp\/v2\/product_brand?post=16491"},{"taxonomy":"product_cat","embeddable":true,"href":"https:\/\/perfettohome.sk\/hu\/wp-json\/wp\/v2\/product_cat?post=16491"},{"taxonomy":"product_tag","embeddable":true,"href":"https:\/\/perfettohome.sk\/hu\/wp-json\/wp\/v2\/product_tag?post=16491"}],"curies":[{"name":"wp","href":"https:\/\/api.w.org\/{rel}","templated":true}]}}