{"id":16493,"date":"2025-03-27T21:04:51","date_gmt":"2025-03-27T20:04:51","guid":{"rendered":"https:\/\/perfettohome.sk\/produkt\/harmony-konyhai-torulkozo-everyday-maxi-2-retegu-715m\/"},"modified":"2025-03-27T21:04:51","modified_gmt":"2025-03-27T20:04:51","slug":"harmony-konyhai-torulkozo-everyday-maxi-2-retegu-715m","status":"publish","type":"product","link":"https:\/\/perfettohome.sk\/hu\/produkt\/harmony-konyhai-torulkozo-everyday-maxi-2-retegu-715m\/","title":{"rendered":"Harmony &#8211; konyhai t\u00f6r\u00fclk\u00f6z\u0151 &#8211; Everyday MAXI 2 r\u00e9teg\u0171 71,5m"},"content":{"rendered":"<p>Harmony Everyday Maxi konyhai t\u00f6r\u00fclk\u00f6z\u0151, 2 r\u00e9teg\u0171, 1\u00d771,5 m<\/p>\n<p>Maxim\u00e1lis hossz, maxim\u00e1lis hat\u00e9konys\u00e1g!<\/p>\n<p>A Harmony Everyday Maxi konyharuh\u00e1k extra hossz\u00fa, 71,5 m\u00e9teres tekercset k\u00edn\u00e1lnak, amely hosszabb ideig tart, \u00e9s megb\u00edzhat\u00f3 seg\u00edts\u00e9get ny\u00fajt minden takar\u00edt\u00e1sn\u00e1l.<\/p>\n<p>A 2 r\u00e9teg\u0171 szerkezetnek k\u00f6sz\u00f6nhet\u0151en k\u00f6nnyen kezelik a mindennapi szennyez\u0151d\u00e9seket, folyad\u00e9kokat vagy zs\u00edrokat. Ide\u00e1lis nagycsal\u00e1dos f\u0151z\u00e9shez, takar\u00edt\u00e1shoz vagy a kisebb h\u00e1ztart\u00e1si balesetek gyors kezel\u00e9s\u00e9hez.<\/p>\n","protected":false},"excerpt":{"rendered":"<p>Harmony Everyday Maxi konyhai t\u00f6r\u00fclk\u00f6z\u0151, 2 r\u00e9teg\u0171, 1\u00d771,5 m Maxim\u00e1lis hossz, maxim\u00e1lis hat\u00e9konys\u00e1g! A Harmony Everyday Maxi konyharuh\u00e1k extra hossz\u00fa, 71,5 m\u00e9teres tekercset k\u00edn\u00e1lnak, amely hosszabb ideig tart, \u00e9s megb\u00edzhat\u00f3 seg\u00edts\u00e9get ny\u00fajt minden takar\u00edt\u00e1sn\u00e1l. A 2 r\u00e9teg\u0171 szerkezetnek k\u00f6sz\u00f6nhet\u0151en k\u00f6nnyen kezelik a mindennapi szennyez\u0151d\u00e9seket, folyad\u00e9kokat vagy zs\u00edrokat. Ide\u00e1lis nagycsal\u00e1dos f\u0151z\u00e9shez, takar\u00edt\u00e1shoz vagy a kisebb h\u00e1ztart\u00e1si [&hellip;]<\/p>\n","protected":false},"featured_media":9819,"template":"","meta":[],"product_brand":[166],"product_cat":[324],"product_tag":[],"class_list":{"0":"post-16493","1":"product","2":"type-product","3":"status-publish","4":"has-post-thumbnail","6":"product_brand-harmony","7":"product_cat-torlokendok-zsebkendok","9":"first","10":"instock","11":"taxable","12":"shipping-taxable","13":"purchasable","14":"product-type-simple"},"_links":{"self":[{"href":"https:\/\/perfettohome.sk\/hu\/wp-json\/wp\/v2\/product\/16493","targetHints":{"allow":["GET"]}}],"collection":[{"href":"https:\/\/perfettohome.sk\/hu\/wp-json\/wp\/v2\/product"}],"about":[{"href":"https:\/\/perfettohome.sk\/hu\/wp-json\/wp\/v2\/types\/product"}],"wp:featuredmedia":[{"embeddable":true,"href":"https:\/\/perfettohome.sk\/hu\/wp-json\/wp\/v2\/media\/9819"}],"wp:attachment":[{"href":"https:\/\/perfettohome.sk\/hu\/wp-json\/wp\/v2\/media?parent=16493"}],"wp:term":[{"taxonomy":"product_brand","embeddable":true,"href":"https:\/\/perfettohome.sk\/hu\/wp-json\/wp\/v2\/product_brand?post=16493"},{"taxonomy":"product_cat","embeddable":true,"href":"https:\/\/perfettohome.sk\/hu\/wp-json\/wp\/v2\/product_cat?post=16493"},{"taxonomy":"product_tag","embeddable":true,"href":"https:\/\/perfettohome.sk\/hu\/wp-json\/wp\/v2\/product_tag?post=16493"}],"curies":[{"name":"wp","href":"https:\/\/api.w.org\/{rel}","templated":true}]}}