{"id":16494,"date":"2025-03-27T21:02:02","date_gmt":"2025-03-27T20:02:02","guid":{"rendered":"https:\/\/perfettohome.sk\/produkt\/harmony-konyhai-torulkozo-everyday-family-2-retegu-45m\/"},"modified":"2025-03-27T21:02:02","modified_gmt":"2025-03-27T20:02:02","slug":"harmony-konyhai-torulkozo-everyday-family-2-retegu-45m","status":"publish","type":"product","link":"https:\/\/perfettohome.sk\/hu\/produkt\/harmony-konyhai-torulkozo-everyday-family-2-retegu-45m\/","title":{"rendered":"Harmony &#8211; konyhai t\u00f6r\u00fclk\u00f6z\u0151 &#8211; Everyday FAMILY 2 r\u00e9teg\u0171 45m"},"content":{"rendered":"<p>Harmony Everyday Family konyhai t\u00f6r\u00fclk\u00f6z\u0151, 2 r\u00e9teg\u0171, 1\u00d745 m<\/p>\n<p>Harmony Everyday Family &#8211; t\u00f6bb r\u00e9szlet, kevesebb gond!<\/p>\n<p>Extra hossz\u00fa, extra nedvsz\u00edv\u00f3 \u00e9s er\u0151s! A Harmony Everyday Family konyharuh\u00e1k praktikus megold\u00e1st jelentenek minden h\u00e1ztart\u00e1sban. <\/p>\n<p>Az extra hossz\u00fa, 45 m\u00e9teres tekercsnek k\u00f6sz\u00f6nhet\u0151en hosszabb ideig tart, \u00edgy nem kell agg\u00f3dnia a tekercs gyakori cser\u00e9je miatt. Ide\u00e1lis a mindennapi takar\u00edt\u00e1shoz, f\u0151z\u00e9shez vagy v\u00e1ratlan balesetekhez a konyh\u00e1ban.<\/p>\n","protected":false},"excerpt":{"rendered":"<p>Harmony Everyday Family konyhai t\u00f6r\u00fclk\u00f6z\u0151, 2 r\u00e9teg\u0171, 1\u00d745 m Harmony Everyday Family &#8211; t\u00f6bb r\u00e9szlet, kevesebb gond! Extra hossz\u00fa, extra nedvsz\u00edv\u00f3 \u00e9s er\u0151s! A Harmony Everyday Family konyharuh\u00e1k praktikus megold\u00e1st jelentenek minden h\u00e1ztart\u00e1sban. Az extra hossz\u00fa, 45 m\u00e9teres tekercsnek k\u00f6sz\u00f6nhet\u0151en hosszabb ideig tart, \u00edgy nem kell agg\u00f3dnia a tekercs gyakori cser\u00e9je miatt. Ide\u00e1lis a mindennapi [&hellip;]<\/p>\n","protected":false},"featured_media":9816,"template":"","meta":[],"product_brand":[166],"product_cat":[324],"product_tag":[],"class_list":{"0":"post-16494","1":"product","2":"type-product","3":"status-publish","4":"has-post-thumbnail","6":"product_brand-harmony","7":"product_cat-torlokendok-zsebkendok","9":"first","10":"instock","11":"taxable","12":"shipping-taxable","13":"purchasable","14":"product-type-simple"},"_links":{"self":[{"href":"https:\/\/perfettohome.sk\/hu\/wp-json\/wp\/v2\/product\/16494","targetHints":{"allow":["GET"]}}],"collection":[{"href":"https:\/\/perfettohome.sk\/hu\/wp-json\/wp\/v2\/product"}],"about":[{"href":"https:\/\/perfettohome.sk\/hu\/wp-json\/wp\/v2\/types\/product"}],"wp:featuredmedia":[{"embeddable":true,"href":"https:\/\/perfettohome.sk\/hu\/wp-json\/wp\/v2\/media\/9816"}],"wp:attachment":[{"href":"https:\/\/perfettohome.sk\/hu\/wp-json\/wp\/v2\/media?parent=16494"}],"wp:term":[{"taxonomy":"product_brand","embeddable":true,"href":"https:\/\/perfettohome.sk\/hu\/wp-json\/wp\/v2\/product_brand?post=16494"},{"taxonomy":"product_cat","embeddable":true,"href":"https:\/\/perfettohome.sk\/hu\/wp-json\/wp\/v2\/product_cat?post=16494"},{"taxonomy":"product_tag","embeddable":true,"href":"https:\/\/perfettohome.sk\/hu\/wp-json\/wp\/v2\/product_tag?post=16494"}],"curies":[{"name":"wp","href":"https:\/\/api.w.org\/{rel}","templated":true}]}}