{"id":16497,"date":"2025-03-27T20:56:11","date_gmt":"2025-03-27T19:56:11","guid":{"rendered":"https:\/\/perfettohome.sk\/produkt\/harmony-wc-papir-comfort-2-retegu-8db\/"},"modified":"2025-03-27T20:56:11","modified_gmt":"2025-03-27T19:56:11","slug":"harmony-wc-papir-comfort-2-retegu-8db","status":"publish","type":"product","link":"https:\/\/perfettohome.sk\/hu\/produkt\/harmony-wc-papir-comfort-2-retegu-8db\/","title":{"rendered":"Harmony &#8211; WC-pap\u00edr &#8211; Comfort 2 r\u00e9teg\u0171 8db"},"content":{"rendered":"<p>Harmony Comfort 2 r\u00e9teg\u0171 WC-pap\u00edr, 8 db<\/p>\n<p>A Harmony Comfort WC-pap\u00edr ide\u00e1lis v\u00e1laszt\u00e1s a mindennapi higi\u00e9ni\u00e1hoz.<\/p>\n<p>K\u00e9tr\u00e9teg\u0171, puha \u00e9s kellemes tapint\u00e1s\u00fa, \u00edgy k\u00edm\u00e9letes \u00e9s k\u00e9nyelmes haszn\u00e1latot biztos\u00edt.<\/p>\n<p>Kiv\u00e1l\u00f3 nedvsz\u00edv\u00f3 k\u00e9pess\u00e9ggel \u00e9s szil\u00e1rds\u00e1ggal rendelkezik, \u00edgy minden haszn\u00e1lat sor\u00e1n megb\u00edzhat\u00f3s\u00e1got ny\u00fajt.<\/p>\n<p>A csomag 8 tekercset tartalmaz, amely hosszabb ideig tart \u00e9s k\u00e9nyelmet biztos\u00edt a f\u00fcrd\u0151szob\u00e1ban.<\/p>\n","protected":false},"excerpt":{"rendered":"<p>Harmony Comfort 2 r\u00e9teg\u0171 WC-pap\u00edr, 8 db A Harmony Comfort WC-pap\u00edr ide\u00e1lis v\u00e1laszt\u00e1s a mindennapi higi\u00e9ni\u00e1hoz. K\u00e9tr\u00e9teg\u0171, puha \u00e9s kellemes tapint\u00e1s\u00fa, \u00edgy k\u00edm\u00e9letes \u00e9s k\u00e9nyelmes haszn\u00e1latot biztos\u00edt. Kiv\u00e1l\u00f3 nedvsz\u00edv\u00f3 k\u00e9pess\u00e9ggel \u00e9s szil\u00e1rds\u00e1ggal rendelkezik, \u00edgy minden haszn\u00e1lat sor\u00e1n megb\u00edzhat\u00f3s\u00e1got ny\u00fajt. A csomag 8 tekercset tartalmaz, amely hosszabb ideig tart \u00e9s k\u00e9nyelmet biztos\u00edt a f\u00fcrd\u0151szob\u00e1ban.<\/p>\n","protected":false},"featured_media":9798,"template":"","meta":[],"product_brand":[166],"product_cat":[326],"product_tag":[],"class_list":{"0":"post-16497","1":"product","2":"type-product","3":"status-publish","4":"has-post-thumbnail","6":"product_brand-harmony","7":"product_cat-wc-papir","9":"first","10":"instock","11":"taxable","12":"shipping-taxable","13":"purchasable","14":"product-type-simple"},"_links":{"self":[{"href":"https:\/\/perfettohome.sk\/hu\/wp-json\/wp\/v2\/product\/16497","targetHints":{"allow":["GET"]}}],"collection":[{"href":"https:\/\/perfettohome.sk\/hu\/wp-json\/wp\/v2\/product"}],"about":[{"href":"https:\/\/perfettohome.sk\/hu\/wp-json\/wp\/v2\/types\/product"}],"wp:featuredmedia":[{"embeddable":true,"href":"https:\/\/perfettohome.sk\/hu\/wp-json\/wp\/v2\/media\/9798"}],"wp:attachment":[{"href":"https:\/\/perfettohome.sk\/hu\/wp-json\/wp\/v2\/media?parent=16497"}],"wp:term":[{"taxonomy":"product_brand","embeddable":true,"href":"https:\/\/perfettohome.sk\/hu\/wp-json\/wp\/v2\/product_brand?post=16497"},{"taxonomy":"product_cat","embeddable":true,"href":"https:\/\/perfettohome.sk\/hu\/wp-json\/wp\/v2\/product_cat?post=16497"},{"taxonomy":"product_tag","embeddable":true,"href":"https:\/\/perfettohome.sk\/hu\/wp-json\/wp\/v2\/product_tag?post=16497"}],"curies":[{"name":"wp","href":"https:\/\/api.w.org\/{rel}","templated":true}]}}