{"id":16501,"date":"2025-04-03T20:27:45","date_gmt":"2025-04-03T18:27:45","guid":{"rendered":"https:\/\/perfettohome.sk\/produkt\/nivea-testapolo-narancsvirag-es-avokado-olaj-400ml\/"},"modified":"2025-12-13T22:54:02","modified_gmt":"2025-12-13T21:54:02","slug":"nivea-testapolo-narancsvirag-es-avokado-olaj-400ml","status":"publish","type":"product","link":"https:\/\/perfettohome.sk\/hu\/produkt\/nivea-testapolo-narancsvirag-es-avokado-olaj-400ml\/","title":{"rendered":"Nivea test\u00e1pol\u00f3 &#8211; Orange Blossom and avocado oil 400ml"},"content":{"rendered":"<p>A Nivea Narancsvir\u00e1g \u00e9s avok\u00e1d\u00f3 test\u00e1pol\u00f3 intenz\u00edv hidrat\u00e1l\u00e1st biztos\u00edt, \u00e9s friss, \u00e9l\u00e9nk\u00edt\u0151 illatot hagy a b\u0151r\u00f6n. T\u00e1pl\u00e1l\u00f3 avok\u00e1d\u00f3olajjal gazdag\u00edtva seg\u00edt puh\u00e1n \u00e9s rugalmasan tartani a b\u0151rt, mik\u00f6zben a narancsvir\u00e1g friss\u00edt\u0151 illata k\u00e9nyezteti az \u00e9rz\u00e9keket. A k\u00f6nny\u0171 formula gyorsan felsz\u00edv\u00f3dik, \u00e9s nem hagy zs\u00edros \u00e9rzetet, \u00edgy ide\u00e1lis a mindennapi haszn\u00e1latra.  <\/p>\n<p>Intenz\u00edv hidrat\u00e1l\u00e1s \u00e9s t\u00e1pl\u00e1l\u00e1s<br \/>\nAvok\u00e1d\u00f3olaj a puha \u00e9s rugalmas b\u0151r\u00e9rt<br \/>\n\u00c9l\u00e9nk\u00edt\u0151 narancsvir\u00e1g illat<br \/>\nGyorsan felsz\u00edv\u00f3d\u00f3, nem zs\u00edros text\u00fara<br \/>\nT\u00e9rfogat: 400ml<\/p>\n","protected":false},"excerpt":{"rendered":"<p>A Nivea Narancsvir\u00e1g \u00e9s avok\u00e1d\u00f3 test\u00e1pol\u00f3 intenz\u00edv hidrat\u00e1l\u00e1st biztos\u00edt, \u00e9s friss, \u00e9l\u00e9nk\u00edt\u0151 illatot hagy a b\u0151r\u00f6n. T\u00e1pl\u00e1l\u00f3 avok\u00e1d\u00f3olajjal gazdag\u00edtva seg\u00edt puh\u00e1n \u00e9s rugalmasan tartani a b\u0151rt, mik\u00f6zben a narancsvir\u00e1g friss\u00edt\u0151 illata k\u00e9nyezteti az \u00e9rz\u00e9keket. A k\u00f6nny\u0171 formula gyorsan felsz\u00edv\u00f3dik, \u00e9s nem hagy zs\u00edros \u00e9rzetet, \u00edgy ide\u00e1lis a mindennapi haszn\u00e1latra. Intenz\u00edv hidrat\u00e1l\u00e1s \u00e9s t\u00e1pl\u00e1l\u00e1s Avok\u00e1d\u00f3olaj a [&hellip;]<\/p>\n","protected":false},"featured_media":16502,"template":"","meta":[],"product_brand":[201],"product_cat":[317],"product_tag":[],"class_list":{"0":"post-16501","1":"product","2":"type-product","3":"status-publish","4":"has-post-thumbnail","6":"product_brand-nivea","7":"product_cat-borapolas","9":"first","10":"instock","11":"taxable","12":"shipping-taxable","13":"purchasable","14":"product-type-simple"},"_links":{"self":[{"href":"https:\/\/perfettohome.sk\/hu\/wp-json\/wp\/v2\/product\/16501","targetHints":{"allow":["GET"]}}],"collection":[{"href":"https:\/\/perfettohome.sk\/hu\/wp-json\/wp\/v2\/product"}],"about":[{"href":"https:\/\/perfettohome.sk\/hu\/wp-json\/wp\/v2\/types\/product"}],"wp:featuredmedia":[{"embeddable":true,"href":"https:\/\/perfettohome.sk\/hu\/wp-json\/wp\/v2\/media\/16502"}],"wp:attachment":[{"href":"https:\/\/perfettohome.sk\/hu\/wp-json\/wp\/v2\/media?parent=16501"}],"wp:term":[{"taxonomy":"product_brand","embeddable":true,"href":"https:\/\/perfettohome.sk\/hu\/wp-json\/wp\/v2\/product_brand?post=16501"},{"taxonomy":"product_cat","embeddable":true,"href":"https:\/\/perfettohome.sk\/hu\/wp-json\/wp\/v2\/product_cat?post=16501"},{"taxonomy":"product_tag","embeddable":true,"href":"https:\/\/perfettohome.sk\/hu\/wp-json\/wp\/v2\/product_tag?post=16501"}],"curies":[{"name":"wp","href":"https:\/\/api.w.org\/{rel}","templated":true}]}}