{"id":16504,"date":"2025-04-03T20:25:50","date_gmt":"2025-04-03T18:25:50","guid":{"rendered":"https:\/\/perfettohome.sk\/produkt\/nivea-testapolo-teli-pillanatok-400ml\/"},"modified":"2025-12-13T22:52:33","modified_gmt":"2025-12-13T21:52:33","slug":"nivea-testapolo-teli-pillanatok-400ml","status":"publish","type":"product","link":"https:\/\/perfettohome.sk\/hu\/produkt\/nivea-testapolo-teli-pillanatok-400ml\/","title":{"rendered":"Nivea test\u00e1pol\u00f3 &#8211; winter moments 400ml"},"content":{"rendered":"<p>A Nivea Winter Moments test\u00e1pol\u00f3 k\u00fcl\u00f6nleges t\u00e9li \u00e1pol\u00e1st ny\u00fajt a sz\u00e1raz b\u0151r sz\u00e1m\u00e1ra. Sheavajjal d\u00fas\u00edtott, gazdag formul\u00e1ja m\u00e9lyen hidrat\u00e1l \u00e9s t\u00e1pl\u00e1l, hogy a hideg h\u00f3napokban is puha \u00e9s sima maradjon a b\u0151r. Kellemes, meleg\u00edt\u0151 illata k\u00e9nyezteti az \u00e9rz\u00e9keket, mik\u00f6zben gyorsan besz\u00edv\u00f3dik \u00e9s nem hagy zs\u00edros \u00e9rzetet.  <\/p>\n<p>Intenz\u00edv hidrat\u00e1l\u00e1s a t\u00e9li szezonra<br \/>\nShea vaj a t\u00e1pl\u00e1lt \u00e9s puha b\u0151r\u00e9rt<br \/>\nMeleg\u00edt\u0151, kellemes illat<br \/>\nGyorsan felsz\u00edv\u00f3d\u00f3, nem zs\u00edros text\u00fara<br \/>\nT\u00e9rfogat: 400ml<\/p>\n","protected":false},"excerpt":{"rendered":"<p>A Nivea Winter Moments test\u00e1pol\u00f3 k\u00fcl\u00f6nleges t\u00e9li \u00e1pol\u00e1st ny\u00fajt a sz\u00e1raz b\u0151r sz\u00e1m\u00e1ra. Sheavajjal d\u00fas\u00edtott, gazdag formul\u00e1ja m\u00e9lyen hidrat\u00e1l \u00e9s t\u00e1pl\u00e1l, hogy a hideg h\u00f3napokban is puha \u00e9s sima maradjon a b\u0151r. Kellemes, meleg\u00edt\u0151 illata k\u00e9nyezteti az \u00e9rz\u00e9keket, mik\u00f6zben gyorsan besz\u00edv\u00f3dik \u00e9s nem hagy zs\u00edros \u00e9rzetet. Intenz\u00edv hidrat\u00e1l\u00e1s a t\u00e9li szezonra Shea vaj a t\u00e1pl\u00e1lt [&hellip;]<\/p>\n","protected":false},"featured_media":16505,"template":"","meta":[],"product_brand":[201],"product_cat":[317],"product_tag":[],"class_list":{"0":"post-16504","1":"product","2":"type-product","3":"status-publish","4":"has-post-thumbnail","6":"product_brand-nivea","7":"product_cat-borapolas","9":"first","10":"instock","11":"taxable","12":"shipping-taxable","13":"purchasable","14":"product-type-simple"},"_links":{"self":[{"href":"https:\/\/perfettohome.sk\/hu\/wp-json\/wp\/v2\/product\/16504","targetHints":{"allow":["GET"]}}],"collection":[{"href":"https:\/\/perfettohome.sk\/hu\/wp-json\/wp\/v2\/product"}],"about":[{"href":"https:\/\/perfettohome.sk\/hu\/wp-json\/wp\/v2\/types\/product"}],"wp:featuredmedia":[{"embeddable":true,"href":"https:\/\/perfettohome.sk\/hu\/wp-json\/wp\/v2\/media\/16505"}],"wp:attachment":[{"href":"https:\/\/perfettohome.sk\/hu\/wp-json\/wp\/v2\/media?parent=16504"}],"wp:term":[{"taxonomy":"product_brand","embeddable":true,"href":"https:\/\/perfettohome.sk\/hu\/wp-json\/wp\/v2\/product_brand?post=16504"},{"taxonomy":"product_cat","embeddable":true,"href":"https:\/\/perfettohome.sk\/hu\/wp-json\/wp\/v2\/product_cat?post=16504"},{"taxonomy":"product_tag","embeddable":true,"href":"https:\/\/perfettohome.sk\/hu\/wp-json\/wp\/v2\/product_tag?post=16504"}],"curies":[{"name":"wp","href":"https:\/\/api.w.org\/{rel}","templated":true}]}}