{"id":16506,"date":"2025-04-09T10:12:31","date_gmt":"2025-04-09T08:12:31","guid":{"rendered":"https:\/\/perfettohome.sk\/produkt\/dove-testapolo-kenyezteto-apolas-250ml\/"},"modified":"2025-12-13T22:56:06","modified_gmt":"2025-12-13T21:56:06","slug":"dove-testapolo-kenyezteto-apolas-250ml","status":"publish","type":"product","link":"https:\/\/perfettohome.sk\/hu\/produkt\/dove-testapolo-kenyezteto-apolas-250ml\/","title":{"rendered":"Dove test\u00e1pol\u00f3 &#8211; Pampering Care 250ml"},"content":{"rendered":"<p>A Dove Shea Butter &amp; Vanilla test\u00e1pol\u00f3 intenz\u00edv hidrat\u00e1l\u00e1st biztos\u00edt, mik\u00f6zben t\u00e1pl\u00e1l\u00f3 shea vajjal \u00e9s a van\u00edlia meleg\u00edt\u0151 illat\u00e1val k\u00e9nyezteti a b\u0151rt. M\u00e9lyen t\u00e1pl\u00e1lja \u00e9s regener\u00e1lja a sz\u00e1raz b\u0151rt, puh\u00e1v\u00e1 \u00e9s rugalmass\u00e1 teszi. A k\u00f6nny\u0171, gyorsan felsz\u00edv\u00f3d\u00f3 formula nem hagy zs\u00edros r\u00e9teget, \u00edgy ide\u00e1lis a mindennapi haszn\u00e1latra.  <\/p>\n<p>Shea vajjal \u00e9s kellemes van\u00edlia illattal gazdag\u00edtva<br \/>\nM\u00e9ly hidrat\u00e1l\u00e1s a puha \u00e9s sima b\u0151r\u00e9rt<br \/>\nK\u00f6nny\u0171, gyorsan felsz\u00edv\u00f3d\u00f3 text\u00fara<br \/>\nHosszan tart\u00f3 hidrat\u00e1l\u00f3 hat\u00e1s<br \/>\nT\u00e9rfogat: 250ml<\/p>\n","protected":false},"excerpt":{"rendered":"<p>A Dove Shea Butter &amp; Vanilla test\u00e1pol\u00f3 intenz\u00edv hidrat\u00e1l\u00e1st biztos\u00edt, mik\u00f6zben t\u00e1pl\u00e1l\u00f3 shea vajjal \u00e9s a van\u00edlia meleg\u00edt\u0151 illat\u00e1val k\u00e9nyezteti a b\u0151rt. M\u00e9lyen t\u00e1pl\u00e1lja \u00e9s regener\u00e1lja a sz\u00e1raz b\u0151rt, puh\u00e1v\u00e1 \u00e9s rugalmass\u00e1 teszi. A k\u00f6nny\u0171, gyorsan felsz\u00edv\u00f3d\u00f3 formula nem hagy zs\u00edros r\u00e9teget, \u00edgy ide\u00e1lis a mindennapi haszn\u00e1latra. Shea vajjal \u00e9s kellemes van\u00edlia illattal gazdag\u00edtva M\u00e9ly [&hellip;]<\/p>\n","protected":false},"featured_media":11472,"template":"","meta":[],"product_brand":[197],"product_cat":[317],"product_tag":[],"class_list":{"0":"post-16506","1":"product","2":"type-product","3":"status-publish","4":"has-post-thumbnail","6":"product_brand-dove","7":"product_cat-borapolas","9":"first","10":"instock","11":"taxable","12":"shipping-taxable","13":"purchasable","14":"product-type-simple"},"_links":{"self":[{"href":"https:\/\/perfettohome.sk\/hu\/wp-json\/wp\/v2\/product\/16506","targetHints":{"allow":["GET"]}}],"collection":[{"href":"https:\/\/perfettohome.sk\/hu\/wp-json\/wp\/v2\/product"}],"about":[{"href":"https:\/\/perfettohome.sk\/hu\/wp-json\/wp\/v2\/types\/product"}],"wp:featuredmedia":[{"embeddable":true,"href":"https:\/\/perfettohome.sk\/hu\/wp-json\/wp\/v2\/media\/11472"}],"wp:attachment":[{"href":"https:\/\/perfettohome.sk\/hu\/wp-json\/wp\/v2\/media?parent=16506"}],"wp:term":[{"taxonomy":"product_brand","embeddable":true,"href":"https:\/\/perfettohome.sk\/hu\/wp-json\/wp\/v2\/product_brand?post=16506"},{"taxonomy":"product_cat","embeddable":true,"href":"https:\/\/perfettohome.sk\/hu\/wp-json\/wp\/v2\/product_cat?post=16506"},{"taxonomy":"product_tag","embeddable":true,"href":"https:\/\/perfettohome.sk\/hu\/wp-json\/wp\/v2\/product_tag?post=16506"}],"curies":[{"name":"wp","href":"https:\/\/api.w.org\/{rel}","templated":true}]}}