{"id":16508,"date":"2025-04-03T20:11:11","date_gmt":"2025-04-03T18:11:11","guid":{"rendered":"https:\/\/perfettohome.sk\/produkt\/nivea-kezkrem-hidratalo-kezapolo-olajbogyo-75ml\/"},"modified":"2025-12-13T22:42:37","modified_gmt":"2025-12-13T21:42:37","slug":"nivea-kezkrem-hidratalo-kezapolo-olajbogyo-75ml","status":"publish","type":"product","link":"https:\/\/perfettohome.sk\/hu\/produkt\/nivea-kezkrem-hidratalo-kezapolo-olajbogyo-75ml\/","title":{"rendered":"Nivea k\u00e9zkr\u00e9m &#8211; Moisture Care Olive Oil 75ml"},"content":{"rendered":"<p>A Nivea Moisture Care Olive Oil k\u00e9zkr\u00e9m intenz\u00edv hidrat\u00e1l\u00e1st biztos\u00edt a sz\u00e1raz \u00e9s ig\u00e9nybevett kezeknek. Ol\u00edvaolajjal gazdag\u00edtva m\u00e9lyen t\u00e1pl\u00e1lja a b\u0151rt, \u00e9s seg\u00edt helyre\u00e1ll\u00edtani annak term\u00e9szetes puhas\u00e1g\u00e1t \u00e9s rugalmass\u00e1g\u00e1t. Gyorsan felsz\u00edv\u00f3dik \u00e9s nem hagy zs\u00edros r\u00e9teget, \u00edgy ide\u00e1lis a napi haszn\u00e1latra.  <\/p>\n<p>Intenz\u00edv hidrat\u00e1l\u00e1s \u00e9s t\u00e1pl\u00e1l\u00e1s<br \/>\nOl\u00edvaolajjal gazdag\u00edtva a puha \u00e9s rugalmas b\u0151r\u00e9rt<br \/>\nGyorsan felsz\u00edv\u00f3d\u00f3, nem zs\u00edros formula<br \/>\nHosszantart\u00f3 v\u00e9delem \u00e9s \u00e1pol\u00e1s<br \/>\nT\u00e9rfogat: 75ml<\/p>\n","protected":false},"excerpt":{"rendered":"<p>A Nivea Moisture Care Olive Oil k\u00e9zkr\u00e9m intenz\u00edv hidrat\u00e1l\u00e1st biztos\u00edt a sz\u00e1raz \u00e9s ig\u00e9nybevett kezeknek. Ol\u00edvaolajjal gazdag\u00edtva m\u00e9lyen t\u00e1pl\u00e1lja a b\u0151rt, \u00e9s seg\u00edt helyre\u00e1ll\u00edtani annak term\u00e9szetes puhas\u00e1g\u00e1t \u00e9s rugalmass\u00e1g\u00e1t. Gyorsan felsz\u00edv\u00f3dik \u00e9s nem hagy zs\u00edros r\u00e9teget, \u00edgy ide\u00e1lis a napi haszn\u00e1latra. Intenz\u00edv hidrat\u00e1l\u00e1s \u00e9s t\u00e1pl\u00e1l\u00e1s Ol\u00edvaolajjal gazdag\u00edtva a puha \u00e9s rugalmas b\u0151r\u00e9rt Gyorsan felsz\u00edv\u00f3d\u00f3, nem [&hellip;]<\/p>\n","protected":false},"featured_media":15830,"template":"","meta":[],"product_brand":[201],"product_cat":[317],"product_tag":[],"class_list":{"0":"post-16508","1":"product","2":"type-product","3":"status-publish","4":"has-post-thumbnail","6":"product_brand-nivea","7":"product_cat-borapolas","9":"first","10":"instock","11":"taxable","12":"shipping-taxable","13":"purchasable","14":"product-type-simple"},"_links":{"self":[{"href":"https:\/\/perfettohome.sk\/hu\/wp-json\/wp\/v2\/product\/16508","targetHints":{"allow":["GET"]}}],"collection":[{"href":"https:\/\/perfettohome.sk\/hu\/wp-json\/wp\/v2\/product"}],"about":[{"href":"https:\/\/perfettohome.sk\/hu\/wp-json\/wp\/v2\/types\/product"}],"wp:featuredmedia":[{"embeddable":true,"href":"https:\/\/perfettohome.sk\/hu\/wp-json\/wp\/v2\/media\/15830"}],"wp:attachment":[{"href":"https:\/\/perfettohome.sk\/hu\/wp-json\/wp\/v2\/media?parent=16508"}],"wp:term":[{"taxonomy":"product_brand","embeddable":true,"href":"https:\/\/perfettohome.sk\/hu\/wp-json\/wp\/v2\/product_brand?post=16508"},{"taxonomy":"product_cat","embeddable":true,"href":"https:\/\/perfettohome.sk\/hu\/wp-json\/wp\/v2\/product_cat?post=16508"},{"taxonomy":"product_tag","embeddable":true,"href":"https:\/\/perfettohome.sk\/hu\/wp-json\/wp\/v2\/product_tag?post=16508"}],"curies":[{"name":"wp","href":"https:\/\/api.w.org\/{rel}","templated":true}]}}