{"id":16513,"date":"2025-04-03T20:17:03","date_gmt":"2025-04-03T18:17:03","guid":{"rendered":"https:\/\/perfettohome.sk\/produkt\/dove-tusfurdo-zabtej-es-juharszirup-400ml\/"},"modified":"2025-12-13T22:48:53","modified_gmt":"2025-12-13T21:48:53","slug":"dove-tusfurdo-zabtej-es-juharszirup-400ml","status":"publish","type":"product","link":"https:\/\/perfettohome.sk\/hu\/produkt\/dove-tusfurdo-zabtej-es-juharszirup-400ml\/","title":{"rendered":"Dove tusf\u00fcrd\u0151 &#8211; Oat milk and maple syrup 400ml"},"content":{"rendered":"<p>A Dove Zabtej \u00e9s juharszirup tusf\u00fcrd\u0151 kr\u00e9mes text\u00far\u00e1j\u00e1nak k\u00f6sz\u00f6nhet\u0151en gyeng\u00e9den tiszt\u00edtja \u00e9s intenz\u00edven hidrat\u00e1lja a b\u0151rt. A zabtej term\u00e9szetes nyugtat\u00f3 hat\u00e1ssal b\u00edr, a juharszirup pedig t\u00e1pl\u00e1lja \u00e9s puh\u00edtja a b\u0151rt. A gazdag habz\u00e1s \u00e9s az \u00e9des, kellemes illat luxus\u00e9lm\u00e9nny\u00e9 teszi a zuhanyoz\u00e1st.  <\/p>\n<p>Zabtejjel \u00e9s juharsziruppal gazdag\u00edtva a puha b\u0151r\u00e9rt<br \/>\nIntenz\u00edv hidrat\u00e1l\u00e1s \u00e9s gyeng\u00e9d tiszt\u00edt\u00e1s<br \/>\nKr\u00e9mes hab \u00e9s \u00e9des illat<br \/>\nHosszantart\u00f3 \u00e1pol\u00e1s<br \/>\nT\u00e9rfogat: 400ml<\/p>\n","protected":false},"excerpt":{"rendered":"<p>A Dove Zabtej \u00e9s juharszirup tusf\u00fcrd\u0151 kr\u00e9mes text\u00far\u00e1j\u00e1nak k\u00f6sz\u00f6nhet\u0151en gyeng\u00e9den tiszt\u00edtja \u00e9s intenz\u00edven hidrat\u00e1lja a b\u0151rt. A zabtej term\u00e9szetes nyugtat\u00f3 hat\u00e1ssal b\u00edr, a juharszirup pedig t\u00e1pl\u00e1lja \u00e9s puh\u00edtja a b\u0151rt. A gazdag habz\u00e1s \u00e9s az \u00e9des, kellemes illat luxus\u00e9lm\u00e9nny\u00e9 teszi a zuhanyoz\u00e1st. Zabtejjel \u00e9s juharsziruppal gazdag\u00edtva a puha b\u0151r\u00e9rt Intenz\u00edv hidrat\u00e1l\u00e1s \u00e9s gyeng\u00e9d tiszt\u00edt\u00e1s Kr\u00e9mes [&hellip;]<\/p>\n","protected":false},"featured_media":11210,"template":"","meta":[],"product_brand":[197],"product_cat":[329],"product_tag":[],"class_list":{"0":"post-16513","1":"product","2":"type-product","3":"status-publish","4":"has-post-thumbnail","6":"product_brand-dove","7":"product_cat-zuhanyzselek","9":"first","10":"instock","11":"taxable","12":"shipping-taxable","13":"purchasable","14":"product-type-simple"},"_links":{"self":[{"href":"https:\/\/perfettohome.sk\/hu\/wp-json\/wp\/v2\/product\/16513","targetHints":{"allow":["GET"]}}],"collection":[{"href":"https:\/\/perfettohome.sk\/hu\/wp-json\/wp\/v2\/product"}],"about":[{"href":"https:\/\/perfettohome.sk\/hu\/wp-json\/wp\/v2\/types\/product"}],"wp:featuredmedia":[{"embeddable":true,"href":"https:\/\/perfettohome.sk\/hu\/wp-json\/wp\/v2\/media\/11210"}],"wp:attachment":[{"href":"https:\/\/perfettohome.sk\/hu\/wp-json\/wp\/v2\/media?parent=16513"}],"wp:term":[{"taxonomy":"product_brand","embeddable":true,"href":"https:\/\/perfettohome.sk\/hu\/wp-json\/wp\/v2\/product_brand?post=16513"},{"taxonomy":"product_cat","embeddable":true,"href":"https:\/\/perfettohome.sk\/hu\/wp-json\/wp\/v2\/product_cat?post=16513"},{"taxonomy":"product_tag","embeddable":true,"href":"https:\/\/perfettohome.sk\/hu\/wp-json\/wp\/v2\/product_tag?post=16513"}],"curies":[{"name":"wp","href":"https:\/\/api.w.org\/{rel}","templated":true}]}}