{"id":16517,"date":"2025-04-03T20:12:47","date_gmt":"2025-04-03T18:12:47","guid":{"rendered":"https:\/\/perfettohome.sk\/produkt\/dove-tusfurdo-mangovaj-es-mandula-400ml\/"},"modified":"2025-12-13T22:43:45","modified_gmt":"2025-12-13T21:43:45","slug":"dove-tusfurdo-mangovaj-es-mandula-400ml","status":"publish","type":"product","link":"https:\/\/perfettohome.sk\/hu\/produkt\/dove-tusfurdo-mangovaj-es-mandula-400ml\/","title":{"rendered":"Dove tusf\u00fcrd\u0151 &#8211; Mango butter and Almond 400ml"},"content":{"rendered":"<p>A Dove mang\u00f3vajas \u00e9s mandul\u00e1s tusf\u00fcrd\u0151 gazdag, kr\u00e9mes text\u00far\u00e1j\u00e1nak k\u00f6sz\u00f6nhet\u0151en gyeng\u00e9den tiszt\u00edtja \u00e9s t\u00e1pl\u00e1lja a b\u0151rt. Mang\u00f3vajjal \u00e9s mandula kivonattal gazdag\u00edtva m\u00e9ly hidrat\u00e1l\u00e1st biztos\u00edt, \u00e9s selymesen puh\u00e1v\u00e1 var\u00e1zsolja a b\u0151rt. \u00c9des, gy\u00fcm\u00f6lcs\u00f6s illata felfriss\u00edti az \u00e9rz\u00e9keket \u00e9s luxus\u00e9lm\u00e9nyt ny\u00fajt minden zuhanyz\u00e1shoz.  <\/p>\n<p>Hidrat\u00e1l\u00f3 mang\u00f3vaj \u00e9s mandula<br \/>\nKr\u00e9mes \u00e1llag az \u00e9rz\u00e9keny b\u0151rnek<br \/>\nGy\u00fcm\u00f6lcs\u00f6s \u00e9s \u00e9des illat<br \/>\nGyeng\u00e9d tiszt\u00edt\u00e1s \u00e9s \u00e1pol\u00e1s<br \/>\nT\u00e9rfogat: 400ml<\/p>\n","protected":false},"excerpt":{"rendered":"<p>A Dove mang\u00f3vajas \u00e9s mandul\u00e1s tusf\u00fcrd\u0151 gazdag, kr\u00e9mes text\u00far\u00e1j\u00e1nak k\u00f6sz\u00f6nhet\u0151en gyeng\u00e9den tiszt\u00edtja \u00e9s t\u00e1pl\u00e1lja a b\u0151rt. Mang\u00f3vajjal \u00e9s mandula kivonattal gazdag\u00edtva m\u00e9ly hidrat\u00e1l\u00e1st biztos\u00edt, \u00e9s selymesen puh\u00e1v\u00e1 var\u00e1zsolja a b\u0151rt. \u00c9des, gy\u00fcm\u00f6lcs\u00f6s illata felfriss\u00edti az \u00e9rz\u00e9keket \u00e9s luxus\u00e9lm\u00e9nyt ny\u00fajt minden zuhanyz\u00e1shoz. Hidrat\u00e1l\u00f3 mang\u00f3vaj \u00e9s mandula Kr\u00e9mes \u00e1llag az \u00e9rz\u00e9keny b\u0151rnek Gy\u00fcm\u00f6lcs\u00f6s \u00e9s \u00e9des illat Gyeng\u00e9d [&hellip;]<\/p>\n","protected":false},"featured_media":11198,"template":"","meta":[],"product_brand":[197],"product_cat":[329],"product_tag":[],"class_list":{"0":"post-16517","1":"product","2":"type-product","3":"status-publish","4":"has-post-thumbnail","6":"product_brand-dove","7":"product_cat-zuhanyzselek","9":"first","10":"instock","11":"taxable","12":"shipping-taxable","13":"purchasable","14":"product-type-simple"},"_links":{"self":[{"href":"https:\/\/perfettohome.sk\/hu\/wp-json\/wp\/v2\/product\/16517","targetHints":{"allow":["GET"]}}],"collection":[{"href":"https:\/\/perfettohome.sk\/hu\/wp-json\/wp\/v2\/product"}],"about":[{"href":"https:\/\/perfettohome.sk\/hu\/wp-json\/wp\/v2\/types\/product"}],"wp:featuredmedia":[{"embeddable":true,"href":"https:\/\/perfettohome.sk\/hu\/wp-json\/wp\/v2\/media\/11198"}],"wp:attachment":[{"href":"https:\/\/perfettohome.sk\/hu\/wp-json\/wp\/v2\/media?parent=16517"}],"wp:term":[{"taxonomy":"product_brand","embeddable":true,"href":"https:\/\/perfettohome.sk\/hu\/wp-json\/wp\/v2\/product_brand?post=16517"},{"taxonomy":"product_cat","embeddable":true,"href":"https:\/\/perfettohome.sk\/hu\/wp-json\/wp\/v2\/product_cat?post=16517"},{"taxonomy":"product_tag","embeddable":true,"href":"https:\/\/perfettohome.sk\/hu\/wp-json\/wp\/v2\/product_tag?post=16517"}],"curies":[{"name":"wp","href":"https:\/\/api.w.org\/{rel}","templated":true}]}}