{"id":16527,"date":"2025-04-03T15:09:39","date_gmt":"2025-04-03T13:09:39","guid":{"rendered":"https:\/\/perfettohome.sk\/produkt\/dove-spray-dezodor-granatalma-es-citromos-verbena-150ml\/"},"modified":"2025-12-13T22:27:54","modified_gmt":"2025-12-13T21:27:54","slug":"dove-spray-dezodor-granatalma-es-citromos-verbena-150ml","status":"publish","type":"product","link":"https:\/\/perfettohome.sk\/hu\/produkt\/dove-spray-dezodor-granatalma-es-citromos-verbena-150ml\/","title":{"rendered":"Dove spray dezodor &#8211; Pomegranate \u00e9s lemon verb\u00e9na 150ml"},"content":{"rendered":"<p>A Dove izzad\u00e1sg\u00e1tl\u00f3 gr\u00e1n\u00e1talma \u00e9s citromverb\u00e9na illattal 48 \u00f3r\u00e1s v\u00e9delmet ny\u00fajt az izzad\u00e1s ellen, mik\u00f6zben friss, gy\u00fcm\u00f6lcs\u00f6s illattal k\u00e9nyezteti a b\u0151rt. Hidrat\u00e1l\u00f3 \u00f6sszetev\u0151ket tartalmaz, amelyek seg\u00edtenek puh\u00e1n \u00e9s sim\u00e1n tartani a h\u00f3naljb\u0151rt. Alkoholmentes, \u00edgy k\u00edm\u00e9letes a b\u0151rh\u00f6z \u00e9s mindennapos haszn\u00e1latra alkalmas.  <\/p>\n<p>48 \u00f3r\u00e1s izzad\u00e1sg\u00e1tl\u00f3 v\u00e9delem<br \/>\nHidrat\u00e1l\u00f3 \u00f6sszetev\u0151k a puha b\u0151r\u00e9rt<br \/>\nFriss \u00e9s gy\u00fcm\u00f6lcs\u00f6s illat gr\u00e1n\u00e1talm\u00e1b\u00f3l \u00e9s citromverb\u00e9n\u00e1b\u00f3l<br \/>\nAlkoholmentes<br \/>\nT\u00e9rfogat: 150ml<\/p>\n","protected":false},"excerpt":{"rendered":"<p>A Dove izzad\u00e1sg\u00e1tl\u00f3 gr\u00e1n\u00e1talma \u00e9s citromverb\u00e9na illattal 48 \u00f3r\u00e1s v\u00e9delmet ny\u00fajt az izzad\u00e1s ellen, mik\u00f6zben friss, gy\u00fcm\u00f6lcs\u00f6s illattal k\u00e9nyezteti a b\u0151rt. Hidrat\u00e1l\u00f3 \u00f6sszetev\u0151ket tartalmaz, amelyek seg\u00edtenek puh\u00e1n \u00e9s sim\u00e1n tartani a h\u00f3naljb\u0151rt. Alkoholmentes, \u00edgy k\u00edm\u00e9letes a b\u0151rh\u00f6z \u00e9s mindennapos haszn\u00e1latra alkalmas. 48 \u00f3r\u00e1s izzad\u00e1sg\u00e1tl\u00f3 v\u00e9delem Hidrat\u00e1l\u00f3 \u00f6sszetev\u0151k a puha b\u0151r\u00e9rt Friss \u00e9s gy\u00fcm\u00f6lcs\u00f6s illat gr\u00e1n\u00e1talm\u00e1b\u00f3l [&hellip;]<\/p>\n","protected":false},"featured_media":15816,"template":"","meta":[],"product_brand":[197],"product_cat":[294],"product_tag":[],"class_list":{"0":"post-16527","1":"product","2":"type-product","3":"status-publish","4":"has-post-thumbnail","6":"product_brand-dove","7":"product_cat-dezodorok","9":"first","10":"instock","11":"taxable","12":"shipping-taxable","13":"purchasable","14":"product-type-simple"},"_links":{"self":[{"href":"https:\/\/perfettohome.sk\/hu\/wp-json\/wp\/v2\/product\/16527","targetHints":{"allow":["GET"]}}],"collection":[{"href":"https:\/\/perfettohome.sk\/hu\/wp-json\/wp\/v2\/product"}],"about":[{"href":"https:\/\/perfettohome.sk\/hu\/wp-json\/wp\/v2\/types\/product"}],"wp:featuredmedia":[{"embeddable":true,"href":"https:\/\/perfettohome.sk\/hu\/wp-json\/wp\/v2\/media\/15816"}],"wp:attachment":[{"href":"https:\/\/perfettohome.sk\/hu\/wp-json\/wp\/v2\/media?parent=16527"}],"wp:term":[{"taxonomy":"product_brand","embeddable":true,"href":"https:\/\/perfettohome.sk\/hu\/wp-json\/wp\/v2\/product_brand?post=16527"},{"taxonomy":"product_cat","embeddable":true,"href":"https:\/\/perfettohome.sk\/hu\/wp-json\/wp\/v2\/product_cat?post=16527"},{"taxonomy":"product_tag","embeddable":true,"href":"https:\/\/perfettohome.sk\/hu\/wp-json\/wp\/v2\/product_tag?post=16527"}],"curies":[{"name":"wp","href":"https:\/\/api.w.org\/{rel}","templated":true}]}}