{"id":16528,"date":"2025-04-03T15:41:06","date_gmt":"2025-04-03T13:41:06","guid":{"rendered":"https:\/\/perfettohome.sk\/produkt\/dove-spray-dezodor-men-szagvedelem-150ml\/"},"modified":"2025-12-13T22:35:14","modified_gmt":"2025-12-13T21:35:14","slug":"dove-spray-dezodor-men-szagvedelem-150ml","status":"publish","type":"product","link":"https:\/\/perfettohome.sk\/hu\/produkt\/dove-spray-dezodor-men-szagvedelem-150ml\/","title":{"rendered":"Dove spray dezodor MEN &#8211; Odor Defense 150ml"},"content":{"rendered":"<p>A Dove Men+Care Odor Defense izzad\u00e1sg\u00e1tl\u00f3 48 \u00f3r\u00e1s hat\u00e9kony v\u00e9delmet ny\u00fajt az izzad\u00e1s \u00e9s a kellemetlen szagok ellen. A kifejezetten f\u00e9rfiak sz\u00e1m\u00e1ra kifejlesztett formula seg\u00edt semleges\u00edteni a testszagot, mik\u00f6zben a hidrat\u00e1l\u00f3 \u00f6sszetev\u0151k v\u00e9dik a b\u0151rt az irrit\u00e1ci\u00f3t\u00f3l. Alkoholmentes, \u00edgy mindennapos haszn\u00e1latra is alkalmas.  <\/p>\n<p>48 \u00f3r\u00e1s izzad\u00e1sg\u00e1tl\u00f3 v\u00e9delem<br \/>\nHat\u00e9konyan f\u00e9kezi a testszagot<br \/>\nHidrat\u00e1l\u00f3 \u00f6sszetev\u0151k a b\u0151rirrit\u00e1ci\u00f3 ellen<br \/>\nAlkoholmentes<br \/>\nT\u00e9rfogat: 150ml<\/p>\n","protected":false},"excerpt":{"rendered":"<p>A Dove Men+Care Odor Defense izzad\u00e1sg\u00e1tl\u00f3 48 \u00f3r\u00e1s hat\u00e9kony v\u00e9delmet ny\u00fajt az izzad\u00e1s \u00e9s a kellemetlen szagok ellen. A kifejezetten f\u00e9rfiak sz\u00e1m\u00e1ra kifejlesztett formula seg\u00edt semleges\u00edteni a testszagot, mik\u00f6zben a hidrat\u00e1l\u00f3 \u00f6sszetev\u0151k v\u00e9dik a b\u0151rt az irrit\u00e1ci\u00f3t\u00f3l. Alkoholmentes, \u00edgy mindennapos haszn\u00e1latra is alkalmas. 48 \u00f3r\u00e1s izzad\u00e1sg\u00e1tl\u00f3 v\u00e9delem Hat\u00e9konyan f\u00e9kezi a testszagot Hidrat\u00e1l\u00f3 \u00f6sszetev\u0151k a b\u0151rirrit\u00e1ci\u00f3 [&hellip;]<\/p>\n","protected":false},"featured_media":15819,"template":"","meta":[],"product_brand":[197],"product_cat":[294],"product_tag":[],"class_list":{"0":"post-16528","1":"product","2":"type-product","3":"status-publish","4":"has-post-thumbnail","6":"product_brand-dove","7":"product_cat-dezodorok","9":"first","10":"instock","11":"taxable","12":"shipping-taxable","13":"purchasable","14":"product-type-simple"},"_links":{"self":[{"href":"https:\/\/perfettohome.sk\/hu\/wp-json\/wp\/v2\/product\/16528","targetHints":{"allow":["GET"]}}],"collection":[{"href":"https:\/\/perfettohome.sk\/hu\/wp-json\/wp\/v2\/product"}],"about":[{"href":"https:\/\/perfettohome.sk\/hu\/wp-json\/wp\/v2\/types\/product"}],"wp:featuredmedia":[{"embeddable":true,"href":"https:\/\/perfettohome.sk\/hu\/wp-json\/wp\/v2\/media\/15819"}],"wp:attachment":[{"href":"https:\/\/perfettohome.sk\/hu\/wp-json\/wp\/v2\/media?parent=16528"}],"wp:term":[{"taxonomy":"product_brand","embeddable":true,"href":"https:\/\/perfettohome.sk\/hu\/wp-json\/wp\/v2\/product_brand?post=16528"},{"taxonomy":"product_cat","embeddable":true,"href":"https:\/\/perfettohome.sk\/hu\/wp-json\/wp\/v2\/product_cat?post=16528"},{"taxonomy":"product_tag","embeddable":true,"href":"https:\/\/perfettohome.sk\/hu\/wp-json\/wp\/v2\/product_tag?post=16528"}],"curies":[{"name":"wp","href":"https:\/\/api.w.org\/{rel}","templated":true}]}}