{"id":16529,"date":"2025-04-03T15:08:20","date_gmt":"2025-04-03T13:08:20","guid":{"rendered":"https:\/\/perfettohome.sk\/produkt\/dove-spray-dezodor-nyari-apolo-150ml\/"},"modified":"2025-12-13T22:26:24","modified_gmt":"2025-12-13T21:26:24","slug":"dove-spray-dezodor-nyari-apolo-150ml","status":"publish","type":"product","link":"https:\/\/perfettohome.sk\/hu\/produkt\/dove-spray-dezodor-nyari-apolo-150ml\/","title":{"rendered":"Dove spray dezodor &#8211; Summer Care 150ml"},"content":{"rendered":"<p>A Dove Summer Care izzad\u00e1sg\u00e1tl\u00f3 hosszantart\u00f3 v\u00e9delmet ny\u00fajt az izzad\u00e1s ellen, mik\u00f6zben friss ny\u00e1ri illattal k\u00e9nyezteti a b\u0151rt. A gyeng\u00e9d formula hidrat\u00e1l\u00f3 \u00f6sszetev\u0151ket tartalmaz, amelyek seg\u00edtenek eg\u00e9sz nap puh\u00e1n \u00e9s frissen tartani a b\u0151rt. Alkoholmentes, \u00edgy k\u00edm\u00e9letes a b\u0151rh\u00f6z.  <\/p>\n<p>48 \u00f3r\u00e1s izzad\u00e1sg\u00e1tl\u00f3 v\u00e9delem<br \/>\nHidrat\u00e1l\u00f3 \u00f6sszetev\u0151k a puha b\u0151r\u00e9rt<br \/>\nFriss ny\u00e1ri illat<br \/>\nAlkoholmentes<br \/>\nT\u00e9rfogat: 150ml<\/p>\n","protected":false},"excerpt":{"rendered":"<p>A Dove Summer Care izzad\u00e1sg\u00e1tl\u00f3 hosszantart\u00f3 v\u00e9delmet ny\u00fajt az izzad\u00e1s ellen, mik\u00f6zben friss ny\u00e1ri illattal k\u00e9nyezteti a b\u0151rt. A gyeng\u00e9d formula hidrat\u00e1l\u00f3 \u00f6sszetev\u0151ket tartalmaz, amelyek seg\u00edtenek eg\u00e9sz nap puh\u00e1n \u00e9s frissen tartani a b\u0151rt. Alkoholmentes, \u00edgy k\u00edm\u00e9letes a b\u0151rh\u00f6z. 48 \u00f3r\u00e1s izzad\u00e1sg\u00e1tl\u00f3 v\u00e9delem Hidrat\u00e1l\u00f3 \u00f6sszetev\u0151k a puha b\u0151r\u00e9rt Friss ny\u00e1ri illat Alkoholmentes T\u00e9rfogat: 150ml<\/p>\n","protected":false},"featured_media":15815,"template":"","meta":[],"product_brand":[197],"product_cat":[294],"product_tag":[],"class_list":{"0":"post-16529","1":"product","2":"type-product","3":"status-publish","4":"has-post-thumbnail","6":"product_brand-dove","7":"product_cat-dezodorok","9":"first","10":"instock","11":"taxable","12":"shipping-taxable","13":"purchasable","14":"product-type-simple"},"_links":{"self":[{"href":"https:\/\/perfettohome.sk\/hu\/wp-json\/wp\/v2\/product\/16529","targetHints":{"allow":["GET"]}}],"collection":[{"href":"https:\/\/perfettohome.sk\/hu\/wp-json\/wp\/v2\/product"}],"about":[{"href":"https:\/\/perfettohome.sk\/hu\/wp-json\/wp\/v2\/types\/product"}],"wp:featuredmedia":[{"embeddable":true,"href":"https:\/\/perfettohome.sk\/hu\/wp-json\/wp\/v2\/media\/15815"}],"wp:attachment":[{"href":"https:\/\/perfettohome.sk\/hu\/wp-json\/wp\/v2\/media?parent=16529"}],"wp:term":[{"taxonomy":"product_brand","embeddable":true,"href":"https:\/\/perfettohome.sk\/hu\/wp-json\/wp\/v2\/product_brand?post=16529"},{"taxonomy":"product_cat","embeddable":true,"href":"https:\/\/perfettohome.sk\/hu\/wp-json\/wp\/v2\/product_cat?post=16529"},{"taxonomy":"product_tag","embeddable":true,"href":"https:\/\/perfettohome.sk\/hu\/wp-json\/wp\/v2\/product_tag?post=16529"}],"curies":[{"name":"wp","href":"https:\/\/api.w.org\/{rel}","templated":true}]}}