{"id":16536,"date":"2025-04-03T14:32:59","date_gmt":"2025-04-03T12:32:59","guid":{"rendered":"https:\/\/perfettohome.sk\/produkt\/schauma-sampon-ero-es-vitalitas-400ml\/"},"modified":"2025-12-13T22:15:43","modified_gmt":"2025-12-13T21:15:43","slug":"schauma-sampon-ero-es-vitalitas-400ml","status":"publish","type":"product","link":"https:\/\/perfettohome.sk\/hu\/produkt\/schauma-sampon-ero-es-vitalitas-400ml\/","title":{"rendered":"Schauma sampon &#8211; Strenght and Vitality 400ml"},"content":{"rendered":"<p>A Schauma Er\u0151 \u00e9s Vitalit\u00e1s sampon intenz\u00edv t\u00e1pl\u00e1l\u00e1st \u00e9s v\u00e9delmet biztos\u00edt haj\u00e1nak. A biotin \u00e9s a keratin kombin\u00e1ci\u00f3ja er\u0151sebb\u00e9 \u00e9s ellen\u00e1ll\u00f3bb\u00e1 teszi a hajat. Seg\u00edt meger\u0151s\u00edteni a hajat \u00e9s term\u00e9szetes f\u00e9nyt k\u00f6lcs\u00f6n\u00f6z neki.  <\/p>\n<p>Biotinnal \u00e9s keratinnal<br \/>\nEr\u0151s\u00edti a hajsz\u00e1lakat<br \/>\nT\u00e1pl\u00e1lja \u00e9s revitaliz\u00e1lja a hajat<br \/>\nT\u00e9rfogat: 400ml<\/p>\n","protected":false},"excerpt":{"rendered":"<p>A Schauma Er\u0151 \u00e9s Vitalit\u00e1s sampon intenz\u00edv t\u00e1pl\u00e1l\u00e1st \u00e9s v\u00e9delmet biztos\u00edt haj\u00e1nak. A biotin \u00e9s a keratin kombin\u00e1ci\u00f3ja er\u0151sebb\u00e9 \u00e9s ellen\u00e1ll\u00f3bb\u00e1 teszi a hajat. Seg\u00edt meger\u0151s\u00edteni a hajat \u00e9s term\u00e9szetes f\u00e9nyt k\u00f6lcs\u00f6n\u00f6z neki. Biotinnal \u00e9s keratinnal Er\u0151s\u00edti a hajsz\u00e1lakat T\u00e1pl\u00e1lja \u00e9s revitaliz\u00e1lja a hajat T\u00e9rfogat: 400ml<\/p>\n","protected":false},"featured_media":11055,"template":"","meta":[],"product_brand":[193],"product_cat":[300],"product_tag":[],"class_list":{"0":"post-16536","1":"product","2":"type-product","3":"status-publish","4":"has-post-thumbnail","6":"product_brand-schauma","7":"product_cat-hajapolas","9":"first","10":"instock","11":"taxable","12":"shipping-taxable","13":"purchasable","14":"product-type-simple"},"_links":{"self":[{"href":"https:\/\/perfettohome.sk\/hu\/wp-json\/wp\/v2\/product\/16536","targetHints":{"allow":["GET"]}}],"collection":[{"href":"https:\/\/perfettohome.sk\/hu\/wp-json\/wp\/v2\/product"}],"about":[{"href":"https:\/\/perfettohome.sk\/hu\/wp-json\/wp\/v2\/types\/product"}],"wp:featuredmedia":[{"embeddable":true,"href":"https:\/\/perfettohome.sk\/hu\/wp-json\/wp\/v2\/media\/11055"}],"wp:attachment":[{"href":"https:\/\/perfettohome.sk\/hu\/wp-json\/wp\/v2\/media?parent=16536"}],"wp:term":[{"taxonomy":"product_brand","embeddable":true,"href":"https:\/\/perfettohome.sk\/hu\/wp-json\/wp\/v2\/product_brand?post=16536"},{"taxonomy":"product_cat","embeddable":true,"href":"https:\/\/perfettohome.sk\/hu\/wp-json\/wp\/v2\/product_cat?post=16536"},{"taxonomy":"product_tag","embeddable":true,"href":"https:\/\/perfettohome.sk\/hu\/wp-json\/wp\/v2\/product_tag?post=16536"}],"curies":[{"name":"wp","href":"https:\/\/api.w.org\/{rel}","templated":true}]}}