{"id":16539,"date":"2025-04-03T14:28:56","date_gmt":"2025-04-03T12:28:56","guid":{"rendered":"https:\/\/perfettohome.sk\/produkt\/air-wick-elektromos-diffuzor-utantolto-paradise-retreat-19ml\/"},"modified":"2025-04-03T14:28:56","modified_gmt":"2025-04-03T12:28:56","slug":"air-wick-elektromos-diffuzor-utantolto-paradise-retreat-19ml","status":"publish","type":"product","link":"https:\/\/perfettohome.sk\/hu\/produkt\/air-wick-elektromos-diffuzor-utantolto-paradise-retreat-19ml\/","title":{"rendered":"Air Wick elektromos diff\u00fazor ut\u00e1nt\u00f6lt\u0151 &#8211; Paradise Retreat 19ml"},"content":{"rendered":"<p>Az Air Wick Paradise Retreat ut\u00e1nt\u00f6lt\u0151 friss, term\u00e9szetes illatot hoz otthon\u00e1ba. A tr\u00f3pusi vir\u00e1gok \u00e9s friss gy\u00fcm\u00f6lcs\u00f6k kever\u00e9ke nyugtat\u00f3, friss\u00edt\u0151 l\u00e9gk\u00f6rt teremt. Kompatibilis az Air Wick elektromos diff\u00fazorokkal a v\u00e9gs\u0151 illat\u00e9lm\u00e9ny\u00e9rt.  <\/p>\n<p>Tr\u00f3pusi vir\u00e1gok \u00e9s gy\u00fcm\u00f6lcs\u00f6k illata<br \/>\nHosszan tart\u00f3 frissess\u00e9g<br \/>\nKompatibilis az Air Wick elektromos rendszerekkel<br \/>\nT\u00e9rfogat: 19ml<\/p>\n","protected":false},"excerpt":{"rendered":"<p>Az Air Wick Paradise Retreat ut\u00e1nt\u00f6lt\u0151 friss, term\u00e9szetes illatot hoz otthon\u00e1ba. A tr\u00f3pusi vir\u00e1gok \u00e9s friss gy\u00fcm\u00f6lcs\u00f6k kever\u00e9ke nyugtat\u00f3, friss\u00edt\u0151 l\u00e9gk\u00f6rt teremt. Kompatibilis az Air Wick elektromos diff\u00fazorokkal a v\u00e9gs\u0151 illat\u00e9lm\u00e9ny\u00e9rt. Tr\u00f3pusi vir\u00e1gok \u00e9s gy\u00fcm\u00f6lcs\u00f6k illata Hosszan tart\u00f3 frissess\u00e9g Kompatibilis az Air Wick elektromos rendszerekkel T\u00e9rfogat: 19ml<\/p>\n","protected":false},"featured_media":15932,"template":"","meta":[],"product_brand":[45],"product_cat":[172],"product_tag":[],"class_list":{"0":"post-16539","1":"product","2":"type-product","3":"status-publish","4":"has-post-thumbnail","6":"product_brand-airwick","7":"product_cat-elektricke-difuzery-hu","9":"first","10":"instock","11":"taxable","12":"shipping-taxable","13":"purchasable","14":"product-type-simple"},"_links":{"self":[{"href":"https:\/\/perfettohome.sk\/hu\/wp-json\/wp\/v2\/product\/16539","targetHints":{"allow":["GET"]}}],"collection":[{"href":"https:\/\/perfettohome.sk\/hu\/wp-json\/wp\/v2\/product"}],"about":[{"href":"https:\/\/perfettohome.sk\/hu\/wp-json\/wp\/v2\/types\/product"}],"wp:featuredmedia":[{"embeddable":true,"href":"https:\/\/perfettohome.sk\/hu\/wp-json\/wp\/v2\/media\/15932"}],"wp:attachment":[{"href":"https:\/\/perfettohome.sk\/hu\/wp-json\/wp\/v2\/media?parent=16539"}],"wp:term":[{"taxonomy":"product_brand","embeddable":true,"href":"https:\/\/perfettohome.sk\/hu\/wp-json\/wp\/v2\/product_brand?post=16539"},{"taxonomy":"product_cat","embeddable":true,"href":"https:\/\/perfettohome.sk\/hu\/wp-json\/wp\/v2\/product_cat?post=16539"},{"taxonomy":"product_tag","embeddable":true,"href":"https:\/\/perfettohome.sk\/hu\/wp-json\/wp\/v2\/product_tag?post=16539"}],"curies":[{"name":"wp","href":"https:\/\/api.w.org\/{rel}","templated":true}]}}