{"id":16540,"date":"2025-04-03T14:59:54","date_gmt":"2025-04-03T12:59:54","guid":{"rendered":"https:\/\/perfettohome.sk\/produkt\/air-wick-auto-utantolto-turkiz-oazis-250ml\/"},"modified":"2025-12-13T22:24:05","modified_gmt":"2025-12-13T21:24:05","slug":"air-wick-auto-utantolto-turkiz-oazis-250ml","status":"publish","type":"product","link":"https:\/\/perfettohome.sk\/hu\/produkt\/air-wick-auto-utantolto-turkiz-oazis-250ml\/","title":{"rendered":"Air Wick auto. Ut\u00e1nt\u00f6lt\u0151 &#8211; Turquoise Oasis 250ml"},"content":{"rendered":"<p>Az Air Wick Turquoise Oasis ut\u00e1nt\u00f6lt\u0151 automata diff\u00fazorhoz friss\u00edt\u0151 tengerparti \u00e9lm\u00e9nyt ny\u00fajt, a tiszta v\u00edz \u00e9s a z\u00f6ld n\u00f6v\u00e9nyek illat\u00e1val. Az \u00faj formula hosszan tart\u00f3 frissess\u00e9get biztos\u00edt \u00e9s kellemesen felfriss\u00edti a leveg\u0151t. <\/p>\n<p>Friss\u00edt\u0151, tengerparti illat<br \/>\nHosszan tart\u00f3 frissess\u00e9g<br \/>\nM\u00e9ret: 250ml<\/p>\n","protected":false},"excerpt":{"rendered":"<p>Az Air Wick Turquoise Oasis ut\u00e1nt\u00f6lt\u0151 automata diff\u00fazorhoz friss\u00edt\u0151 tengerparti \u00e9lm\u00e9nyt ny\u00fajt, a tiszta v\u00edz \u00e9s a z\u00f6ld n\u00f6v\u00e9nyek illat\u00e1val. Az \u00faj formula hosszan tart\u00f3 frissess\u00e9get biztos\u00edt \u00e9s kellemesen felfriss\u00edti a leveg\u0151t. Friss\u00edt\u0151, tengerparti illat Hosszan tart\u00f3 frissess\u00e9g M\u00e9ret: 250ml<\/p>\n","protected":false},"featured_media":11075,"template":"","meta":[],"product_brand":[45],"product_cat":[172],"product_tag":[],"class_list":{"0":"post-16540","1":"product","2":"type-product","3":"status-publish","4":"has-post-thumbnail","6":"product_brand-airwick","7":"product_cat-elektricke-difuzery-hu","9":"first","10":"instock","11":"taxable","12":"shipping-taxable","13":"purchasable","14":"product-type-simple"},"_links":{"self":[{"href":"https:\/\/perfettohome.sk\/hu\/wp-json\/wp\/v2\/product\/16540","targetHints":{"allow":["GET"]}}],"collection":[{"href":"https:\/\/perfettohome.sk\/hu\/wp-json\/wp\/v2\/product"}],"about":[{"href":"https:\/\/perfettohome.sk\/hu\/wp-json\/wp\/v2\/types\/product"}],"wp:featuredmedia":[{"embeddable":true,"href":"https:\/\/perfettohome.sk\/hu\/wp-json\/wp\/v2\/media\/11075"}],"wp:attachment":[{"href":"https:\/\/perfettohome.sk\/hu\/wp-json\/wp\/v2\/media?parent=16540"}],"wp:term":[{"taxonomy":"product_brand","embeddable":true,"href":"https:\/\/perfettohome.sk\/hu\/wp-json\/wp\/v2\/product_brand?post=16540"},{"taxonomy":"product_cat","embeddable":true,"href":"https:\/\/perfettohome.sk\/hu\/wp-json\/wp\/v2\/product_cat?post=16540"},{"taxonomy":"product_tag","embeddable":true,"href":"https:\/\/perfettohome.sk\/hu\/wp-json\/wp\/v2\/product_tag?post=16540"}],"curies":[{"name":"wp","href":"https:\/\/api.w.org\/{rel}","templated":true}]}}