{"id":16543,"date":"2025-04-03T14:25:33","date_gmt":"2025-04-03T12:25:33","guid":{"rendered":"https:\/\/perfettohome.sk\/produkt\/air-wick-auto-utantolto-paradise-retreat-250ml\/"},"modified":"2025-04-03T14:25:33","modified_gmt":"2025-04-03T12:25:33","slug":"air-wick-auto-utantolto-paradise-retreat-250ml","status":"publish","type":"product","link":"https:\/\/perfettohome.sk\/hu\/produkt\/air-wick-auto-utantolto-paradise-retreat-250ml\/","title":{"rendered":"Air Wick auto. Ut\u00e1nt\u00f6lt\u0151 &#8211; Paradise Retreat 250ml"},"content":{"rendered":"<p>Az Air Wick Paradise Retreat automatikus diff\u00fazor ut\u00e1nt\u00f6lt\u0151je tr\u00f3pusi visszavonul\u00e1st hoz otthon\u00e1ba. A friss \u00e9s \u00e9des illatok kombin\u00e1ci\u00f3ja egzotikus \u00e9lm\u00e9nyt ny\u00fajt, mik\u00f6zben tiszt\u00edtja \u00e9s felfriss\u00edti a leveg\u0151t. T\u00f6k\u00e9letes v\u00e1laszt\u00e1s azoknak, akik otthonukat pihentet\u0151 tr\u00f3pusi k\u00f6rnyezett\u00e9 szeretn\u00e9k var\u00e1zsolni.  <\/p>\n<p>Hosszan tart\u00f3 illat<br \/>\nTr\u00f3pusi, friss\u00edt\u0151 illat<br \/>\nFriss\u00edti a leveg\u0151t<br \/>\nT\u00e9rfogat: 250ml<\/p>\n","protected":false},"excerpt":{"rendered":"<p>Az Air Wick Paradise Retreat automatikus diff\u00fazor ut\u00e1nt\u00f6lt\u0151je tr\u00f3pusi visszavonul\u00e1st hoz otthon\u00e1ba. A friss \u00e9s \u00e9des illatok kombin\u00e1ci\u00f3ja egzotikus \u00e9lm\u00e9nyt ny\u00fajt, mik\u00f6zben tiszt\u00edtja \u00e9s felfriss\u00edti a leveg\u0151t. T\u00f6k\u00e9letes v\u00e1laszt\u00e1s azoknak, akik otthonukat pihentet\u0151 tr\u00f3pusi k\u00f6rnyezett\u00e9 szeretn\u00e9k var\u00e1zsolni. Hosszan tart\u00f3 illat Tr\u00f3pusi, friss\u00edt\u0151 illat Friss\u00edti a leveg\u0151t T\u00e9rfogat: 250ml<\/p>\n","protected":false},"featured_media":15922,"template":"","meta":[],"product_brand":[45],"product_cat":[172],"product_tag":[],"class_list":{"0":"post-16543","1":"product","2":"type-product","3":"status-publish","4":"has-post-thumbnail","6":"product_brand-airwick","7":"product_cat-elektricke-difuzery-hu","9":"first","10":"instock","11":"taxable","12":"shipping-taxable","13":"purchasable","14":"product-type-simple"},"_links":{"self":[{"href":"https:\/\/perfettohome.sk\/hu\/wp-json\/wp\/v2\/product\/16543","targetHints":{"allow":["GET"]}}],"collection":[{"href":"https:\/\/perfettohome.sk\/hu\/wp-json\/wp\/v2\/product"}],"about":[{"href":"https:\/\/perfettohome.sk\/hu\/wp-json\/wp\/v2\/types\/product"}],"wp:featuredmedia":[{"embeddable":true,"href":"https:\/\/perfettohome.sk\/hu\/wp-json\/wp\/v2\/media\/15922"}],"wp:attachment":[{"href":"https:\/\/perfettohome.sk\/hu\/wp-json\/wp\/v2\/media?parent=16543"}],"wp:term":[{"taxonomy":"product_brand","embeddable":true,"href":"https:\/\/perfettohome.sk\/hu\/wp-json\/wp\/v2\/product_brand?post=16543"},{"taxonomy":"product_cat","embeddable":true,"href":"https:\/\/perfettohome.sk\/hu\/wp-json\/wp\/v2\/product_cat?post=16543"},{"taxonomy":"product_tag","embeddable":true,"href":"https:\/\/perfettohome.sk\/hu\/wp-json\/wp\/v2\/product_tag?post=16543"}],"curies":[{"name":"wp","href":"https:\/\/api.w.org\/{rel}","templated":true}]}}