{"id":16546,"date":"2025-04-03T14:22:50","date_gmt":"2025-04-03T12:22:50","guid":{"rendered":"https:\/\/perfettohome.sk\/produkt\/air-wick-elektromos-diffuzor-utantolto-smooth-satin-es-moon-lily-19ml\/"},"modified":"2025-04-03T14:22:50","modified_gmt":"2025-04-03T12:22:50","slug":"air-wick-elektromos-diffuzor-utantolto-smooth-satin-es-moon-lily-19ml","status":"publish","type":"product","link":"https:\/\/perfettohome.sk\/hu\/produkt\/air-wick-elektromos-diffuzor-utantolto-smooth-satin-es-moon-lily-19ml\/","title":{"rendered":"Air Wick elektromos diff\u00fazor ut\u00e1nt\u00f6lt\u0151 &#8211; Smooth Satin \u00e9s Moon Lily 19ml"},"content":{"rendered":"<p>Az Air Wick Smooth Satin \u00e9s Moon Lily elektromos diff\u00fazor ut\u00e1nt\u00f6lt\u0151 kifinomult vir\u00e1gillattal t\u00f6lti meg otthon\u00e1t. A sima szat\u00e9n \u00e9s a holdliliom kombin\u00e1ci\u00f3ja l\u00e1gy \u00e9s nyugtat\u00f3 l\u00e9gk\u00f6rt teremt, mik\u00f6zben tiszt\u00edtja \u00e9s felfriss\u00edti a leveg\u0151t. T\u00f6k\u00e9letes v\u00e1laszt\u00e1s, hogy kifinomult illatot adjon helyis\u00e9geinek.  <\/p>\n<p>Hosszan tart\u00f3 illat<br \/>\nEleg\u00e1ns vir\u00e1gillat<br \/>\nFriss\u00edti a leveg\u0151t<br \/>\nT\u00e9rfogat: 19ml<\/p>\n","protected":false},"excerpt":{"rendered":"<p>Az Air Wick Smooth Satin \u00e9s Moon Lily elektromos diff\u00fazor ut\u00e1nt\u00f6lt\u0151 kifinomult vir\u00e1gillattal t\u00f6lti meg otthon\u00e1t. A sima szat\u00e9n \u00e9s a holdliliom kombin\u00e1ci\u00f3ja l\u00e1gy \u00e9s nyugtat\u00f3 l\u00e9gk\u00f6rt teremt, mik\u00f6zben tiszt\u00edtja \u00e9s felfriss\u00edti a leveg\u0151t. T\u00f6k\u00e9letes v\u00e1laszt\u00e1s, hogy kifinomult illatot adjon helyis\u00e9geinek. Hosszan tart\u00f3 illat Eleg\u00e1ns vir\u00e1gillat Friss\u00edti a leveg\u0151t T\u00e9rfogat: 19ml<\/p>\n","protected":false},"featured_media":15935,"template":"","meta":[],"product_brand":[45],"product_cat":[172],"product_tag":[],"class_list":{"0":"post-16546","1":"product","2":"type-product","3":"status-publish","4":"has-post-thumbnail","6":"product_brand-airwick","7":"product_cat-elektricke-difuzery-hu","9":"first","10":"instock","11":"taxable","12":"shipping-taxable","13":"purchasable","14":"product-type-simple"},"_links":{"self":[{"href":"https:\/\/perfettohome.sk\/hu\/wp-json\/wp\/v2\/product\/16546","targetHints":{"allow":["GET"]}}],"collection":[{"href":"https:\/\/perfettohome.sk\/hu\/wp-json\/wp\/v2\/product"}],"about":[{"href":"https:\/\/perfettohome.sk\/hu\/wp-json\/wp\/v2\/types\/product"}],"wp:featuredmedia":[{"embeddable":true,"href":"https:\/\/perfettohome.sk\/hu\/wp-json\/wp\/v2\/media\/15935"}],"wp:attachment":[{"href":"https:\/\/perfettohome.sk\/hu\/wp-json\/wp\/v2\/media?parent=16546"}],"wp:term":[{"taxonomy":"product_brand","embeddable":true,"href":"https:\/\/perfettohome.sk\/hu\/wp-json\/wp\/v2\/product_brand?post=16546"},{"taxonomy":"product_cat","embeddable":true,"href":"https:\/\/perfettohome.sk\/hu\/wp-json\/wp\/v2\/product_cat?post=16546"},{"taxonomy":"product_tag","embeddable":true,"href":"https:\/\/perfettohome.sk\/hu\/wp-json\/wp\/v2\/product_tag?post=16546"}],"curies":[{"name":"wp","href":"https:\/\/api.w.org\/{rel}","templated":true}]}}