{"id":16552,"date":"2025-04-02T20:25:56","date_gmt":"2025-04-02T18:25:56","guid":{"rendered":"https:\/\/perfettohome.sk\/produkt\/air-wick-elektromos-diffuzor-utantolto-freesia-jazmin-19ml\/"},"modified":"2025-04-02T20:25:56","modified_gmt":"2025-04-02T18:25:56","slug":"air-wick-elektromos-diffuzor-utantolto-freesia-jazmin-19ml","status":"publish","type":"product","link":"https:\/\/perfettohome.sk\/hu\/produkt\/air-wick-elektromos-diffuzor-utantolto-freesia-jazmin-19ml\/","title":{"rendered":"Air Wick elektromos diff\u00fazor ut\u00e1nt\u00f6lt\u0151 &#8211; Freesia j\u00e1zmin 19ml"},"content":{"rendered":"<p>Az Air Wick elektromos diff\u00fazor ut\u00e1nt\u00f6lt\u0151 finom, vir\u00e1gos illatot var\u00e1zsol otthon\u00e1ba. A j\u00e1zmin \u00e9s a fr\u00e9zia friss \u00e9s finoman \u00e9des kombin\u00e1ci\u00f3ja felfriss\u00edti a leveg\u0151t, \u00e9s megnyugtat\u00f3, friss\u00edt\u0151 l\u00e9gk\u00f6rt teremt. Ide\u00e1lis v\u00e1laszt\u00e1s azoknak, akik vir\u00e1gos \u00e9s friss illatot szeretn\u00e9nek \u00e9lvezni.  <\/p>\n<p>Hosszan tart\u00f3 illat<br \/>\nVir\u00e1gos j\u00e1zmin \u00e9s fr\u00e9zia illat<br \/>\nFriss\u00edti a leveg\u0151t<br \/>\nT\u00e9rfogat: 19ml<\/p>\n","protected":false},"excerpt":{"rendered":"<p>Az Air Wick elektromos diff\u00fazor ut\u00e1nt\u00f6lt\u0151 finom, vir\u00e1gos illatot var\u00e1zsol otthon\u00e1ba. A j\u00e1zmin \u00e9s a fr\u00e9zia friss \u00e9s finoman \u00e9des kombin\u00e1ci\u00f3ja felfriss\u00edti a leveg\u0151t, \u00e9s megnyugtat\u00f3, friss\u00edt\u0151 l\u00e9gk\u00f6rt teremt. Ide\u00e1lis v\u00e1laszt\u00e1s azoknak, akik vir\u00e1gos \u00e9s friss illatot szeretn\u00e9nek \u00e9lvezni. Hosszan tart\u00f3 illat Vir\u00e1gos j\u00e1zmin \u00e9s fr\u00e9zia illat Friss\u00edti a leveg\u0151t T\u00e9rfogat: 19ml<\/p>\n","protected":false},"featured_media":15933,"template":"","meta":[],"product_brand":[45],"product_cat":[172],"product_tag":[],"class_list":{"0":"post-16552","1":"product","2":"type-product","3":"status-publish","4":"has-post-thumbnail","6":"product_brand-airwick","7":"product_cat-elektricke-difuzery-hu","9":"first","10":"instock","11":"taxable","12":"shipping-taxable","13":"purchasable","14":"product-type-simple"},"_links":{"self":[{"href":"https:\/\/perfettohome.sk\/hu\/wp-json\/wp\/v2\/product\/16552","targetHints":{"allow":["GET"]}}],"collection":[{"href":"https:\/\/perfettohome.sk\/hu\/wp-json\/wp\/v2\/product"}],"about":[{"href":"https:\/\/perfettohome.sk\/hu\/wp-json\/wp\/v2\/types\/product"}],"wp:featuredmedia":[{"embeddable":true,"href":"https:\/\/perfettohome.sk\/hu\/wp-json\/wp\/v2\/media\/15933"}],"wp:attachment":[{"href":"https:\/\/perfettohome.sk\/hu\/wp-json\/wp\/v2\/media?parent=16552"}],"wp:term":[{"taxonomy":"product_brand","embeddable":true,"href":"https:\/\/perfettohome.sk\/hu\/wp-json\/wp\/v2\/product_brand?post=16552"},{"taxonomy":"product_cat","embeddable":true,"href":"https:\/\/perfettohome.sk\/hu\/wp-json\/wp\/v2\/product_cat?post=16552"},{"taxonomy":"product_tag","embeddable":true,"href":"https:\/\/perfettohome.sk\/hu\/wp-json\/wp\/v2\/product_tag?post=16552"}],"curies":[{"name":"wp","href":"https:\/\/api.w.org\/{rel}","templated":true}]}}