{"id":16554,"date":"2025-04-02T20:24:30","date_gmt":"2025-04-02T18:24:30","guid":{"rendered":"https:\/\/perfettohome.sk\/produkt\/air-wick-elektromos-diffuzor-utantolto-summer-delights-19ml\/"},"modified":"2025-04-02T20:24:30","modified_gmt":"2025-04-02T18:24:30","slug":"air-wick-elektromos-diffuzor-utantolto-summer-delights-19ml","status":"publish","type":"product","link":"https:\/\/perfettohome.sk\/hu\/produkt\/air-wick-elektromos-diffuzor-utantolto-summer-delights-19ml\/","title":{"rendered":"Air Wick elektromos diff\u00fazor ut\u00e1nt\u00f6lt\u0151 &#8211; Summer Delights 19ml"},"content":{"rendered":"<p>Az Air Wick elektromos diff\u00fazor ut\u00e1nt\u00f6lt\u0151 k\u00f6zvetlen\u00fcl otthon\u00e1ba hozza a ny\u00e1r var\u00e1zslatos illatait. A Summer Delights illat friss \u00e9s gy\u00fcm\u00f6lcs\u00f6s, felfriss\u00edti a leveg\u0151t \u00e9s vid\u00e1m ny\u00e1ri hangulatot teremt. T\u00f6k\u00e9letes v\u00e1laszt\u00e1s, ha eg\u00e9sz \u00e9vben \u00e9lvezni szeretn\u00e9 a ny\u00e1r frissess\u00e9g\u00e9t.  <\/p>\n<p>Hosszan tart\u00f3 illat<br \/>\nFriss \u00e9s gy\u00fcm\u00f6lcs\u00f6s ny\u00e1ri illat<br \/>\nFriss\u00edti a leveg\u0151t<br \/>\nT\u00e9rfogat: 19ml<\/p>\n","protected":false},"excerpt":{"rendered":"<p>Az Air Wick elektromos diff\u00fazor ut\u00e1nt\u00f6lt\u0151 k\u00f6zvetlen\u00fcl otthon\u00e1ba hozza a ny\u00e1r var\u00e1zslatos illatait. A Summer Delights illat friss \u00e9s gy\u00fcm\u00f6lcs\u00f6s, felfriss\u00edti a leveg\u0151t \u00e9s vid\u00e1m ny\u00e1ri hangulatot teremt. T\u00f6k\u00e9letes v\u00e1laszt\u00e1s, ha eg\u00e9sz \u00e9vben \u00e9lvezni szeretn\u00e9 a ny\u00e1r frissess\u00e9g\u00e9t. Hosszan tart\u00f3 illat Friss \u00e9s gy\u00fcm\u00f6lcs\u00f6s ny\u00e1ri illat Friss\u00edti a leveg\u0151t T\u00e9rfogat: 19ml<\/p>\n","protected":false},"featured_media":15931,"template":"","meta":[],"product_brand":[45],"product_cat":[172],"product_tag":[],"class_list":{"0":"post-16554","1":"product","2":"type-product","3":"status-publish","4":"has-post-thumbnail","6":"product_brand-airwick","7":"product_cat-elektricke-difuzery-hu","9":"first","10":"instock","11":"taxable","12":"shipping-taxable","13":"purchasable","14":"product-type-simple"},"_links":{"self":[{"href":"https:\/\/perfettohome.sk\/hu\/wp-json\/wp\/v2\/product\/16554","targetHints":{"allow":["GET"]}}],"collection":[{"href":"https:\/\/perfettohome.sk\/hu\/wp-json\/wp\/v2\/product"}],"about":[{"href":"https:\/\/perfettohome.sk\/hu\/wp-json\/wp\/v2\/types\/product"}],"wp:featuredmedia":[{"embeddable":true,"href":"https:\/\/perfettohome.sk\/hu\/wp-json\/wp\/v2\/media\/15931"}],"wp:attachment":[{"href":"https:\/\/perfettohome.sk\/hu\/wp-json\/wp\/v2\/media?parent=16554"}],"wp:term":[{"taxonomy":"product_brand","embeddable":true,"href":"https:\/\/perfettohome.sk\/hu\/wp-json\/wp\/v2\/product_brand?post=16554"},{"taxonomy":"product_cat","embeddable":true,"href":"https:\/\/perfettohome.sk\/hu\/wp-json\/wp\/v2\/product_cat?post=16554"},{"taxonomy":"product_tag","embeddable":true,"href":"https:\/\/perfettohome.sk\/hu\/wp-json\/wp\/v2\/product_tag?post=16554"}],"curies":[{"name":"wp","href":"https:\/\/api.w.org\/{rel}","templated":true}]}}