{"id":16564,"date":"2025-04-02T20:13:20","date_gmt":"2025-04-02T18:13:20","guid":{"rendered":"https:\/\/perfettohome.sk\/produkt\/fa-tusfurdo-men-xtreme-cool-250ml\/"},"modified":"2025-04-02T20:13:20","modified_gmt":"2025-04-02T18:13:20","slug":"fa-tusfurdo-men-xtreme-cool-250ml","status":"publish","type":"product","link":"https:\/\/perfettohome.sk\/hu\/produkt\/fa-tusfurdo-men-xtreme-cool-250ml\/","title":{"rendered":"Fa tusf\u00fcrd\u0151 MEN &#8211; Xtreme Cool 250ml"},"content":{"rendered":"<p>A Fa Men Xtra Cool tusf\u00fcrd\u0151 friss\u00edt\u0151 \u00e9s h\u0171s\u00edt\u0151 \u00e9rz\u00e9st ny\u00fajt, \u00edgy ide\u00e1lis v\u00e1laszt\u00e1s egy f\u00e1raszt\u00f3 nap ut\u00e1n. A mentol \u00e9s citrus illat felfriss\u00fcl\u00e9st hoz, mik\u00f6zben hidrat\u00e1lja \u00e9s puh\u00edtja a b\u0151rt. Ide\u00e1lis az extra frissess\u00e9gre v\u00e1gy\u00f3 f\u00e9rfiak sz\u00e1m\u00e1ra.  <\/p>\n<p>H\u0171s\u00edt\u0151 menta- \u00e9s citrusillat<br \/>\nHidrat\u00e1lja \u00e9s felfriss\u00edti a b\u0151rt<br \/>\nIde\u00e1lis f\u00e9rfiaknak<br \/>\nT\u00e9rfogat: 250ml<\/p>\n","protected":false},"excerpt":{"rendered":"<p>A Fa Men Xtra Cool tusf\u00fcrd\u0151 friss\u00edt\u0151 \u00e9s h\u0171s\u00edt\u0151 \u00e9rz\u00e9st ny\u00fajt, \u00edgy ide\u00e1lis v\u00e1laszt\u00e1s egy f\u00e1raszt\u00f3 nap ut\u00e1n. A mentol \u00e9s citrus illat felfriss\u00fcl\u00e9st hoz, mik\u00f6zben hidrat\u00e1lja \u00e9s puh\u00edtja a b\u0151rt. Ide\u00e1lis az extra frissess\u00e9gre v\u00e1gy\u00f3 f\u00e9rfiak sz\u00e1m\u00e1ra. H\u0171s\u00edt\u0151 menta- \u00e9s citrusillat Hidrat\u00e1lja \u00e9s felfriss\u00edti a b\u0151rt Ide\u00e1lis f\u00e9rfiaknak T\u00e9rfogat: 250ml<\/p>\n","protected":false},"featured_media":16566,"template":"","meta":[],"product_brand":[199],"product_cat":[329],"product_tag":[],"class_list":{"0":"post-16564","1":"product","2":"type-product","3":"status-publish","4":"has-post-thumbnail","6":"product_brand-fa","7":"product_cat-zuhanyzselek","9":"first","10":"instock","11":"taxable","12":"shipping-taxable","13":"purchasable","14":"product-type-simple"},"_links":{"self":[{"href":"https:\/\/perfettohome.sk\/hu\/wp-json\/wp\/v2\/product\/16564","targetHints":{"allow":["GET"]}}],"collection":[{"href":"https:\/\/perfettohome.sk\/hu\/wp-json\/wp\/v2\/product"}],"about":[{"href":"https:\/\/perfettohome.sk\/hu\/wp-json\/wp\/v2\/types\/product"}],"wp:featuredmedia":[{"embeddable":true,"href":"https:\/\/perfettohome.sk\/hu\/wp-json\/wp\/v2\/media\/16566"}],"wp:attachment":[{"href":"https:\/\/perfettohome.sk\/hu\/wp-json\/wp\/v2\/media?parent=16564"}],"wp:term":[{"taxonomy":"product_brand","embeddable":true,"href":"https:\/\/perfettohome.sk\/hu\/wp-json\/wp\/v2\/product_brand?post=16564"},{"taxonomy":"product_cat","embeddable":true,"href":"https:\/\/perfettohome.sk\/hu\/wp-json\/wp\/v2\/product_cat?post=16564"},{"taxonomy":"product_tag","embeddable":true,"href":"https:\/\/perfettohome.sk\/hu\/wp-json\/wp\/v2\/product_tag?post=16564"}],"curies":[{"name":"wp","href":"https:\/\/api.w.org\/{rel}","templated":true}]}}