{"id":16567,"date":"2025-04-02T20:02:02","date_gmt":"2025-04-02T18:02:02","guid":{"rendered":"https:\/\/perfettohome.sk\/produkt\/old-spice-tusfurdo-400ml-3in1-melytengeri-tusfurdo\/"},"modified":"2025-12-13T21:43:42","modified_gmt":"2025-12-13T20:43:42","slug":"old-spice-tusfurdo-400ml-3in1-melytengeri-tusfurdo","status":"publish","type":"product","link":"https:\/\/perfettohome.sk\/hu\/produkt\/old-spice-tusfurdo-400ml-3in1-melytengeri-tusfurdo\/","title":{"rendered":"Old Spice &#8211; tusf\u00fcrd\u0151 400ml &#8211; 3in1 Deep Sea"},"content":{"rendered":"<p>Fedezze fel az Old Spice Deep Sea 3in1 tusf\u00fcrd\u0151t, amely egy term\u00e9kben egyes\u00edti a zuhanyoz\u00e1st, a hajmos\u00e1st \u00e9s a borotv\u00e1lkoz\u00e1st. \u00d3ce\u00e1ni frissess\u00e9g\u00e9vel \u00e9s f\u0171szeres jegyeivel megtiszt\u00edtja \u00e9s felfriss\u00edti \u00d6nt, mik\u00f6zben seg\u00edt hidrat\u00e1lni b\u0151r\u00e9t, hogy eg\u00e9sz nap frissnek \u00e9s energikusnak \u00e9rezze mag\u00e1t. <\/p>\n<p>3in1 funkci\u00f3: tusf\u00fcrd\u0151, sampon \u00e9s borotvag\u00e9l<br \/>\n\u00d3ce\u00e1ni frissess\u00e9g f\u0171szeres jegyekkel<br \/>\nHidrat\u00e1l\u00f3 hat\u00e1s<br \/>\nT\u00e9rfogat: 400 ml<\/p>\n","protected":false},"excerpt":{"rendered":"<p>Fedezze fel az Old Spice Deep Sea 3in1 tusf\u00fcrd\u0151t, amely egy term\u00e9kben egyes\u00edti a zuhanyoz\u00e1st, a hajmos\u00e1st \u00e9s a borotv\u00e1lkoz\u00e1st. \u00d3ce\u00e1ni frissess\u00e9g\u00e9vel \u00e9s f\u0171szeres jegyeivel megtiszt\u00edtja \u00e9s felfriss\u00edti \u00d6nt, mik\u00f6zben seg\u00edt hidrat\u00e1lni b\u0151r\u00e9t, hogy eg\u00e9sz nap frissnek \u00e9s energikusnak \u00e9rezze mag\u00e1t. 3in1 funkci\u00f3: tusf\u00fcrd\u0151, sampon \u00e9s borotvag\u00e9l \u00d3ce\u00e1ni frissess\u00e9g f\u0171szeres jegyekkel Hidrat\u00e1l\u00f3 hat\u00e1s T\u00e9rfogat: 400 [&hellip;]<\/p>\n","protected":false},"featured_media":16569,"template":"","meta":[],"product_brand":[202],"product_cat":[329],"product_tag":[],"class_list":{"0":"post-16567","1":"product","2":"type-product","3":"status-publish","4":"has-post-thumbnail","6":"product_brand-old-spice","7":"product_cat-zuhanyzselek","9":"first","10":"instock","11":"taxable","12":"shipping-taxable","13":"purchasable","14":"product-type-simple"},"_links":{"self":[{"href":"https:\/\/perfettohome.sk\/hu\/wp-json\/wp\/v2\/product\/16567","targetHints":{"allow":["GET"]}}],"collection":[{"href":"https:\/\/perfettohome.sk\/hu\/wp-json\/wp\/v2\/product"}],"about":[{"href":"https:\/\/perfettohome.sk\/hu\/wp-json\/wp\/v2\/types\/product"}],"wp:featuredmedia":[{"embeddable":true,"href":"https:\/\/perfettohome.sk\/hu\/wp-json\/wp\/v2\/media\/16569"}],"wp:attachment":[{"href":"https:\/\/perfettohome.sk\/hu\/wp-json\/wp\/v2\/media?parent=16567"}],"wp:term":[{"taxonomy":"product_brand","embeddable":true,"href":"https:\/\/perfettohome.sk\/hu\/wp-json\/wp\/v2\/product_brand?post=16567"},{"taxonomy":"product_cat","embeddable":true,"href":"https:\/\/perfettohome.sk\/hu\/wp-json\/wp\/v2\/product_cat?post=16567"},{"taxonomy":"product_tag","embeddable":true,"href":"https:\/\/perfettohome.sk\/hu\/wp-json\/wp\/v2\/product_tag?post=16567"}],"curies":[{"name":"wp","href":"https:\/\/api.w.org\/{rel}","templated":true}]}}