{"id":16572,"date":"2025-04-02T20:00:32","date_gmt":"2025-04-02T18:00:32","guid":{"rendered":"https:\/\/perfettohome.sk\/produkt\/air-wick-elektromos-diffuzor-utantolto-kek-ocean-korall-19ml\/"},"modified":"2025-12-13T21:42:35","modified_gmt":"2025-12-13T20:42:35","slug":"air-wick-elektromos-diffuzor-utantolto-kek-ocean-korall-19ml","status":"publish","type":"product","link":"https:\/\/perfettohome.sk\/hu\/produkt\/air-wick-elektromos-diffuzor-utantolto-kek-ocean-korall-19ml\/","title":{"rendered":"Air Wick elektromos diff\u00fazor ut\u00e1nt\u00f6lt\u0151 &#8211; Blue ocean coral 19ml"},"content":{"rendered":"<p>Teremtsen friss\u00edt\u0151 hangulatot az AirWick Blue Ocean Coral elektromos diff\u00fazor ut\u00e1nt\u00f6lt\u0151vel. A k\u00e9k \u00f3ce\u00e1n \u00e9s a korall finom illata nyugtat\u00f3, tengerpartot id\u00e9z\u0151 hangulatot teremt. A friss \u00e9s tiszta illat hosszan tart\u00f3an felfriss\u00edti ter\u00e9t \u00e9s kellemes k\u00f6rnyezetet teremt.  <\/p>\n<p>Illat: Blue Ocean Coral<br \/>\nFriss\u00edt\u0151 hat\u00e1s<br \/>\nT\u00e9rfogat: 19 ml<\/p>\n","protected":false},"excerpt":{"rendered":"<p>Teremtsen friss\u00edt\u0151 hangulatot az AirWick Blue Ocean Coral elektromos diff\u00fazor ut\u00e1nt\u00f6lt\u0151vel. A k\u00e9k \u00f3ce\u00e1n \u00e9s a korall finom illata nyugtat\u00f3, tengerpartot id\u00e9z\u0151 hangulatot teremt. A friss \u00e9s tiszta illat hosszan tart\u00f3an felfriss\u00edti ter\u00e9t \u00e9s kellemes k\u00f6rnyezetet teremt. Illat: Blue Ocean Coral Friss\u00edt\u0151 hat\u00e1s T\u00e9rfogat: 19 ml<\/p>\n","protected":false},"featured_media":16573,"template":"","meta":[],"product_brand":[45],"product_cat":[172],"product_tag":[],"class_list":{"0":"post-16572","1":"product","2":"type-product","3":"status-publish","4":"has-post-thumbnail","6":"product_brand-airwick","7":"product_cat-elektricke-difuzery-hu","9":"first","10":"outofstock","11":"taxable","12":"shipping-taxable","13":"purchasable","14":"product-type-simple"},"_links":{"self":[{"href":"https:\/\/perfettohome.sk\/hu\/wp-json\/wp\/v2\/product\/16572","targetHints":{"allow":["GET"]}}],"collection":[{"href":"https:\/\/perfettohome.sk\/hu\/wp-json\/wp\/v2\/product"}],"about":[{"href":"https:\/\/perfettohome.sk\/hu\/wp-json\/wp\/v2\/types\/product"}],"wp:featuredmedia":[{"embeddable":true,"href":"https:\/\/perfettohome.sk\/hu\/wp-json\/wp\/v2\/media\/16573"}],"wp:attachment":[{"href":"https:\/\/perfettohome.sk\/hu\/wp-json\/wp\/v2\/media?parent=16572"}],"wp:term":[{"taxonomy":"product_brand","embeddable":true,"href":"https:\/\/perfettohome.sk\/hu\/wp-json\/wp\/v2\/product_brand?post=16572"},{"taxonomy":"product_cat","embeddable":true,"href":"https:\/\/perfettohome.sk\/hu\/wp-json\/wp\/v2\/product_cat?post=16572"},{"taxonomy":"product_tag","embeddable":true,"href":"https:\/\/perfettohome.sk\/hu\/wp-json\/wp\/v2\/product_tag?post=16572"}],"curies":[{"name":"wp","href":"https:\/\/api.w.org\/{rel}","templated":true}]}}