{"id":16574,"date":"2025-04-02T20:08:25","date_gmt":"2025-04-02T18:08:25","guid":{"rendered":"https:\/\/perfettohome.sk\/produkt\/air-wick-auto-utantolto-spring-breeze-vanilia-250ml\/"},"modified":"2025-04-02T20:08:25","modified_gmt":"2025-04-02T18:08:25","slug":"air-wick-auto-utantolto-spring-breeze-vanilia-250ml","status":"publish","type":"product","link":"https:\/\/perfettohome.sk\/hu\/produkt\/air-wick-auto-utantolto-spring-breeze-vanilia-250ml\/","title":{"rendered":"Air Wick auto. Ut\u00e1nt\u00f6lt\u0151 &#8211; Spring Breeze Van\u00edlia 250ml"},"content":{"rendered":"<p>T\u00f6ltse meg otthon\u00e1t a tavasz friss\u00edt\u0151 illat\u00e1val az AirWick Spring Breeze Van\u00edlia ut\u00e1nt\u00f6lt\u0151vel az automata diff\u00fazor\u00e1hoz. A tavaszi szell\u0151 \u00e9s a van\u00edlia kombin\u00e1ci\u00f3ja meleg, \u00e9des illatot hoz l\u00e9tre, amely felfriss\u00edti a leveg\u0151t \u00e9s nyugtat\u00f3 hangulatot teremt b\u00e1rmely helyis\u00e9gben. Hosszan tart\u00f3 illat.  <\/p>\n<p>Illat: Tavaszi szell\u0151 van\u00edlia<br \/>\nTavaszi szell\u0151 \u00e9s van\u00edlia illat<br \/>\nHosszan tart\u00f3 illat<br \/>\nMennyis\u00e9g: 250 ml<\/p>\n","protected":false},"excerpt":{"rendered":"<p>T\u00f6ltse meg otthon\u00e1t a tavasz friss\u00edt\u0151 illat\u00e1val az AirWick Spring Breeze Van\u00edlia ut\u00e1nt\u00f6lt\u0151vel az automata diff\u00fazor\u00e1hoz. A tavaszi szell\u0151 \u00e9s a van\u00edlia kombin\u00e1ci\u00f3ja meleg, \u00e9des illatot hoz l\u00e9tre, amely felfriss\u00edti a leveg\u0151t \u00e9s nyugtat\u00f3 hangulatot teremt b\u00e1rmely helyis\u00e9gben. Hosszan tart\u00f3 illat. Illat: Tavaszi szell\u0151 van\u00edlia Tavaszi szell\u0151 \u00e9s van\u00edlia illat Hosszan tart\u00f3 illat Mennyis\u00e9g: 250 [&hellip;]<\/p>\n","protected":false},"featured_media":15918,"template":"","meta":[],"product_brand":[45],"product_cat":[172],"product_tag":[],"class_list":{"0":"post-16574","1":"product","2":"type-product","3":"status-publish","4":"has-post-thumbnail","6":"product_brand-airwick","7":"product_cat-elektricke-difuzery-hu","9":"first","10":"outofstock","11":"taxable","12":"shipping-taxable","13":"purchasable","14":"product-type-simple"},"_links":{"self":[{"href":"https:\/\/perfettohome.sk\/hu\/wp-json\/wp\/v2\/product\/16574","targetHints":{"allow":["GET"]}}],"collection":[{"href":"https:\/\/perfettohome.sk\/hu\/wp-json\/wp\/v2\/product"}],"about":[{"href":"https:\/\/perfettohome.sk\/hu\/wp-json\/wp\/v2\/types\/product"}],"wp:featuredmedia":[{"embeddable":true,"href":"https:\/\/perfettohome.sk\/hu\/wp-json\/wp\/v2\/media\/15918"}],"wp:attachment":[{"href":"https:\/\/perfettohome.sk\/hu\/wp-json\/wp\/v2\/media?parent=16574"}],"wp:term":[{"taxonomy":"product_brand","embeddable":true,"href":"https:\/\/perfettohome.sk\/hu\/wp-json\/wp\/v2\/product_brand?post=16574"},{"taxonomy":"product_cat","embeddable":true,"href":"https:\/\/perfettohome.sk\/hu\/wp-json\/wp\/v2\/product_cat?post=16574"},{"taxonomy":"product_tag","embeddable":true,"href":"https:\/\/perfettohome.sk\/hu\/wp-json\/wp\/v2\/product_tag?post=16574"}],"curies":[{"name":"wp","href":"https:\/\/api.w.org\/{rel}","templated":true}]}}