{"id":16575,"date":"2025-04-02T19:54:13","date_gmt":"2025-04-02T17:54:13","guid":{"rendered":"https:\/\/perfettohome.sk\/produkt\/old-spice-tusfurdo-400ml-3in1-farkasfenyo\/"},"modified":"2025-12-13T21:41:42","modified_gmt":"2025-12-13T20:41:42","slug":"old-spice-tusfurdo-400ml-3in1-farkasfenyo","status":"publish","type":"product","link":"https:\/\/perfettohome.sk\/hu\/produkt\/old-spice-tusfurdo-400ml-3in1-farkasfenyo\/","title":{"rendered":"Old Spice &#8211; tusf\u00fcrd\u0151 400ml &#8211; 3in1 Wolfthorn"},"content":{"rendered":"<p>Fedezze fel az Old Spice Wolfthorn 3in1 tusf\u00fcrd\u0151t, amely egy term\u00e9kben egyes\u00edti a zuhanyoz\u00e1st, a hajmos\u00e1st \u00e9s a borotv\u00e1lkoz\u00e1st. F\u00e9rfias, citrusos \u00e9s vir\u00e1gos illat\u00e1nak k\u00f6sz\u00f6nhet\u0151en eg\u00e9sz nap friss \u00e9s magabiztos leszel, m\u00edg a gazdag habz\u00e1s seg\u00edt megtiszt\u00edtani \u00e9s hidrat\u00e1lni a b\u0151r\u00f6det, hogy frissnek \u00e9s energikusnak \u00e9rezd magad. <\/p>\n<p>3in1 funkci\u00f3: tusf\u00fcrd\u0151, sampon \u00e9s borotvag\u00e9l<br \/>\nFriss citrus \u00e9s vir\u00e1g illat<br \/>\nHidrat\u00e1l\u00f3 hat\u00e1s<br \/>\nT\u00e9rfogat: 400 ml<\/p>\n","protected":false},"excerpt":{"rendered":"<p>Fedezze fel az Old Spice Wolfthorn 3in1 tusf\u00fcrd\u0151t, amely egy term\u00e9kben egyes\u00edti a zuhanyoz\u00e1st, a hajmos\u00e1st \u00e9s a borotv\u00e1lkoz\u00e1st. F\u00e9rfias, citrusos \u00e9s vir\u00e1gos illat\u00e1nak k\u00f6sz\u00f6nhet\u0151en eg\u00e9sz nap friss \u00e9s magabiztos leszel, m\u00edg a gazdag habz\u00e1s seg\u00edt megtiszt\u00edtani \u00e9s hidrat\u00e1lni a b\u0151r\u00f6det, hogy frissnek \u00e9s energikusnak \u00e9rezd magad. 3in1 funkci\u00f3: tusf\u00fcrd\u0151, sampon \u00e9s borotvag\u00e9l Friss citrus [&hellip;]<\/p>\n","protected":false},"featured_media":16576,"template":"","meta":[],"product_brand":[202],"product_cat":[329],"product_tag":[],"class_list":{"0":"post-16575","1":"product","2":"type-product","3":"status-publish","4":"has-post-thumbnail","6":"product_brand-old-spice","7":"product_cat-zuhanyzselek","9":"first","10":"instock","11":"taxable","12":"shipping-taxable","13":"purchasable","14":"product-type-simple"},"_links":{"self":[{"href":"https:\/\/perfettohome.sk\/hu\/wp-json\/wp\/v2\/product\/16575","targetHints":{"allow":["GET"]}}],"collection":[{"href":"https:\/\/perfettohome.sk\/hu\/wp-json\/wp\/v2\/product"}],"about":[{"href":"https:\/\/perfettohome.sk\/hu\/wp-json\/wp\/v2\/types\/product"}],"wp:featuredmedia":[{"embeddable":true,"href":"https:\/\/perfettohome.sk\/hu\/wp-json\/wp\/v2\/media\/16576"}],"wp:attachment":[{"href":"https:\/\/perfettohome.sk\/hu\/wp-json\/wp\/v2\/media?parent=16575"}],"wp:term":[{"taxonomy":"product_brand","embeddable":true,"href":"https:\/\/perfettohome.sk\/hu\/wp-json\/wp\/v2\/product_brand?post=16575"},{"taxonomy":"product_cat","embeddable":true,"href":"https:\/\/perfettohome.sk\/hu\/wp-json\/wp\/v2\/product_cat?post=16575"},{"taxonomy":"product_tag","embeddable":true,"href":"https:\/\/perfettohome.sk\/hu\/wp-json\/wp\/v2\/product_tag?post=16575"}],"curies":[{"name":"wp","href":"https:\/\/api.w.org\/{rel}","templated":true}]}}