{"id":16581,"date":"2025-04-02T18:57:13","date_gmt":"2025-04-02T16:57:13","guid":{"rendered":"https:\/\/perfettohome.sk\/produkt\/clin-grapefruit-uvegtisztito-500ml\/"},"modified":"2025-04-02T18:57:13","modified_gmt":"2025-04-02T16:57:13","slug":"clin-grapefruit-uvegtisztito-500ml","status":"publish","type":"product","link":"https:\/\/perfettohome.sk\/hu\/produkt\/clin-grapefruit-uvegtisztito-500ml\/","title":{"rendered":"Clin Grapefruit &#8211; \u00dcvegtiszt\u00edt\u00f3 500ml"},"content":{"rendered":"<p>A Clin Pro Nature Grapefruit egy k\u00f6rnyezetbar\u00e1t tiszt\u00edt\u00f3szer term\u00e9szetes citrus illat\u00fa grapefruit illattal. Ez a tiszt\u00edt\u00f3szer ide\u00e1lis a k\u00fcl\u00f6nb\u00f6z\u0151 h\u00e1ztart\u00e1si fel\u00fcletek tiszt\u00edt\u00e1s\u00e1ra. Formul\u00e1j\u00e1nak k\u00f6sz\u00f6nhet\u0151en hat\u00e9konyan t\u00e1vol\u00edtja el a szennyez\u0151d\u00e9seket, zs\u00edrokat \u00e9s foltokat, mik\u00f6zben nem tartalmaz durva vegyszereket. A tiszt\u00edt\u00f3szer b\u0151rgy\u00f3gy\u00e1szatilag tesztelt, \u00e9s \u00e9rz\u00e9keny fel\u00fcletekre is alkalmas. Hosszan tart\u00f3 tisztas\u00e1g- \u00e9s frissess\u00e9g\u00e9rzetet biztos\u00edt.    <\/p>\n<p>A grapefruit term\u00e9szetes citrus illata<br \/>\nHat\u00e9konyan tiszt\u00edtja a legk\u00fcl\u00f6nb\u00f6z\u0151bb fel\u00fcleteket<br \/>\nKem\u00e9ny vegyszerek n\u00e9lk\u00fcl<br \/>\nT\u00e9rfogat: 500 ml<\/p>\n","protected":false},"excerpt":{"rendered":"<p>A Clin Pro Nature Grapefruit egy k\u00f6rnyezetbar\u00e1t tiszt\u00edt\u00f3szer term\u00e9szetes citrus illat\u00fa grapefruit illattal. Ez a tiszt\u00edt\u00f3szer ide\u00e1lis a k\u00fcl\u00f6nb\u00f6z\u0151 h\u00e1ztart\u00e1si fel\u00fcletek tiszt\u00edt\u00e1s\u00e1ra. Formul\u00e1j\u00e1nak k\u00f6sz\u00f6nhet\u0151en hat\u00e9konyan t\u00e1vol\u00edtja el a szennyez\u0151d\u00e9seket, zs\u00edrokat \u00e9s foltokat, mik\u00f6zben nem tartalmaz durva vegyszereket. A tiszt\u00edt\u00f3szer b\u0151rgy\u00f3gy\u00e1szatilag tesztelt, \u00e9s \u00e9rz\u00e9keny fel\u00fcletekre is alkalmas. Hosszan tart\u00f3 tisztas\u00e1g- \u00e9s frissess\u00e9g\u00e9rzetet biztos\u00edt. A grapefruit term\u00e9szetes [&hellip;]<\/p>\n","protected":false},"featured_media":16583,"template":"","meta":[],"product_brand":[208],"product_cat":[296],"product_tag":[],"class_list":{"0":"post-16581","1":"product","2":"type-product","3":"status-publish","4":"has-post-thumbnail","6":"product_brand-clin","7":"product_cat-egyeb","9":"first","10":"outofstock","11":"taxable","12":"shipping-taxable","13":"purchasable","14":"product-type-simple"},"_links":{"self":[{"href":"https:\/\/perfettohome.sk\/hu\/wp-json\/wp\/v2\/product\/16581","targetHints":{"allow":["GET"]}}],"collection":[{"href":"https:\/\/perfettohome.sk\/hu\/wp-json\/wp\/v2\/product"}],"about":[{"href":"https:\/\/perfettohome.sk\/hu\/wp-json\/wp\/v2\/types\/product"}],"wp:featuredmedia":[{"embeddable":true,"href":"https:\/\/perfettohome.sk\/hu\/wp-json\/wp\/v2\/media\/16583"}],"wp:attachment":[{"href":"https:\/\/perfettohome.sk\/hu\/wp-json\/wp\/v2\/media?parent=16581"}],"wp:term":[{"taxonomy":"product_brand","embeddable":true,"href":"https:\/\/perfettohome.sk\/hu\/wp-json\/wp\/v2\/product_brand?post=16581"},{"taxonomy":"product_cat","embeddable":true,"href":"https:\/\/perfettohome.sk\/hu\/wp-json\/wp\/v2\/product_cat?post=16581"},{"taxonomy":"product_tag","embeddable":true,"href":"https:\/\/perfettohome.sk\/hu\/wp-json\/wp\/v2\/product_tag?post=16581"}],"curies":[{"name":"wp","href":"https:\/\/api.w.org\/{rel}","templated":true}]}}