{"id":16582,"date":"2025-04-02T19:17:05","date_gmt":"2025-04-02T17:17:05","guid":{"rendered":"https:\/\/perfettohome.sk\/produkt\/old-spice-tusfurdo-1l-nightpanther-3in1\/"},"modified":"2025-04-02T19:17:05","modified_gmt":"2025-04-02T17:17:05","slug":"old-spice-tusfurdo-1l-nightpanther-3in1","status":"publish","type":"product","link":"https:\/\/perfettohome.sk\/hu\/produkt\/old-spice-tusfurdo-1l-nightpanther-3in1\/","title":{"rendered":"Old Spice &#8211; tusf\u00fcrd\u0151 1L &#8211; Nightpanther 3in1"},"content":{"rendered":"<p>Tapasztald meg az Old Spice Nightpanther 3in1 tusf\u00fcrd\u0151t, amely egy term\u00e9kben egyes\u00edti a zuhanyz\u00e1s, a hajmos\u00e1s \u00e9s a borotv\u00e1lkoz\u00e1s el\u0151nyeit. Egyedi illata, amely a f\u00e1s \u00e9s f\u0171szeres jegyeket \u00f6tv\u00f6zi, eg\u00e9sz nap friss \u00e9s energikus leszel. A gazdag habz\u00e1s seg\u00edt tiszt\u00edtani \u00e9s hidrat\u00e1lni a b\u0151r\u00e9t, mik\u00f6zben frissen tartja azt.  <\/p>\n<p>3in1 funkci\u00f3: tusf\u00fcrd\u0151, sampon \u00e9s borotvag\u00e9l<br \/>\nF\u00e1s-f\u0171szeres illat<br \/>\nHidrat\u00e1l\u00f3 hat\u00e1s<br \/>\nT\u00e9rfogat: 1L<\/p>\n","protected":false},"excerpt":{"rendered":"<p>Tapasztald meg az Old Spice Nightpanther 3in1 tusf\u00fcrd\u0151t, amely egy term\u00e9kben egyes\u00edti a zuhanyz\u00e1s, a hajmos\u00e1s \u00e9s a borotv\u00e1lkoz\u00e1s el\u0151nyeit. Egyedi illata, amely a f\u00e1s \u00e9s f\u0171szeres jegyeket \u00f6tv\u00f6zi, eg\u00e9sz nap friss \u00e9s energikus leszel. A gazdag habz\u00e1s seg\u00edt tiszt\u00edtani \u00e9s hidrat\u00e1lni a b\u0151r\u00e9t, mik\u00f6zben frissen tartja azt. 3in1 funkci\u00f3: tusf\u00fcrd\u0151, sampon \u00e9s borotvag\u00e9l F\u00e1s-f\u0171szeres [&hellip;]<\/p>\n","protected":false},"featured_media":16584,"template":"","meta":[],"product_brand":[202],"product_cat":[329],"product_tag":[],"class_list":{"0":"post-16582","1":"product","2":"type-product","3":"status-publish","4":"has-post-thumbnail","6":"product_brand-old-spice","7":"product_cat-zuhanyzselek","9":"first","10":"instock","11":"taxable","12":"shipping-taxable","13":"purchasable","14":"product-type-simple"},"_links":{"self":[{"href":"https:\/\/perfettohome.sk\/hu\/wp-json\/wp\/v2\/product\/16582","targetHints":{"allow":["GET"]}}],"collection":[{"href":"https:\/\/perfettohome.sk\/hu\/wp-json\/wp\/v2\/product"}],"about":[{"href":"https:\/\/perfettohome.sk\/hu\/wp-json\/wp\/v2\/types\/product"}],"wp:featuredmedia":[{"embeddable":true,"href":"https:\/\/perfettohome.sk\/hu\/wp-json\/wp\/v2\/media\/16584"}],"wp:attachment":[{"href":"https:\/\/perfettohome.sk\/hu\/wp-json\/wp\/v2\/media?parent=16582"}],"wp:term":[{"taxonomy":"product_brand","embeddable":true,"href":"https:\/\/perfettohome.sk\/hu\/wp-json\/wp\/v2\/product_brand?post=16582"},{"taxonomy":"product_cat","embeddable":true,"href":"https:\/\/perfettohome.sk\/hu\/wp-json\/wp\/v2\/product_cat?post=16582"},{"taxonomy":"product_tag","embeddable":true,"href":"https:\/\/perfettohome.sk\/hu\/wp-json\/wp\/v2\/product_tag?post=16582"}],"curies":[{"name":"wp","href":"https:\/\/api.w.org\/{rel}","templated":true}]}}