{"id":16589,"date":"2025-04-02T18:54:23","date_gmt":"2025-04-02T16:54:23","guid":{"rendered":"https:\/\/perfettohome.sk\/produkt\/cif-krem-rozsaszin-virag-500ml\/"},"modified":"2025-12-13T21:33:21","modified_gmt":"2025-12-13T20:33:21","slug":"cif-krem-rozsaszin-virag-500ml","status":"publish","type":"product","link":"https:\/\/perfettohome.sk\/hu\/produkt\/cif-krem-rozsaszin-virag-500ml\/","title":{"rendered":"Cif kr\u00e9m &#8211; Pink flower 500ml"},"content":{"rendered":"<p>A Cif Cream Pink Flower m\u00e9lytiszt\u00edt\u00e1st k\u00edn\u00e1l a fel\u00fcletek karcol\u00e1sa n\u00e9lk\u00fcl. Hat\u00e9kony formul\u00e1j\u00e1nak k\u00f6sz\u00f6nhet\u0151en a makacs szennyez\u0151d\u00e9sekkel, zs\u00edrokkal vagy \u00e9g\u00e9si s\u00e9r\u00fcl\u00e9sekkel is megbirk\u00f3zik. A fel\u00fcleteket ragyog\u00f3an tiszt\u00e1v\u00e1 \u00e9s a r\u00f3zsasz\u00edn vir\u00e1gok finom illat\u00e1val frissen illatos\u00edtva hagyja. Alkalmas konyh\u00e1k, f\u00fcrd\u0151szob\u00e1k, mosogat\u00f3k, k\u00e1lyh\u00e1k, f\u00fcrd\u0151k\u00e1dak vagy ker\u00e1miafel\u00fcletek tiszt\u00edt\u00e1s\u00e1ra.   <\/p>\n<p>M\u00e9lytiszt\u00edt karcol\u00e1s n\u00e9lk\u00fcl<br \/>\nElt\u00e1vol\u00edtja a makacs szennyez\u0151d\u00e9seket \u00e9s a zs\u00edrt<br \/>\nFinom vir\u00e1gos illat<br \/>\nT\u00e9rfogat: 500 ml<\/p>\n","protected":false},"excerpt":{"rendered":"<p>A Cif Cream Pink Flower m\u00e9lytiszt\u00edt\u00e1st k\u00edn\u00e1l a fel\u00fcletek karcol\u00e1sa n\u00e9lk\u00fcl. Hat\u00e9kony formul\u00e1j\u00e1nak k\u00f6sz\u00f6nhet\u0151en a makacs szennyez\u0151d\u00e9sekkel, zs\u00edrokkal vagy \u00e9g\u00e9si s\u00e9r\u00fcl\u00e9sekkel is megbirk\u00f3zik. A fel\u00fcleteket ragyog\u00f3an tiszt\u00e1v\u00e1 \u00e9s a r\u00f3zsasz\u00edn vir\u00e1gok finom illat\u00e1val frissen illatos\u00edtva hagyja. Alkalmas konyh\u00e1k, f\u00fcrd\u0151szob\u00e1k, mosogat\u00f3k, k\u00e1lyh\u00e1k, f\u00fcrd\u0151k\u00e1dak vagy ker\u00e1miafel\u00fcletek tiszt\u00edt\u00e1s\u00e1ra. M\u00e9lytiszt\u00edt karcol\u00e1s n\u00e9lk\u00fcl Elt\u00e1vol\u00edtja a makacs szennyez\u0151d\u00e9seket \u00e9s a zs\u00edrt [&hellip;]<\/p>\n","protected":false},"featured_media":16590,"template":"","meta":[],"product_brand":[188],"product_cat":[331],"product_tag":[],"class_list":{"0":"post-16589","1":"product","2":"type-product","3":"status-publish","4":"has-post-thumbnail","6":"product_brand-cif","7":"product_cat-tisztitoszerek","9":"first","10":"instock","11":"taxable","12":"shipping-taxable","13":"purchasable","14":"product-type-simple"},"_links":{"self":[{"href":"https:\/\/perfettohome.sk\/hu\/wp-json\/wp\/v2\/product\/16589","targetHints":{"allow":["GET"]}}],"collection":[{"href":"https:\/\/perfettohome.sk\/hu\/wp-json\/wp\/v2\/product"}],"about":[{"href":"https:\/\/perfettohome.sk\/hu\/wp-json\/wp\/v2\/types\/product"}],"wp:featuredmedia":[{"embeddable":true,"href":"https:\/\/perfettohome.sk\/hu\/wp-json\/wp\/v2\/media\/16590"}],"wp:attachment":[{"href":"https:\/\/perfettohome.sk\/hu\/wp-json\/wp\/v2\/media?parent=16589"}],"wp:term":[{"taxonomy":"product_brand","embeddable":true,"href":"https:\/\/perfettohome.sk\/hu\/wp-json\/wp\/v2\/product_brand?post=16589"},{"taxonomy":"product_cat","embeddable":true,"href":"https:\/\/perfettohome.sk\/hu\/wp-json\/wp\/v2\/product_cat?post=16589"},{"taxonomy":"product_tag","embeddable":true,"href":"https:\/\/perfettohome.sk\/hu\/wp-json\/wp\/v2\/product_tag?post=16589"}],"curies":[{"name":"wp","href":"https:\/\/api.w.org\/{rel}","templated":true}]}}