{"id":16591,"date":"2025-04-02T19:11:05","date_gmt":"2025-04-02T17:11:05","guid":{"rendered":"https:\/\/perfettohome.sk\/produkt\/nivea-tusfurdo-sargabarackmagolaj-250ml\/"},"modified":"2025-12-13T21:36:28","modified_gmt":"2025-12-13T20:36:28","slug":"nivea-tusfurdo-sargabarackmagolaj-250ml","status":"publish","type":"product","link":"https:\/\/perfettohome.sk\/hu\/produkt\/nivea-tusfurdo-sargabarackmagolaj-250ml\/","title":{"rendered":"Nivea tusf\u00fcrd\u0151 &#8211; Care and apricot seed oil 250ml"},"content":{"rendered":"<p>K\u00e9nyeztesse b\u0151r\u00e9t a Nivea Care &amp; Apricot tusf\u00fcrd\u0151vel. A s\u00e1rgabarackkivonatot tartalmaz\u00f3 kr\u00e9mes formula gyeng\u00e9den tiszt\u00edtja \u00e9s egyszerre hidrat\u00e1lja a b\u0151rt. A s\u00e1rgabarack friss \u00e9s gy\u00fcm\u00f6lcs\u00f6s illata fel\u00e9breszti \u00e9rz\u00e9keidet, b\u0151r\u00f6d pedig selymesen puha \u00e9s gy\u00f6ny\u00f6r\u0171en illatos lesz.  <\/p>\n<p>S\u00e1rgabarack kivonattal<br \/>\nKr\u00e9mes \u00e9s hidrat\u00e1l\u00f3 formula<br \/>\nGyeng\u00e9den tiszt\u00edtja \u00e9s \u00e1polja a b\u0151rt<br \/>\nT\u00e9rfogat: 250 ml<\/p>\n","protected":false},"excerpt":{"rendered":"<p>K\u00e9nyeztesse b\u0151r\u00e9t a Nivea Care &amp; Apricot tusf\u00fcrd\u0151vel. A s\u00e1rgabarackkivonatot tartalmaz\u00f3 kr\u00e9mes formula gyeng\u00e9den tiszt\u00edtja \u00e9s egyszerre hidrat\u00e1lja a b\u0151rt. A s\u00e1rgabarack friss \u00e9s gy\u00fcm\u00f6lcs\u00f6s illata fel\u00e9breszti \u00e9rz\u00e9keidet, b\u0151r\u00f6d pedig selymesen puha \u00e9s gy\u00f6ny\u00f6r\u0171en illatos lesz. S\u00e1rgabarack kivonattal Kr\u00e9mes \u00e9s hidrat\u00e1l\u00f3 formula Gyeng\u00e9den tiszt\u00edtja \u00e9s \u00e1polja a b\u0151rt T\u00e9rfogat: 250 ml<\/p>\n","protected":false},"featured_media":10926,"template":"","meta":[],"product_brand":[201],"product_cat":[329],"product_tag":[],"class_list":{"0":"post-16591","1":"product","2":"type-product","3":"status-publish","4":"has-post-thumbnail","6":"product_brand-nivea","7":"product_cat-zuhanyzselek","9":"first","10":"instock","11":"taxable","12":"shipping-taxable","13":"purchasable","14":"product-type-simple"},"_links":{"self":[{"href":"https:\/\/perfettohome.sk\/hu\/wp-json\/wp\/v2\/product\/16591","targetHints":{"allow":["GET"]}}],"collection":[{"href":"https:\/\/perfettohome.sk\/hu\/wp-json\/wp\/v2\/product"}],"about":[{"href":"https:\/\/perfettohome.sk\/hu\/wp-json\/wp\/v2\/types\/product"}],"wp:featuredmedia":[{"embeddable":true,"href":"https:\/\/perfettohome.sk\/hu\/wp-json\/wp\/v2\/media\/10926"}],"wp:attachment":[{"href":"https:\/\/perfettohome.sk\/hu\/wp-json\/wp\/v2\/media?parent=16591"}],"wp:term":[{"taxonomy":"product_brand","embeddable":true,"href":"https:\/\/perfettohome.sk\/hu\/wp-json\/wp\/v2\/product_brand?post=16591"},{"taxonomy":"product_cat","embeddable":true,"href":"https:\/\/perfettohome.sk\/hu\/wp-json\/wp\/v2\/product_cat?post=16591"},{"taxonomy":"product_tag","embeddable":true,"href":"https:\/\/perfettohome.sk\/hu\/wp-json\/wp\/v2\/product_tag?post=16591"}],"curies":[{"name":"wp","href":"https:\/\/api.w.org\/{rel}","templated":true}]}}