{"id":16594,"date":"2025-04-02T18:46:43","date_gmt":"2025-04-02T16:46:43","guid":{"rendered":"https:\/\/perfettohome.sk\/produkt\/ajax-1l-viragos-fiesta-piros-viragok\/"},"modified":"2025-12-13T21:30:49","modified_gmt":"2025-12-13T20:30:49","slug":"ajax-1l-viragos-fiesta-piros-viragok","status":"publish","type":"product","link":"https:\/\/perfettohome.sk\/hu\/produkt\/ajax-1l-viragos-fiesta-piros-viragok\/","title":{"rendered":"Ajax 1L -Floral Fiesta Red Flowers"},"content":{"rendered":"<p>Adjon otthon\u00e1nak v\u00e9gs\u0151 tisztas\u00e1got \u00e9s frissess\u00e9get az Ajax Floral Fiesta Red Flowers t\u00f6bbc\u00e9l\u00fa tiszt\u00edt\u00f3szerrel. Az ill\u00f3olajokkal \u00e9s term\u00e9szetes kivonatokkal d\u00fas\u00edtott tiszt\u00edt\u00f3szer nemcsak hat\u00e9konyan tiszt\u00edtja a fel\u00fcleteket, hanem kellemes illatot is hagy maga ut\u00e1n, amely ak\u00e1r 24 \u00f3r\u00e1n \u00e1t is kitart. Azonnali hat\u00e9konys\u00e1got garant\u00e1l a szennyez\u0151d\u00e9sek \u00e9s szagok ellen, \u00e9s 100%-ban biztos\u00edtja az Ajax tiszt\u00edt\u00f3erej\u00e9t &#8211; hideg v\u00edzben is hat\u00e9kony.  <\/p>\n<p>Intenz\u00edv frissess\u00e9g &#8211; 24 \u00f3r\u00e1n \u00e1t kellemes vir\u00e1gillatot hagy maga ut\u00e1n<br \/>\nTerm\u00e9szetes \u00f6sszetev\u0151k &#8211; 99%-ban term\u00e9szetes \u00f6sszetev\u0151kb\u0151l \u00e9s ill\u00f3olajokb\u00f3l k\u00e9sz\u00fclt<br \/>\nK\u00f6rnyezetbar\u00e1t \u00e9s figyelmes &#8211; veg\u00e1n, b\u0151rgy\u00f3gy\u00e1szatilag tesztelt, biol\u00f3giailag leboml\u00f3 formula (97%)<br \/>\n\u00dajrahasznos\u00edthat\u00f3 flakon &#8211; a csomagol\u00e1s 100%-ban \u00fajrahasznos\u00edtott m\u0171anyagb\u00f3l k\u00e9sz\u00fclt, a kupakkal egy\u00fctt is \u00fajrahasznos\u00edthat\u00f3.<\/p>\n<p>Adja meg otthon\u00e1nak a meg\u00e9rdemelt term\u00e9szetes frissess\u00e9get \u00e9s tisztas\u00e1got az Ajax Floral Fiesta Red Flowers t\u00f6bbc\u00e9l\u00fa tiszt\u00edt\u00f3szerrel. K\u00fcl\u00f6nb\u00f6z\u0151 fel\u00fcletek \u00e9s mindennapi tiszt\u00edt\u00e1shoz alkalmas. <\/p>\n<p>Csomagol\u00e1s: 1000 ml<\/p>\n","protected":false},"excerpt":{"rendered":"<p>Adjon otthon\u00e1nak v\u00e9gs\u0151 tisztas\u00e1got \u00e9s frissess\u00e9get az Ajax Floral Fiesta Red Flowers t\u00f6bbc\u00e9l\u00fa tiszt\u00edt\u00f3szerrel. Az ill\u00f3olajokkal \u00e9s term\u00e9szetes kivonatokkal d\u00fas\u00edtott tiszt\u00edt\u00f3szer nemcsak hat\u00e9konyan tiszt\u00edtja a fel\u00fcleteket, hanem kellemes illatot is hagy maga ut\u00e1n, amely ak\u00e1r 24 \u00f3r\u00e1n \u00e1t is kitart. Azonnali hat\u00e9konys\u00e1got garant\u00e1l a szennyez\u0151d\u00e9sek \u00e9s szagok ellen, \u00e9s 100%-ban biztos\u00edtja az Ajax tiszt\u00edt\u00f3erej\u00e9t &#8211; [&hellip;]<\/p>\n","protected":false},"featured_media":16597,"template":"","meta":[],"product_brand":[182],"product_cat":[296],"product_tag":[],"class_list":{"0":"post-16594","1":"product","2":"type-product","3":"status-publish","4":"has-post-thumbnail","6":"product_brand-ajax","7":"product_cat-egyeb","9":"first","10":"instock","11":"taxable","12":"shipping-taxable","13":"purchasable","14":"product-type-simple"},"_links":{"self":[{"href":"https:\/\/perfettohome.sk\/hu\/wp-json\/wp\/v2\/product\/16594","targetHints":{"allow":["GET"]}}],"collection":[{"href":"https:\/\/perfettohome.sk\/hu\/wp-json\/wp\/v2\/product"}],"about":[{"href":"https:\/\/perfettohome.sk\/hu\/wp-json\/wp\/v2\/types\/product"}],"wp:featuredmedia":[{"embeddable":true,"href":"https:\/\/perfettohome.sk\/hu\/wp-json\/wp\/v2\/media\/16597"}],"wp:attachment":[{"href":"https:\/\/perfettohome.sk\/hu\/wp-json\/wp\/v2\/media?parent=16594"}],"wp:term":[{"taxonomy":"product_brand","embeddable":true,"href":"https:\/\/perfettohome.sk\/hu\/wp-json\/wp\/v2\/product_brand?post=16594"},{"taxonomy":"product_cat","embeddable":true,"href":"https:\/\/perfettohome.sk\/hu\/wp-json\/wp\/v2\/product_cat?post=16594"},{"taxonomy":"product_tag","embeddable":true,"href":"https:\/\/perfettohome.sk\/hu\/wp-json\/wp\/v2\/product_tag?post=16594"}],"curies":[{"name":"wp","href":"https:\/\/api.w.org\/{rel}","templated":true}]}}