{"id":16599,"date":"2025-04-02T18:34:13","date_gmt":"2025-04-02T16:34:13","guid":{"rendered":"https:\/\/perfettohome.sk\/produkt\/always-egeszsegugyi-betetek-platinum-normal-8db\/"},"modified":"2025-04-02T18:34:13","modified_gmt":"2025-04-02T16:34:13","slug":"always-egeszsegugyi-betetek-platinum-normal-8db","status":"publish","type":"product","link":"https:\/\/perfettohome.sk\/hu\/produkt\/always-egeszsegugyi-betetek-platinum-normal-8db\/","title":{"rendered":"Always eg\u00e9szs\u00e9g\u00fcgyi bet\u00e9tek &#8211; Platinum Normal 8db"},"content":{"rendered":"<p>Nagy k\u00e9nyelem \u00e9s megb\u00edzhat\u00f3 v\u00e9delem minden nap. Az Always Platinum Normal eg\u00e9szs\u00e9g\u00fcgyi bet\u00e9teket m\u00e9rs\u00e9kelt menstru\u00e1ci\u00f3ra tervezt\u00e9k. A tov\u00e1bbfejlesztett magnak \u00e9s az extra puha selyemhat\u00e1s\u00fa fel\u00fcletnek k\u00f6sz\u00f6nhet\u0151en maxim\u00e1lis k\u00e9nyelmet \u00e9s tisztas\u00e1g\u00e9rzetet biztos\u00edtanak. Az oldals\u00f3 sz\u00e1rnyak seg\u00edtenek a bet\u00e9tet a hely\u00e9n tartani \u00e9s megakad\u00e1lyozz\u00e1k a t\u00falfoly\u00e1st.   <\/p>\n<p>Jellemz\u0151k:<\/p>\n<p>Fokozott felsz\u00edv\u00f3d\u00e1s a sz\u00e1raz \u00e9rz\u00e9s\u00e9rt<\/p>\n<p>Puha fel\u00fclet selymes tapint\u00e1s\u00fa<\/p>\n<p>Sz\u00e1rnyak a jobb r\u00f6gz\u00edt\u00e9s\u00e9rt<\/p>\n<p>Menstru\u00e1ci\u00f3 alatti napi haszn\u00e1latra tervezve<\/p>\n<p>A csomag 8 darabot tartalmaz<\/p>\n<p>&nbsp;<\/p>\n","protected":false},"excerpt":{"rendered":"<p>Nagy k\u00e9nyelem \u00e9s megb\u00edzhat\u00f3 v\u00e9delem minden nap. Az Always Platinum Normal eg\u00e9szs\u00e9g\u00fcgyi bet\u00e9teket m\u00e9rs\u00e9kelt menstru\u00e1ci\u00f3ra tervezt\u00e9k. A tov\u00e1bbfejlesztett magnak \u00e9s az extra puha selyemhat\u00e1s\u00fa fel\u00fcletnek k\u00f6sz\u00f6nhet\u0151en maxim\u00e1lis k\u00e9nyelmet \u00e9s tisztas\u00e1g\u00e9rzetet biztos\u00edtanak. Az oldals\u00f3 sz\u00e1rnyak seg\u00edtenek a bet\u00e9tet a hely\u00e9n tartani \u00e9s megakad\u00e1lyozz\u00e1k a t\u00falfoly\u00e1st. Jellemz\u0151k: Fokozott felsz\u00edv\u00f3d\u00e1s a sz\u00e1raz \u00e9rz\u00e9s\u00e9rt Puha fel\u00fclet selymes tapint\u00e1s\u00fa Sz\u00e1rnyak [&hellip;]<\/p>\n","protected":false},"featured_media":16600,"template":"","meta":[],"product_brand":[207],"product_cat":[304],"product_tag":[],"class_list":{"0":"post-16599","1":"product","2":"type-product","3":"status-publish","4":"has-post-thumbnail","6":"product_brand-always","7":"product_cat-intim-higienia","9":"first","10":"instock","11":"taxable","12":"shipping-taxable","13":"purchasable","14":"product-type-simple"},"_links":{"self":[{"href":"https:\/\/perfettohome.sk\/hu\/wp-json\/wp\/v2\/product\/16599","targetHints":{"allow":["GET"]}}],"collection":[{"href":"https:\/\/perfettohome.sk\/hu\/wp-json\/wp\/v2\/product"}],"about":[{"href":"https:\/\/perfettohome.sk\/hu\/wp-json\/wp\/v2\/types\/product"}],"wp:featuredmedia":[{"embeddable":true,"href":"https:\/\/perfettohome.sk\/hu\/wp-json\/wp\/v2\/media\/16600"}],"wp:attachment":[{"href":"https:\/\/perfettohome.sk\/hu\/wp-json\/wp\/v2\/media?parent=16599"}],"wp:term":[{"taxonomy":"product_brand","embeddable":true,"href":"https:\/\/perfettohome.sk\/hu\/wp-json\/wp\/v2\/product_brand?post=16599"},{"taxonomy":"product_cat","embeddable":true,"href":"https:\/\/perfettohome.sk\/hu\/wp-json\/wp\/v2\/product_cat?post=16599"},{"taxonomy":"product_tag","embeddable":true,"href":"https:\/\/perfettohome.sk\/hu\/wp-json\/wp\/v2\/product_tag?post=16599"}],"curies":[{"name":"wp","href":"https:\/\/api.w.org\/{rel}","templated":true}]}}