{"id":16606,"date":"2025-04-02T18:30:00","date_gmt":"2025-04-02T16:30:00","guid":{"rendered":"https:\/\/perfettohome.sk\/produkt\/old-spice-stick-50ml-kapitany\/"},"modified":"2025-12-13T21:17:13","modified_gmt":"2025-12-13T20:17:13","slug":"old-spice-stick-50ml-kapitany","status":"publish","type":"product","link":"https:\/\/perfettohome.sk\/hu\/produkt\/old-spice-stick-50ml-kapitany\/","title":{"rendered":"Old Spice stick 50ml &#8211; Captain"},"content":{"rendered":"<p>Az Old Spice Stick Captain egy stick dezodor, amely hosszantart\u00f3 v\u00e9delmet ny\u00fajt az izzads\u00e1g \u00e9s a szagok ellen. Egyedi illat\u00e1val, amely citrusos, f\u0171szeres jegyeket \u00e9s f\u00e1s hangs\u00falyokat tartalmaz, eg\u00e9sz nap friss \u00e9s energikus leszel t\u0151le. A dezodor gyeng\u00e9d a b\u0151rh\u00f6z, m\u00e9gis hat\u00e9kony a szagok ellen, \u00e9s tiszta, k\u00e9nyelmes \u00e9rz\u00e9st biztos\u00edt an\u00e9lk\u00fcl, hogy maradv\u00e1nyokat hagyna maga ut\u00e1n. Ide\u00e1lis az akt\u00edv f\u00e9rfiak sz\u00e1m\u00e1ra, akik \u00e9rt\u00e9kelik a min\u0151s\u00e9gi v\u00e9delmet \u00e9s a modern, f\u00e9rfias illatot.   <\/p>\n<p>Hosszantart\u00f3 v\u00e9delem a szagok \u00e9s az izzads\u00e1g ellen<br \/>\nKellemes \u00e9s friss\u00edt\u0151 illat<br \/>\nK\u00edm\u00e9letes a b\u0151rh\u00f6z, nyomok n\u00e9lk\u00fcl<br \/>\n50 ml-es kiszerel\u00e9sben<\/p>\n<p>Alkalmaz\u00e1s: Alkalmazza a tiszta b\u0151rre sz\u00fcks\u00e9g szerint.<\/p>\n","protected":false},"excerpt":{"rendered":"<p>Az Old Spice Stick Captain egy stick dezodor, amely hosszantart\u00f3 v\u00e9delmet ny\u00fajt az izzads\u00e1g \u00e9s a szagok ellen. Egyedi illat\u00e1val, amely citrusos, f\u0171szeres jegyeket \u00e9s f\u00e1s hangs\u00falyokat tartalmaz, eg\u00e9sz nap friss \u00e9s energikus leszel t\u0151le. A dezodor gyeng\u00e9d a b\u0151rh\u00f6z, m\u00e9gis hat\u00e9kony a szagok ellen, \u00e9s tiszta, k\u00e9nyelmes \u00e9rz\u00e9st biztos\u00edt an\u00e9lk\u00fcl, hogy maradv\u00e1nyokat hagyna maga [&hellip;]<\/p>\n","protected":false},"featured_media":16608,"template":"","meta":[],"product_brand":[202],"product_cat":[294],"product_tag":[],"class_list":{"0":"post-16606","1":"product","2":"type-product","3":"status-publish","4":"has-post-thumbnail","6":"product_brand-old-spice","7":"product_cat-dezodorok","9":"first","10":"outofstock","11":"taxable","12":"shipping-taxable","13":"purchasable","14":"product-type-simple"},"_links":{"self":[{"href":"https:\/\/perfettohome.sk\/hu\/wp-json\/wp\/v2\/product\/16606","targetHints":{"allow":["GET"]}}],"collection":[{"href":"https:\/\/perfettohome.sk\/hu\/wp-json\/wp\/v2\/product"}],"about":[{"href":"https:\/\/perfettohome.sk\/hu\/wp-json\/wp\/v2\/types\/product"}],"wp:featuredmedia":[{"embeddable":true,"href":"https:\/\/perfettohome.sk\/hu\/wp-json\/wp\/v2\/media\/16608"}],"wp:attachment":[{"href":"https:\/\/perfettohome.sk\/hu\/wp-json\/wp\/v2\/media?parent=16606"}],"wp:term":[{"taxonomy":"product_brand","embeddable":true,"href":"https:\/\/perfettohome.sk\/hu\/wp-json\/wp\/v2\/product_brand?post=16606"},{"taxonomy":"product_cat","embeddable":true,"href":"https:\/\/perfettohome.sk\/hu\/wp-json\/wp\/v2\/product_cat?post=16606"},{"taxonomy":"product_tag","embeddable":true,"href":"https:\/\/perfettohome.sk\/hu\/wp-json\/wp\/v2\/product_tag?post=16606"}],"curies":[{"name":"wp","href":"https:\/\/api.w.org\/{rel}","templated":true}]}}