{"id":16607,"date":"2025-04-02T18:41:22","date_gmt":"2025-04-02T16:41:22","guid":{"rendered":"https:\/\/perfettohome.sk\/produkt\/always-egeszsegugyi-szalveta-ultra-normal-10db\/"},"modified":"2025-12-13T21:19:10","modified_gmt":"2025-12-13T20:19:10","slug":"always-egeszsegugyi-szalveta-ultra-normal-10db","status":"publish","type":"product","link":"https:\/\/perfettohome.sk\/hu\/produkt\/always-egeszsegugyi-szalveta-ultra-normal-10db\/","title":{"rendered":"Always eg\u00e9szs\u00e9g\u00fcgyi bet\u00e9t- Ultra Normal 10db"},"content":{"rendered":"<p>Az Always Ultra Normal ultrav\u00e9kony eg\u00e9szs\u00e9g\u00fcgyi bet\u00e9tek megb\u00edzhat\u00f3 v\u00e9delmet ny\u00fajtanak a norm\u00e1l menstru\u00e1ci\u00f3s napokon. Az InstantDry technol\u00f3gia gyorsan felsz\u00edvja a folyad\u00e9kot \u00e9s bez\u00e1rja azt, \u00edgy ak\u00e1r 8 \u00f3r\u00e1n kereszt\u00fcl sz\u00e1raz \u00e9rz\u00e9st biztos\u00edt. Az OdourLock technol\u00f3gia semleges\u00edti a kellemetlen szagokat. A bet\u00e9tek k\u00e9nyelmes sz\u00e1rnyakkal rendelkeznek, hogy a hely\u00fck\u00f6n tarts\u00e1k \u0151ket.   <\/p>\n<p>Megb\u00edzhat\u00f3 v\u00e9delem a menstru\u00e1ci\u00f3 alatt<br \/>\nGyors felsz\u00edv\u00f3d\u00e1s az InstantDry technol\u00f3gi\u00e1val<br \/>\nOdourLock semleges\u00edti a szagokat<br \/>\nK\u00e9nyelmes sz\u00e1rnyak a biztons\u00e1gos illeszked\u00e9s\u00e9rt<\/p>\n<p>Csomagol\u00e1s: 10 db<\/p>\n","protected":false},"excerpt":{"rendered":"<p>Az Always Ultra Normal ultrav\u00e9kony eg\u00e9szs\u00e9g\u00fcgyi bet\u00e9tek megb\u00edzhat\u00f3 v\u00e9delmet ny\u00fajtanak a norm\u00e1l menstru\u00e1ci\u00f3s napokon. Az InstantDry technol\u00f3gia gyorsan felsz\u00edvja a folyad\u00e9kot \u00e9s bez\u00e1rja azt, \u00edgy ak\u00e1r 8 \u00f3r\u00e1n kereszt\u00fcl sz\u00e1raz \u00e9rz\u00e9st biztos\u00edt. Az OdourLock technol\u00f3gia semleges\u00edti a kellemetlen szagokat. A bet\u00e9tek k\u00e9nyelmes sz\u00e1rnyakkal rendelkeznek, hogy a hely\u00fck\u00f6n tarts\u00e1k \u0151ket. Megb\u00edzhat\u00f3 v\u00e9delem a menstru\u00e1ci\u00f3 alatt Gyors [&hellip;]<\/p>\n","protected":false},"featured_media":16609,"template":"","meta":[],"product_brand":[207],"product_cat":[304],"product_tag":[],"class_list":{"0":"post-16607","1":"product","2":"type-product","3":"status-publish","4":"has-post-thumbnail","6":"product_brand-always","7":"product_cat-intim-higienia","9":"first","10":"instock","11":"taxable","12":"shipping-taxable","13":"purchasable","14":"product-type-simple"},"_links":{"self":[{"href":"https:\/\/perfettohome.sk\/hu\/wp-json\/wp\/v2\/product\/16607","targetHints":{"allow":["GET"]}}],"collection":[{"href":"https:\/\/perfettohome.sk\/hu\/wp-json\/wp\/v2\/product"}],"about":[{"href":"https:\/\/perfettohome.sk\/hu\/wp-json\/wp\/v2\/types\/product"}],"wp:featuredmedia":[{"embeddable":true,"href":"https:\/\/perfettohome.sk\/hu\/wp-json\/wp\/v2\/media\/16609"}],"wp:attachment":[{"href":"https:\/\/perfettohome.sk\/hu\/wp-json\/wp\/v2\/media?parent=16607"}],"wp:term":[{"taxonomy":"product_brand","embeddable":true,"href":"https:\/\/perfettohome.sk\/hu\/wp-json\/wp\/v2\/product_brand?post=16607"},{"taxonomy":"product_cat","embeddable":true,"href":"https:\/\/perfettohome.sk\/hu\/wp-json\/wp\/v2\/product_cat?post=16607"},{"taxonomy":"product_tag","embeddable":true,"href":"https:\/\/perfettohome.sk\/hu\/wp-json\/wp\/v2\/product_tag?post=16607"}],"curies":[{"name":"wp","href":"https:\/\/api.w.org\/{rel}","templated":true}]}}