{"id":16611,"date":"2025-04-02T18:40:03","date_gmt":"2025-04-02T16:40:03","guid":{"rendered":"https:\/\/perfettohome.sk\/produkt\/always-egeszsegugyi-betetek-ultra-super-8db\/"},"modified":"2025-04-02T18:40:03","modified_gmt":"2025-04-02T16:40:03","slug":"always-egeszsegugyi-betetek-ultra-super-8db","status":"publish","type":"product","link":"https:\/\/perfettohome.sk\/hu\/produkt\/always-egeszsegugyi-betetek-ultra-super-8db\/","title":{"rendered":"Always eg\u00e9szs\u00e9g\u00fcgyi bet\u00e9tek &#8211; Ultra Super 8db"},"content":{"rendered":"<p>Az Always Ultra Super Plus ultra-v\u00e9kony menstru\u00e1ci\u00f3s bet\u00e9tek megb\u00edzhat\u00f3 v\u00e9delmet ny\u00fajtanak az er\u0151s menstru\u00e1ci\u00f3 idej\u00e9n. Az InstantDry technol\u00f3gi\u00e1nak k\u00f6sz\u00f6nhet\u0151en gyorsan felsz\u00edvj\u00e1k a folyad\u00e9kot, \u00e9s bez\u00e1rj\u00e1k azt, \u00edgy ak\u00e1r 8 \u00f3r\u00e1n kereszt\u00fcl sz\u00e1raz \u00e9rz\u00e9st biztos\u00edtanak. OdourLock technol\u00f3gi\u00e1t tartalmaznak a szagok semleges\u00edt\u00e9se \u00e9rdek\u00e9ben. Rugalmas sz\u00e1rnyak tartj\u00e1k a bet\u00e9tet a hely\u00e9n a maxim\u00e1lis k\u00e9nyelem \u00e9rdek\u00e9ben.   <\/p>\n<p>Megb\u00edzhat\u00f3 v\u00e9delem az er\u0151s menstru\u00e1ci\u00f3 alatt<br \/>\nInstantDry technol\u00f3gia a gyors felsz\u00edv\u00f3d\u00e1s\u00e9rt<br \/>\nOdourLock semleges\u00edti a kellemetlen szagokat<br \/>\nK\u00e9nyelmes sz\u00e1rnyak a biztos illeszked\u00e9s\u00e9rt<\/p>\n<p>Csomagol\u00e1s: 8 db<\/p>\n","protected":false},"excerpt":{"rendered":"<p>Az Always Ultra Super Plus ultra-v\u00e9kony menstru\u00e1ci\u00f3s bet\u00e9tek megb\u00edzhat\u00f3 v\u00e9delmet ny\u00fajtanak az er\u0151s menstru\u00e1ci\u00f3 idej\u00e9n. Az InstantDry technol\u00f3gi\u00e1nak k\u00f6sz\u00f6nhet\u0151en gyorsan felsz\u00edvj\u00e1k a folyad\u00e9kot, \u00e9s bez\u00e1rj\u00e1k azt, \u00edgy ak\u00e1r 8 \u00f3r\u00e1n kereszt\u00fcl sz\u00e1raz \u00e9rz\u00e9st biztos\u00edtanak. OdourLock technol\u00f3gi\u00e1t tartalmaznak a szagok semleges\u00edt\u00e9se \u00e9rdek\u00e9ben. Rugalmas sz\u00e1rnyak tartj\u00e1k a bet\u00e9tet a hely\u00e9n a maxim\u00e1lis k\u00e9nyelem \u00e9rdek\u00e9ben. Megb\u00edzhat\u00f3 v\u00e9delem az [&hellip;]<\/p>\n","protected":false},"featured_media":16613,"template":"","meta":[],"product_brand":[207],"product_cat":[304],"product_tag":[],"class_list":{"0":"post-16611","1":"product","2":"type-product","3":"status-publish","4":"has-post-thumbnail","6":"product_brand-always","7":"product_cat-intim-higienia","9":"first","10":"instock","11":"taxable","12":"shipping-taxable","13":"purchasable","14":"product-type-simple"},"_links":{"self":[{"href":"https:\/\/perfettohome.sk\/hu\/wp-json\/wp\/v2\/product\/16611","targetHints":{"allow":["GET"]}}],"collection":[{"href":"https:\/\/perfettohome.sk\/hu\/wp-json\/wp\/v2\/product"}],"about":[{"href":"https:\/\/perfettohome.sk\/hu\/wp-json\/wp\/v2\/types\/product"}],"wp:featuredmedia":[{"embeddable":true,"href":"https:\/\/perfettohome.sk\/hu\/wp-json\/wp\/v2\/media\/16613"}],"wp:attachment":[{"href":"https:\/\/perfettohome.sk\/hu\/wp-json\/wp\/v2\/media?parent=16611"}],"wp:term":[{"taxonomy":"product_brand","embeddable":true,"href":"https:\/\/perfettohome.sk\/hu\/wp-json\/wp\/v2\/product_brand?post=16611"},{"taxonomy":"product_cat","embeddable":true,"href":"https:\/\/perfettohome.sk\/hu\/wp-json\/wp\/v2\/product_cat?post=16611"},{"taxonomy":"product_tag","embeddable":true,"href":"https:\/\/perfettohome.sk\/hu\/wp-json\/wp\/v2\/product_tag?post=16611"}],"curies":[{"name":"wp","href":"https:\/\/api.w.org\/{rel}","templated":true}]}}