{"id":16614,"date":"2025-04-02T18:08:48","date_gmt":"2025-04-02T16:08:48","guid":{"rendered":"https:\/\/perfettohome.sk\/produkt\/naturella-betetek-ultra-maxi-32db\/"},"modified":"2025-04-02T18:08:48","modified_gmt":"2025-04-02T16:08:48","slug":"naturella-betetek-ultra-maxi-32db","status":"publish","type":"product","link":"https:\/\/perfettohome.sk\/hu\/produkt\/naturella-betetek-ultra-maxi-32db\/","title":{"rendered":"Naturella bet\u00e9tek &#8211; Ultra Maxi 32db"},"content":{"rendered":"<p>A Naturella Ultra Maxi bet\u00e9tek ide\u00e1lis megold\u00e1st jelentenek a menstru\u00e1ci\u00f3 alatti tart\u00f3s v\u00e9delemhez \u00e9s k\u00e9nyelemhez. Ezek a bet\u00e9tek a maxim\u00e1lis felsz\u00edv\u00f3d\u00e1st biztos\u00edt\u00f3 technol\u00f3gi\u00e1val \u00e9s term\u00e9szetes kamillakivonattal rendelkeznek, amely gyeng\u00e9d a b\u0151rh\u00f6z \u00e9s friss \u00e9rz\u00e9st biztos\u00edt. K\u00edm\u00e9letesek a b\u0151rh\u00f6z, m\u00e9gis el\u00e9g er\u0151sek ahhoz, hogy megv\u00e9dj\u00e9k \u00d6nt a t\u00falfoly\u00e1st\u00f3l. A bet\u00e9tek mindennapos haszn\u00e1latra alkalmasak m\u00e9g a nehezebb menstru\u00e1ci\u00f3s napokon is.   <\/p>\n<p>Maxim\u00e1lis felsz\u00edv\u00f3d\u00e1s \u00e9s v\u00e9delem<br \/>\nTerm\u00e9szetes kamillakivonattal<br \/>\nK\u00edm\u00e9letes a b\u0151rh\u00f6z, k\u00edm\u00e9letes a testhez<br \/>\nIde\u00e1lis a neh\u00e9z menstru\u00e1ci\u00f3s napokon.<\/p>\n<p>Haszn\u00e1lat: Haszn\u00e1lja a bet\u00e9tet sz\u00fcks\u00e9g szerint a menstru\u00e1ci\u00f3 alatt.<\/p>\n","protected":false},"excerpt":{"rendered":"<p>A Naturella Ultra Maxi bet\u00e9tek ide\u00e1lis megold\u00e1st jelentenek a menstru\u00e1ci\u00f3 alatti tart\u00f3s v\u00e9delemhez \u00e9s k\u00e9nyelemhez. Ezek a bet\u00e9tek a maxim\u00e1lis felsz\u00edv\u00f3d\u00e1st biztos\u00edt\u00f3 technol\u00f3gi\u00e1val \u00e9s term\u00e9szetes kamillakivonattal rendelkeznek, amely gyeng\u00e9d a b\u0151rh\u00f6z \u00e9s friss \u00e9rz\u00e9st biztos\u00edt. K\u00edm\u00e9letesek a b\u0151rh\u00f6z, m\u00e9gis el\u00e9g er\u0151sek ahhoz, hogy megv\u00e9dj\u00e9k \u00d6nt a t\u00falfoly\u00e1st\u00f3l. A bet\u00e9tek mindennapos haszn\u00e1latra alkalmasak m\u00e9g a nehezebb [&hellip;]<\/p>\n","protected":false},"featured_media":16617,"template":"","meta":[],"product_brand":[204],"product_cat":[304],"product_tag":[],"class_list":{"0":"post-16614","1":"product","2":"type-product","3":"status-publish","4":"has-post-thumbnail","6":"product_brand-naturella","7":"product_cat-intim-higienia","9":"first","10":"outofstock","11":"taxable","12":"shipping-taxable","13":"purchasable","14":"product-type-simple"},"_links":{"self":[{"href":"https:\/\/perfettohome.sk\/hu\/wp-json\/wp\/v2\/product\/16614","targetHints":{"allow":["GET"]}}],"collection":[{"href":"https:\/\/perfettohome.sk\/hu\/wp-json\/wp\/v2\/product"}],"about":[{"href":"https:\/\/perfettohome.sk\/hu\/wp-json\/wp\/v2\/types\/product"}],"wp:featuredmedia":[{"embeddable":true,"href":"https:\/\/perfettohome.sk\/hu\/wp-json\/wp\/v2\/media\/16617"}],"wp:attachment":[{"href":"https:\/\/perfettohome.sk\/hu\/wp-json\/wp\/v2\/media?parent=16614"}],"wp:term":[{"taxonomy":"product_brand","embeddable":true,"href":"https:\/\/perfettohome.sk\/hu\/wp-json\/wp\/v2\/product_brand?post=16614"},{"taxonomy":"product_cat","embeddable":true,"href":"https:\/\/perfettohome.sk\/hu\/wp-json\/wp\/v2\/product_cat?post=16614"},{"taxonomy":"product_tag","embeddable":true,"href":"https:\/\/perfettohome.sk\/hu\/wp-json\/wp\/v2\/product_tag?post=16614"}],"curies":[{"name":"wp","href":"https:\/\/api.w.org\/{rel}","templated":true}]}}