{"id":16620,"date":"2025-04-02T18:04:45","date_gmt":"2025-04-02T16:04:45","guid":{"rendered":"https:\/\/perfettohome.sk\/produkt\/finish-mosogatogep-so-15kg\/"},"modified":"2026-03-27T08:42:46","modified_gmt":"2026-03-27T07:42:46","slug":"finish-mosogatogep-so-15kg","status":"publish","type":"product","link":"https:\/\/perfettohome.sk\/hu\/produkt\/finish-mosogatogep-so-15kg\/","title":{"rendered":"Finish &#8211; so\u013e do um\u00fdva\u010dky riadu 1,5kg"},"content":{"rendered":"<p>A Finish mosogat\u00f3g\u00e9p-s\u00f3t kifejezetten a mosogat\u00f3g\u00e9p teljes\u00edtm\u00e9ny\u00e9nek jav\u00edt\u00e1s\u00e1ra tervezt\u00e9k. Seg\u00edt megel\u0151zni a v\u00edzk\u0151lerak\u00f3d\u00e1st, \u00e9s optim\u00e1lis \u00e1llapotban tartja k\u00e9sz\u00fcl\u00e9k\u00e9t. A s\u00f3 kiv\u00e1l\u00f3 min\u0151s\u00e9g\u00e9nek k\u00f6sz\u00f6nhet\u0151en mosogat\u00f3g\u00e9pe hat\u00e9konyan m\u0171k\u00f6dik, n\u00f6veli a mos\u00e1si teljes\u00edtm\u00e9nyt \u00e9s meghosszabb\u00edtja a k\u00e9sz\u00fcl\u00e9k \u00e9lettartam\u00e1t.  <\/p>\n<p>Megakad\u00e1lyozza a v\u00edzk\u0151 k\u00e9pz\u0151d\u00e9s\u00e9t<br \/>\nJav\u00edtja a mosogat\u00f3g\u00e9p teljes\u00edtm\u00e9ny\u00e9t<br \/>\nJav\u00edtja a mos\u00e1s hat\u00e9konys\u00e1g\u00e1t<\/p>\n<p>A mosogat\u00f3g\u00e9p gy\u00e1rt\u00f3j\u00e1nak aj\u00e1nl\u00e1sai szerint haszn\u00e1lja. \u00d6ntse a mosogat\u00f3g\u00e9p s\u00f3adagol\u00f3j\u00e1ba, \u00e9s \u00e1ll\u00edtsa be a megfelel\u0151 adagol\u00e1st.<\/p>\n","protected":false},"excerpt":{"rendered":"<p>A Finish mosogat\u00f3g\u00e9p-s\u00f3t kifejezetten a mosogat\u00f3g\u00e9p teljes\u00edtm\u00e9ny\u00e9nek jav\u00edt\u00e1s\u00e1ra tervezt\u00e9k. Seg\u00edt megel\u0151zni a v\u00edzk\u0151lerak\u00f3d\u00e1st, \u00e9s optim\u00e1lis \u00e1llapotban tartja k\u00e9sz\u00fcl\u00e9k\u00e9t. A s\u00f3 kiv\u00e1l\u00f3 min\u0151s\u00e9g\u00e9nek k\u00f6sz\u00f6nhet\u0151en mosogat\u00f3g\u00e9pe hat\u00e9konyan m\u0171k\u00f6dik, n\u00f6veli a mos\u00e1si teljes\u00edtm\u00e9nyt \u00e9s meghosszabb\u00edtja a k\u00e9sz\u00fcl\u00e9k \u00e9lettartam\u00e1t. Megakad\u00e1lyozza a v\u00edzk\u0151 k\u00e9pz\u0151d\u00e9s\u00e9t Jav\u00edtja a mosogat\u00f3g\u00e9p teljes\u00edtm\u00e9ny\u00e9t Jav\u00edtja a mos\u00e1s hat\u00e9konys\u00e1g\u00e1t A mosogat\u00f3g\u00e9p gy\u00e1rt\u00f3j\u00e1nak aj\u00e1nl\u00e1sai szerint haszn\u00e1lja. \u00d6ntse a [&hellip;]<\/p>\n","protected":false},"featured_media":16622,"template":"","meta":[],"product_brand":[181],"product_cat":[310],"product_tag":[],"class_list":{"0":"post-16620","1":"product","2":"type-product","3":"status-publish","4":"has-post-thumbnail","6":"product_brand-finish","7":"product_cat-mosogatogepek","9":"first","10":"instock","11":"taxable","12":"shipping-taxable","13":"purchasable","14":"product-type-simple"},"_links":{"self":[{"href":"https:\/\/perfettohome.sk\/hu\/wp-json\/wp\/v2\/product\/16620","targetHints":{"allow":["GET"]}}],"collection":[{"href":"https:\/\/perfettohome.sk\/hu\/wp-json\/wp\/v2\/product"}],"about":[{"href":"https:\/\/perfettohome.sk\/hu\/wp-json\/wp\/v2\/types\/product"}],"wp:featuredmedia":[{"embeddable":true,"href":"https:\/\/perfettohome.sk\/hu\/wp-json\/wp\/v2\/media\/16622"}],"wp:attachment":[{"href":"https:\/\/perfettohome.sk\/hu\/wp-json\/wp\/v2\/media?parent=16620"}],"wp:term":[{"taxonomy":"product_brand","embeddable":true,"href":"https:\/\/perfettohome.sk\/hu\/wp-json\/wp\/v2\/product_brand?post=16620"},{"taxonomy":"product_cat","embeddable":true,"href":"https:\/\/perfettohome.sk\/hu\/wp-json\/wp\/v2\/product_cat?post=16620"},{"taxonomy":"product_tag","embeddable":true,"href":"https:\/\/perfettohome.sk\/hu\/wp-json\/wp\/v2\/product_tag?post=16620"}],"curies":[{"name":"wp","href":"https:\/\/api.w.org\/{rel}","templated":true}]}}