{"id":16625,"date":"2025-04-02T18:03:13","date_gmt":"2025-04-02T16:03:13","guid":{"rendered":"https:\/\/perfettohome.sk\/produkt\/old-spice-tusfurdo-400ml-3in1-medvecukorka\/"},"modified":"2025-12-13T11:36:39","modified_gmt":"2025-12-13T10:36:39","slug":"old-spice-tusfurdo-400ml-3in1-medvecukorka","status":"publish","type":"product","link":"https:\/\/perfettohome.sk\/hu\/produkt\/old-spice-tusfurdo-400ml-3in1-medvecukorka\/","title":{"rendered":"Old Spice &#8211; tusf\u00fcrd\u0151 400ml &#8211; 3in1 Bearglove"},"content":{"rendered":"<p>Az Old Spice Bearglove 3in1 sampon, tusf\u00fcrd\u0151 \u00e9s borotvag\u00e9l egyben. Ez a term\u00e9k teljes k\u00f6r\u0171 \u00e1pol\u00e1st biztos\u00edt a test, a haj \u00e9s az arc sz\u00e1m\u00e1ra. Intenz\u00edv, f\u00e1s \u00e9s f\u0171szeres illat\u00e1val, amely magabiztoss\u00e1got \u00e9s energi\u00e1t ad eg\u00e9sz napra. K\u00e9nyelmes m\u00f3dja annak, hogy minden ig\u00e9nyedr\u0151l egy l\u00e9p\u00e9sben gondoskodj.   <\/p>\n<p>3 az 1-ben &#8211; sampon, tusf\u00fcrd\u0151 \u00e9s borotvag\u00e9l<br \/>\nIntenz\u00edv, f\u00e1s, f\u0171szeres Bearglove illat<br \/>\nHat\u00e9kony tiszt\u00edt\u00f3 \u00e9s friss\u00edt\u0151 hat\u00e1s\u00fa.<\/p>\n<p>Alkalmaz\u00e1s: Alkalmazza a nedves b\u0151rre, hajra vagy arcra, gyeng\u00e9den habos\u00edtsa fel \u00e9s \u00f6bl\u00edtse le.<\/p>\n","protected":false},"excerpt":{"rendered":"<p>Az Old Spice Bearglove 3in1 sampon, tusf\u00fcrd\u0151 \u00e9s borotvag\u00e9l egyben. Ez a term\u00e9k teljes k\u00f6r\u0171 \u00e1pol\u00e1st biztos\u00edt a test, a haj \u00e9s az arc sz\u00e1m\u00e1ra. Intenz\u00edv, f\u00e1s \u00e9s f\u0171szeres illat\u00e1val, amely magabiztoss\u00e1got \u00e9s energi\u00e1t ad eg\u00e9sz napra. K\u00e9nyelmes m\u00f3dja annak, hogy minden ig\u00e9nyedr\u0151l egy l\u00e9p\u00e9sben gondoskodj. 3 az 1-ben &#8211; sampon, tusf\u00fcrd\u0151 \u00e9s borotvag\u00e9l Intenz\u00edv, [&hellip;]<\/p>\n","protected":false},"featured_media":10484,"template":"","meta":[],"product_brand":[202],"product_cat":[329],"product_tag":[],"class_list":{"0":"post-16625","1":"product","2":"type-product","3":"status-publish","4":"has-post-thumbnail","6":"product_brand-old-spice","7":"product_cat-zuhanyzselek","9":"first","10":"instock","11":"taxable","12":"shipping-taxable","13":"purchasable","14":"product-type-simple"},"_links":{"self":[{"href":"https:\/\/perfettohome.sk\/hu\/wp-json\/wp\/v2\/product\/16625","targetHints":{"allow":["GET"]}}],"collection":[{"href":"https:\/\/perfettohome.sk\/hu\/wp-json\/wp\/v2\/product"}],"about":[{"href":"https:\/\/perfettohome.sk\/hu\/wp-json\/wp\/v2\/types\/product"}],"wp:featuredmedia":[{"embeddable":true,"href":"https:\/\/perfettohome.sk\/hu\/wp-json\/wp\/v2\/media\/10484"}],"wp:attachment":[{"href":"https:\/\/perfettohome.sk\/hu\/wp-json\/wp\/v2\/media?parent=16625"}],"wp:term":[{"taxonomy":"product_brand","embeddable":true,"href":"https:\/\/perfettohome.sk\/hu\/wp-json\/wp\/v2\/product_brand?post=16625"},{"taxonomy":"product_cat","embeddable":true,"href":"https:\/\/perfettohome.sk\/hu\/wp-json\/wp\/v2\/product_cat?post=16625"},{"taxonomy":"product_tag","embeddable":true,"href":"https:\/\/perfettohome.sk\/hu\/wp-json\/wp\/v2\/product_tag?post=16625"}],"curies":[{"name":"wp","href":"https:\/\/api.w.org\/{rel}","templated":true}]}}