{"id":16632,"date":"2025-04-02T18:10:36","date_gmt":"2025-04-02T16:10:36","guid":{"rendered":"https:\/\/perfettohome.sk\/produkt\/naturella-betetek-ultra-night-7db\/"},"modified":"2025-04-02T18:10:36","modified_gmt":"2025-04-02T16:10:36","slug":"naturella-betetek-ultra-night-7db","status":"publish","type":"product","link":"https:\/\/perfettohome.sk\/hu\/produkt\/naturella-betetek-ultra-night-7db\/","title":{"rendered":"Naturella bet\u00e9tek &#8211; Ultra Night 7db"},"content":{"rendered":"<p>A Naturella Ultra Night bet\u00e9tek ide\u00e1lis v\u00e1laszt\u00e1s az \u00e9jszakai \u00f3r\u00e1k alatti v\u00e9delemhez. Ezeket a bet\u00e9teket kifejezetten \u00fagy tervezt\u00e9k, hogy hosszan tart\u00f3 v\u00e9delmet \u00e9s k\u00e9nyelmet ny\u00fajtsanak az \u00e9jszaka folyam\u00e1n. A bet\u00e9tek magas felsz\u00edv\u00f3d\u00e1si technol\u00f3gi\u00e1val \u00e9s term\u00e9szetes kamillakivonattal rendelkeznek, hogy \u00e1polj\u00e1k a b\u0151r\u00e9t \u00e9s friss \u00e9rz\u00e9st hagyjanak. Sz\u00e9lesebb kialak\u00edt\u00e1suk az alv\u00e1si mozg\u00e1sok sor\u00e1n is v\u00e9delmet ny\u00fajt, hogy biztons\u00e1gban \u00e9s sz\u00e1razon \u00e9rezze mag\u00e1t.   <\/p>\n<p>Maxim\u00e1lis v\u00e9delem az \u00e9jszaka folyam\u00e1n<br \/>\nTerm\u00e9szetes kamillakivonattal<br \/>\nSz\u00e9les kialak\u00edt\u00e1s a k\u00e9nyelmes illeszked\u00e9s\u00e9rt<br \/>\nMagas abszorpci\u00f3 \u00e9s t\u00falfoly\u00e1s elleni v\u00e9delem<\/p>\n<p>Haszn\u00e1lat: Haszn\u00e1lja a bet\u00e9tet lefekv\u00e9s el\u0151tt, \u00e9s sz\u00fcks\u00e9g szerint cser\u00e9lje ki az \u00e9jszaka folyam\u00e1n.<\/p>\n","protected":false},"excerpt":{"rendered":"<p>A Naturella Ultra Night bet\u00e9tek ide\u00e1lis v\u00e1laszt\u00e1s az \u00e9jszakai \u00f3r\u00e1k alatti v\u00e9delemhez. Ezeket a bet\u00e9teket kifejezetten \u00fagy tervezt\u00e9k, hogy hosszan tart\u00f3 v\u00e9delmet \u00e9s k\u00e9nyelmet ny\u00fajtsanak az \u00e9jszaka folyam\u00e1n. A bet\u00e9tek magas felsz\u00edv\u00f3d\u00e1si technol\u00f3gi\u00e1val \u00e9s term\u00e9szetes kamillakivonattal rendelkeznek, hogy \u00e1polj\u00e1k a b\u0151r\u00e9t \u00e9s friss \u00e9rz\u00e9st hagyjanak. Sz\u00e9lesebb kialak\u00edt\u00e1suk az alv\u00e1si mozg\u00e1sok sor\u00e1n is v\u00e9delmet ny\u00fajt, hogy [&hellip;]<\/p>\n","protected":false},"featured_media":16634,"template":"","meta":[],"product_brand":[204],"product_cat":[304],"product_tag":[],"class_list":{"0":"post-16632","1":"product","2":"type-product","3":"status-publish","4":"has-post-thumbnail","6":"product_brand-naturella","7":"product_cat-intim-higienia","9":"first","10":"outofstock","11":"taxable","12":"shipping-taxable","13":"purchasable","14":"product-type-simple"},"_links":{"self":[{"href":"https:\/\/perfettohome.sk\/hu\/wp-json\/wp\/v2\/product\/16632","targetHints":{"allow":["GET"]}}],"collection":[{"href":"https:\/\/perfettohome.sk\/hu\/wp-json\/wp\/v2\/product"}],"about":[{"href":"https:\/\/perfettohome.sk\/hu\/wp-json\/wp\/v2\/types\/product"}],"wp:featuredmedia":[{"embeddable":true,"href":"https:\/\/perfettohome.sk\/hu\/wp-json\/wp\/v2\/media\/16634"}],"wp:attachment":[{"href":"https:\/\/perfettohome.sk\/hu\/wp-json\/wp\/v2\/media?parent=16632"}],"wp:term":[{"taxonomy":"product_brand","embeddable":true,"href":"https:\/\/perfettohome.sk\/hu\/wp-json\/wp\/v2\/product_brand?post=16632"},{"taxonomy":"product_cat","embeddable":true,"href":"https:\/\/perfettohome.sk\/hu\/wp-json\/wp\/v2\/product_cat?post=16632"},{"taxonomy":"product_tag","embeddable":true,"href":"https:\/\/perfettohome.sk\/hu\/wp-json\/wp\/v2\/product_tag?post=16632"}],"curies":[{"name":"wp","href":"https:\/\/api.w.org\/{rel}","templated":true}]}}