{"id":16636,"date":"2025-03-29T20:10:49","date_gmt":"2025-03-29T19:10:49","guid":{"rendered":"https:\/\/perfettohome.sk\/produkt\/colgate-fogkrem-triple-action-75ml\/"},"modified":"2025-03-29T20:10:49","modified_gmt":"2025-03-29T19:10:49","slug":"colgate-fogkrem-triple-action-75ml","status":"publish","type":"product","link":"https:\/\/perfettohome.sk\/hu\/produkt\/colgate-fogkrem-triple-action-75ml\/","title":{"rendered":"Colgate fogkr\u00e9m &#8211; Triple Action 75ml"},"content":{"rendered":"<p>A Colgate Triple Action h\u00e1romszoros v\u00e9delmet ny\u00fajt az eg\u00e9szs\u00e9ges, friss mosoly\u00e9rt. Speci\u00e1lis formul\u00e1j\u00e1nak k\u00f6sz\u00f6nhet\u0151en seg\u00edt a fogszuvasod\u00e1s elleni k\u00fczdelemben, a friss lehelet fenntart\u00e1s\u00e1ban \u00e9s a fogak er\u0151s\u00edt\u00e9s\u00e9ben. A fluorid er\u0151s\u00edti a fogzom\u00e1ncot, m\u00edg a tiszt\u00edt\u00f3 \u00f6sszetev\u0151k elt\u00e1vol\u00edtj\u00e1k a felsz\u00edni szennyez\u0151d\u00e9seket \u00e9s hosszan tart\u00f3 tisztas\u00e1g\u00e9rzetet hagynak maguk ut\u00e1n.  <\/p>\n<p>H\u00e1romszoros v\u00e9delem: szuvasod\u00e1s ellen, a friss lehelet\u00e9rt \u00e9s az er\u0151s fogak\u00e9rt<br \/>\nFluoridot tartalmaz a fogzom\u00e1nc er\u0151s\u00edt\u00e9se \u00e9rdek\u00e9ben<br \/>\nSeg\u00edt elt\u00e1vol\u00edtani a fel\u00fcleti szennyez\u0151d\u00e9seket a ragyog\u00f3bb mosoly\u00e9rt<br \/>\nT\u00e9rfogat: 75 ml<\/p>\n<p>Alkalmaz\u00e1s: A fogkef\u00e9re egy kis mennyis\u00e9g\u0171 fogkr\u00e9met kenjen, mosson fogat naponta k\u00e9tszer legal\u00e1bb 2 percig.<\/p>\n","protected":false},"excerpt":{"rendered":"<p>A Colgate Triple Action h\u00e1romszoros v\u00e9delmet ny\u00fajt az eg\u00e9szs\u00e9ges, friss mosoly\u00e9rt. Speci\u00e1lis formul\u00e1j\u00e1nak k\u00f6sz\u00f6nhet\u0151en seg\u00edt a fogszuvasod\u00e1s elleni k\u00fczdelemben, a friss lehelet fenntart\u00e1s\u00e1ban \u00e9s a fogak er\u0151s\u00edt\u00e9s\u00e9ben. A fluorid er\u0151s\u00edti a fogzom\u00e1ncot, m\u00edg a tiszt\u00edt\u00f3 \u00f6sszetev\u0151k elt\u00e1vol\u00edtj\u00e1k a felsz\u00edni szennyez\u0151d\u00e9seket \u00e9s hosszan tart\u00f3 tisztas\u00e1g\u00e9rzetet hagynak maguk ut\u00e1n. H\u00e1romszoros v\u00e9delem: szuvasod\u00e1s ellen, a friss lehelet\u00e9rt \u00e9s [&hellip;]<\/p>\n","protected":false},"featured_media":16638,"template":"","meta":[],"product_brand":[190],"product_cat":[335],"product_tag":[],"class_list":{"0":"post-16636","1":"product","2":"type-product","3":"status-publish","4":"has-post-thumbnail","6":"product_brand-colgate","7":"product_cat-foghigienia","9":"first","10":"outofstock","11":"taxable","12":"shipping-taxable","13":"purchasable","14":"product-type-simple"},"_links":{"self":[{"href":"https:\/\/perfettohome.sk\/hu\/wp-json\/wp\/v2\/product\/16636","targetHints":{"allow":["GET"]}}],"collection":[{"href":"https:\/\/perfettohome.sk\/hu\/wp-json\/wp\/v2\/product"}],"about":[{"href":"https:\/\/perfettohome.sk\/hu\/wp-json\/wp\/v2\/types\/product"}],"wp:featuredmedia":[{"embeddable":true,"href":"https:\/\/perfettohome.sk\/hu\/wp-json\/wp\/v2\/media\/16638"}],"wp:attachment":[{"href":"https:\/\/perfettohome.sk\/hu\/wp-json\/wp\/v2\/media?parent=16636"}],"wp:term":[{"taxonomy":"product_brand","embeddable":true,"href":"https:\/\/perfettohome.sk\/hu\/wp-json\/wp\/v2\/product_brand?post=16636"},{"taxonomy":"product_cat","embeddable":true,"href":"https:\/\/perfettohome.sk\/hu\/wp-json\/wp\/v2\/product_cat?post=16636"},{"taxonomy":"product_tag","embeddable":true,"href":"https:\/\/perfettohome.sk\/hu\/wp-json\/wp\/v2\/product_tag?post=16636"}],"curies":[{"name":"wp","href":"https:\/\/api.w.org\/{rel}","templated":true}]}}