{"id":16641,"date":"2025-03-30T18:51:23","date_gmt":"2025-03-30T16:51:23","guid":{"rendered":"https:\/\/perfettohome.sk\/produkt\/old-spice-tusfurdo-400ml-3in1-kapitany\/"},"modified":"2025-12-13T11:31:44","modified_gmt":"2025-12-13T10:31:44","slug":"old-spice-tusfurdo-400ml-3in1-kapitany","status":"publish","type":"product","link":"https:\/\/perfettohome.sk\/hu\/produkt\/old-spice-tusfurdo-400ml-3in1-kapitany\/","title":{"rendered":"Old Spice &#8211; tusf\u00fcrd\u0151 400ml &#8211; 3in1 Captain"},"content":{"rendered":"<p>Az Old Spice Captain 3in1 sampon, tusf\u00fcrd\u0151 \u00e9s borotvag\u00e9l egyben. Ez a sokoldal\u00fa term\u00e9k teljes k\u00f6r\u0171 \u00e1pol\u00e1st biztos\u00edt a test, a haj \u00e9s az arc sz\u00e1m\u00e1ra. F\u00e9rfias \u00e9s friss illata eg\u00e9sz napra energi\u00e1t \u00e9s magabiztoss\u00e1got ad. K\u00f6nnyen haszn\u00e1lhat\u00f3 a gyors \u00e9s hat\u00e9kony felfriss\u00fcl\u00e9shez.   <\/p>\n<p>3 az 1-ben &#8211; sampon, tusf\u00fcrd\u0151 \u00e9s borotvag\u00e9l<br \/>\nFriss \u00e9s f\u00e9rfias illat Kapit\u00e1ny<br \/>\nHat\u00e9kony tiszt\u00edt\u00e1s \u00e9s friss\u00edt\u00e9s.<\/p>\n<p>Alkalmaz\u00e1s: Alkalmazza a nedves b\u0151rre, hajra vagy arcra, gyeng\u00e9den habos\u00edtsa fel \u00e9s \u00f6bl\u00edtse le.<\/p>\n","protected":false},"excerpt":{"rendered":"<p>Az Old Spice Captain 3in1 sampon, tusf\u00fcrd\u0151 \u00e9s borotvag\u00e9l egyben. Ez a sokoldal\u00fa term\u00e9k teljes k\u00f6r\u0171 \u00e1pol\u00e1st biztos\u00edt a test, a haj \u00e9s az arc sz\u00e1m\u00e1ra. F\u00e9rfias \u00e9s friss illata eg\u00e9sz napra energi\u00e1t \u00e9s magabiztoss\u00e1got ad. K\u00f6nnyen haszn\u00e1lhat\u00f3 a gyors \u00e9s hat\u00e9kony felfriss\u00fcl\u00e9shez. 3 az 1-ben &#8211; sampon, tusf\u00fcrd\u0151 \u00e9s borotvag\u00e9l Friss \u00e9s f\u00e9rfias illat [&hellip;]<\/p>\n","protected":false},"featured_media":16643,"template":"","meta":[],"product_brand":[202],"product_cat":[329],"product_tag":[],"class_list":{"0":"post-16641","1":"product","2":"type-product","3":"status-publish","4":"has-post-thumbnail","6":"product_brand-old-spice","7":"product_cat-zuhanyzselek","9":"first","10":"instock","11":"taxable","12":"shipping-taxable","13":"purchasable","14":"product-type-simple"},"_links":{"self":[{"href":"https:\/\/perfettohome.sk\/hu\/wp-json\/wp\/v2\/product\/16641","targetHints":{"allow":["GET"]}}],"collection":[{"href":"https:\/\/perfettohome.sk\/hu\/wp-json\/wp\/v2\/product"}],"about":[{"href":"https:\/\/perfettohome.sk\/hu\/wp-json\/wp\/v2\/types\/product"}],"wp:featuredmedia":[{"embeddable":true,"href":"https:\/\/perfettohome.sk\/hu\/wp-json\/wp\/v2\/media\/16643"}],"wp:attachment":[{"href":"https:\/\/perfettohome.sk\/hu\/wp-json\/wp\/v2\/media?parent=16641"}],"wp:term":[{"taxonomy":"product_brand","embeddable":true,"href":"https:\/\/perfettohome.sk\/hu\/wp-json\/wp\/v2\/product_brand?post=16641"},{"taxonomy":"product_cat","embeddable":true,"href":"https:\/\/perfettohome.sk\/hu\/wp-json\/wp\/v2\/product_cat?post=16641"},{"taxonomy":"product_tag","embeddable":true,"href":"https:\/\/perfettohome.sk\/hu\/wp-json\/wp\/v2\/product_tag?post=16641"}],"curies":[{"name":"wp","href":"https:\/\/api.w.org\/{rel}","templated":true}]}}