{"id":16700,"date":"2025-03-29T16:52:45","date_gmt":"2025-03-29T15:52:45","guid":{"rendered":"https:\/\/perfettohome.sk\/produkt\/finish-mosogatogep-kapszula-citrom-72db\/"},"modified":"2025-03-29T16:52:45","modified_gmt":"2025-03-29T15:52:45","slug":"finish-mosogatogep-kapszula-citrom-72db","status":"publish","type":"product","link":"https:\/\/perfettohome.sk\/hu\/produkt\/finish-mosogatogep-kapszula-citrom-72db\/","title":{"rendered":"Finish &#8211; Mosogat\u00f3g\u00e9p kapszula &#8211; Citrom 72db"},"content":{"rendered":"<p>Mosogat\u00f3g\u00e9p kapszula Finish Lemon 72db<\/p>\n<p>A Finish mosogat\u00f3g\u00e9p-tablett\u00e1k biztos\u00edtj\u00e1k a zs\u00edr, az \u00e9telmarad\u00e9kok \u00e9s a makacs szennyez\u0151d\u00e9sek hat\u00e9kony elt\u00e1vol\u00edt\u00e1s\u00e1t. Speci\u00e1lis formul\u00e1juk megv\u00e9di az \u00fcveget \u00e9s a rozsdamentes ac\u00e9lt a v\u00edzk\u0151lerak\u00f3d\u00e1st\u00f3l, \u00e9s az ed\u00e9nyeket tiszt\u00e1v\u00e1 \u00e9s f\u00e9nyess\u00e9 teszi. <\/p>\n<p>Alapos tiszt\u00edt\u00e1s m\u00e9g alacsony h\u0151m\u00e9rs\u00e9kleten is<br \/>\nAz \u00fcveg \u00e9s a rozsdamentes ac\u00e9l v\u00e9delme a mattod\u00e1s ellen<br \/>\nCs\u00edkmentes f\u00e9nyess\u00e9g az \u00f6bl\u00edt\u0151 funkci\u00f3nak k\u00f6sz\u00f6nhet\u0151en<br \/>\nOld\u00f3d\u00f3 film &#8211; nincs sz\u00fcks\u00e9g a kicsomagol\u00e1sra.<\/p>\n<p>Minden t\u00edpus\u00fa mosogat\u00f3g\u00e9phez alkalmas. Az optim\u00e1lis eredm\u00e9ny \u00e9rdek\u00e9ben aj\u00e1nlott s\u00f3val \u00e9s mosogat\u00f3g\u00e9p-pol\u00edroz\u00f3val kombin\u00e1lni. <\/p>\n<p>Csomagol\u00e1s: 72 db<\/p>\n","protected":false},"excerpt":{"rendered":"<p>Mosogat\u00f3g\u00e9p kapszula Finish Lemon 72db A Finish mosogat\u00f3g\u00e9p-tablett\u00e1k biztos\u00edtj\u00e1k a zs\u00edr, az \u00e9telmarad\u00e9kok \u00e9s a makacs szennyez\u0151d\u00e9sek hat\u00e9kony elt\u00e1vol\u00edt\u00e1s\u00e1t. Speci\u00e1lis formul\u00e1juk megv\u00e9di az \u00fcveget \u00e9s a rozsdamentes ac\u00e9lt a v\u00edzk\u0151lerak\u00f3d\u00e1st\u00f3l, \u00e9s az ed\u00e9nyeket tiszt\u00e1v\u00e1 \u00e9s f\u00e9nyess\u00e9 teszi. Alapos tiszt\u00edt\u00e1s m\u00e9g alacsony h\u0151m\u00e9rs\u00e9kleten is Az \u00fcveg \u00e9s a rozsdamentes ac\u00e9l v\u00e9delme a mattod\u00e1s ellen Cs\u00edkmentes f\u00e9nyess\u00e9g [&hellip;]<\/p>\n","protected":false},"featured_media":16702,"template":"","meta":[],"product_brand":[181],"product_cat":[310],"product_tag":[],"class_list":{"0":"post-16700","1":"product","2":"type-product","3":"status-publish","4":"has-post-thumbnail","6":"product_brand-finish","7":"product_cat-mosogatogepek","9":"first","10":"outofstock","11":"taxable","12":"shipping-taxable","13":"purchasable","14":"product-type-simple"},"_links":{"self":[{"href":"https:\/\/perfettohome.sk\/hu\/wp-json\/wp\/v2\/product\/16700","targetHints":{"allow":["GET"]}}],"collection":[{"href":"https:\/\/perfettohome.sk\/hu\/wp-json\/wp\/v2\/product"}],"about":[{"href":"https:\/\/perfettohome.sk\/hu\/wp-json\/wp\/v2\/types\/product"}],"wp:featuredmedia":[{"embeddable":true,"href":"https:\/\/perfettohome.sk\/hu\/wp-json\/wp\/v2\/media\/16702"}],"wp:attachment":[{"href":"https:\/\/perfettohome.sk\/hu\/wp-json\/wp\/v2\/media?parent=16700"}],"wp:term":[{"taxonomy":"product_brand","embeddable":true,"href":"https:\/\/perfettohome.sk\/hu\/wp-json\/wp\/v2\/product_brand?post=16700"},{"taxonomy":"product_cat","embeddable":true,"href":"https:\/\/perfettohome.sk\/hu\/wp-json\/wp\/v2\/product_cat?post=16700"},{"taxonomy":"product_tag","embeddable":true,"href":"https:\/\/perfettohome.sk\/hu\/wp-json\/wp\/v2\/product_tag?post=16700"}],"curies":[{"name":"wp","href":"https:\/\/api.w.org\/{rel}","templated":true}]}}