{"id":16705,"date":"2025-04-09T10:24:00","date_gmt":"2025-04-09T08:24:00","guid":{"rendered":"https:\/\/perfettohome.sk\/produkt\/ajax-1l-charcoal-lime-boost\/"},"modified":"2025-04-09T10:24:00","modified_gmt":"2025-04-09T08:24:00","slug":"ajax-1l-charcoal-lime-boost","status":"publish","type":"product","link":"https:\/\/perfettohome.sk\/hu\/produkt\/ajax-1l-charcoal-lime-boost\/","title":{"rendered":"Ajax 1L &#8211; Charcoal Lime Boost"},"content":{"rendered":"<p>Az Ajax Charcoal Lime Boost \u00e1ltal\u00e1nos tiszt\u00edt\u00f3szer m\u00e9lyen tiszt\u00edt, elt\u00e1vol\u00edtja a szennyez\u0151d\u00e9seket \u00e9s a zs\u00edrfoltokat, \u00e9s er\u0151teljes formul\u00e1j\u00e1nak k\u00f6sz\u00f6nhet\u0151en friss citrus illatot hagy maga ut\u00e1n. A fasz\u00e9n term\u00e9szetes tiszt\u00edt\u00f3ereje seg\u00edt elt\u00e1vol\u00edtani a makacs foltokat, m\u00edg a lime frissess\u00e9get k\u00f6lcs\u00f6n\u00f6z otthon\u00e1nak. K\u00fcl\u00f6nb\u00f6z\u0151 fel\u00fcletekhez alkalmas \u00e9s ragyog\u00f3 tisztas\u00e1got biztos\u00edt.  <\/p>\n<p>Szenet \u00e9s meszet tartalmaz a hat\u00e9kony tiszt\u00edt\u00e1s \u00e9rdek\u00e9ben<br \/>\nM\u00e9lytiszt\u00edt \u00e9s elt\u00e1vol\u00edtja a zs\u00edrt \u00e9s a szennyez\u0151d\u00e9seket<br \/>\nFriss citrus illat<br \/>\nK\u00fcl\u00f6nb\u00f6z\u0151 fel\u00fcletekhez alkalmas<br \/>\nT\u00e9rfogat: 1L<\/p>\n","protected":false},"excerpt":{"rendered":"<p>Az Ajax Charcoal Lime Boost \u00e1ltal\u00e1nos tiszt\u00edt\u00f3szer m\u00e9lyen tiszt\u00edt, elt\u00e1vol\u00edtja a szennyez\u0151d\u00e9seket \u00e9s a zs\u00edrfoltokat, \u00e9s er\u0151teljes formul\u00e1j\u00e1nak k\u00f6sz\u00f6nhet\u0151en friss citrus illatot hagy maga ut\u00e1n. A fasz\u00e9n term\u00e9szetes tiszt\u00edt\u00f3ereje seg\u00edt elt\u00e1vol\u00edtani a makacs foltokat, m\u00edg a lime frissess\u00e9get k\u00f6lcs\u00f6n\u00f6z otthon\u00e1nak. K\u00fcl\u00f6nb\u00f6z\u0151 fel\u00fcletekhez alkalmas \u00e9s ragyog\u00f3 tisztas\u00e1got biztos\u00edt. Szenet \u00e9s meszet tartalmaz a hat\u00e9kony tiszt\u00edt\u00e1s \u00e9rdek\u00e9ben [&hellip;]<\/p>\n","protected":false},"featured_media":11490,"template":"","meta":[],"product_brand":[182],"product_cat":[296],"product_tag":[],"class_list":{"0":"post-16705","1":"product","2":"type-product","3":"status-publish","4":"has-post-thumbnail","6":"product_brand-ajax","7":"product_cat-egyeb","9":"first","10":"outofstock","11":"taxable","12":"shipping-taxable","13":"purchasable","14":"product-type-simple"},"_links":{"self":[{"href":"https:\/\/perfettohome.sk\/hu\/wp-json\/wp\/v2\/product\/16705","targetHints":{"allow":["GET"]}}],"collection":[{"href":"https:\/\/perfettohome.sk\/hu\/wp-json\/wp\/v2\/product"}],"about":[{"href":"https:\/\/perfettohome.sk\/hu\/wp-json\/wp\/v2\/types\/product"}],"wp:featuredmedia":[{"embeddable":true,"href":"https:\/\/perfettohome.sk\/hu\/wp-json\/wp\/v2\/media\/11490"}],"wp:attachment":[{"href":"https:\/\/perfettohome.sk\/hu\/wp-json\/wp\/v2\/media?parent=16705"}],"wp:term":[{"taxonomy":"product_brand","embeddable":true,"href":"https:\/\/perfettohome.sk\/hu\/wp-json\/wp\/v2\/product_brand?post=16705"},{"taxonomy":"product_cat","embeddable":true,"href":"https:\/\/perfettohome.sk\/hu\/wp-json\/wp\/v2\/product_cat?post=16705"},{"taxonomy":"product_tag","embeddable":true,"href":"https:\/\/perfettohome.sk\/hu\/wp-json\/wp\/v2\/product_tag?post=16705"}],"curies":[{"name":"wp","href":"https:\/\/api.w.org\/{rel}","templated":true}]}}